{"id":37225,"date":"2021-02-21T16:32:51","date_gmt":"2021-02-21T16:32:51","guid":{"rendered":"https:\/\/www.autonvaraosahaku.fi\/?product=maxgear-21-0360-oljyn-lampotila-anturi"},"modified":"2021-02-21T16:32:53","modified_gmt":"2021-02-21T16:32:53","slug":"maxgear-21-0360-oljyn-lampotila-anturi","status":"publish","type":"product","link":"https:\/\/www.autonvaraosahaku.fi\/?product=maxgear-21-0360-oljyn-lampotila-anturi","title":{"rendered":"MAXGEAR 21-0360 \u00d6ljyn l\u00e4mp\u00f6tila anturi"},"content":{"rendered":"<p>JEEP: GRAND CHEROKEE III WH, WK,COMMANDER XK; KIA: SORENTO I JC,PICANTO BA,SPORTAGE SL,CEE&#8217;D SW ED,CEE&#8217;D Schr\u00e4gheck ED,SPORTAGE JE_, KM_,VENGA YN,CARENS II FJ,RIO II JB,CEE&#8217;D JD,CARENS III UN,PICANTO TA,CEE`D Sportswagon JD,PRO CEE&#8217;D ED,SOUL AM,CERATO LD,MAGENTIS GD,MAGENTIS MG,PRO CEE\u00b4D JD,OPIRUS GH,CERATO Stufenheck LD,RIO II Stufenheck JB,CARENS I FC,PREGIO Kasten TB,PREGIO Bus,K2500 SD,SOUL II PS; HYUNDAI: ix35 LM, EL, ELH,i30 FD,GETZ TB,i10 PA,i20 PB, PBT,TUCSON JM,i30 CW FD,SANTA F\u00c9 I SM,SANTA F\u00c9 II CM,i30 GD,ix20 JC,MATRIX FC,COUPE GK,H-1 Travel TQ,ATOS MX,TRAJET FO,SONATA V NF,SANTA F\u00c9 III DM,SONATA IV EF,GENESIS Coupe,ACCENT II LC,COUPE RD,H-1 Kasten,H-1 Cargo TQ,ACCENT III MC,H-1 \/ STAREX,ELANTRA XD,ACCENT III Stufenheck MC,ELANTRA Stufenheck XD,ACCENT I X-3,ACCENT II Stufenheck LC,GRANDEUR TG,XG XG,ACCENT Stufenheck X-3,i10 IA,i20 GB,SONATA VI YF,ACCENT IV Stufenheck RB; MERCEDES-BENZ: C-CLASS W203,E-CLASS W211,C-CLASS W204,A-CLASS W169,B-CLASS W245,C-CLASS T-Model S204,C-CLASS T-Model S203,C-CLASS W202,E-CLASS T-Model S211,SLK R170,E-CLASS W210,E-CLASS W212,VIANO W639,B-CLASS W246, W242,M-CLASS W164,C-CLASS Coupe CL203,M-CLASS W163,E-CLASS T-Model S212,GLK-CLASS X204,E-CLASS Kombi S210,VITO Bus W639,CLK C208,A-CLASS W176,SL R129,CLK C209,C-CLASS Kombi S202,S-CLASS W220,VITO \/ MIXTO Kasten W639,SPRINTER 3,5-t Kasten 906,S-CLASS W221,CLS C219,SL R230,R-CLASS W251, V251,M-CLASS W166,G-CLASS W463,VITO Bus 638,E-CLASS Coupe C207,CLK Cabriolet A208,CLK Cabriolet A209,CLA Coupe C117,S-CLASS W140,C-CLASS Coupe C204,SPRINTER 3-t Kasten 903,SPRINTER 3,5-t Bus 906,SPRINTER 2-t Bus 901, 902,SPRINTER 3-t Kasten 906,SLK R172,V-CLASS 638\/2,E-CLASS Cabriolet A207,CLC-CLASS CL203,GL-CLASS X164,G-CLASS W461,SPRINTER 2-t Kasten 901, 902,SPRINTER 3-t Bus 903,CLS C218,SPRINTER 3,5-t Pritsche\/Fahrgestell 906,SPRINTER 3-t Pritsche\/Fahrgestell 903,S-CLASS C; CHRYSLER: PT CRUISER PT_,300 C Touring LX,300 C LX; SMART: FORTWO Coupe 451,FORFOUR 454,FORTWO Cabrio 451; 3922038020, 3922038030, 3923026700, K05103534AA, K05103534AB, K68057477AA, 3922038020, 3922038030, 3923026700, A0005426218, A0051532328, A0051536328, MN960190, A0051532328, A0051536328; Tunnistin, \u00d6ljyl\u00e4mp\u00f6tila<\/p>\n","protected":false},"excerpt":{"rendered":"<p>MAXGEAR \u00d6ljyn L\u00e4mp\u00f6tila Anturi 21-0360 Tunnistin, \u00d6ljyl\u00e4mp\u00f6tila JEEP,KIA,HYUNDAI,GRAND CHEROKEE III WH, WK,COMMANDER XK,SORENTO I JC,PICANTO BA<\/p>\n","protected":false},"featured_media":0,"template":"","meta":{"site-sidebar-layout":"default","site-content-layout":"default","ast-global-header-display":"","ast-main-header-display":"","ast-hfb-above-header-display":"","ast-hfb-below-header-display":"","ast-hfb-mobile-header-display":"","site-post-title":"","ast-breadcrumbs-content":"","ast-featured-img":"","footer-sml-layout":"","theme-transparent-header-meta":"","adv-header-id-meta":"","stick-header-meta":"","header-above-stick-meta":"","header-main-stick-meta":"","header-below-stick-meta":""},"pwb-brand":[48],"product_cat":[275],"product_tag":[],"class_list":{"0":"post-37225","1":"product","2":"type-product","3":"status-publish","5":"pwb-brand-maxgear","6":"product_cat-oljyn-lampotila-anturi","7":"desktop-align-left","8":"tablet-align-left","9":"mobile-align-left","11":"first","12":"instock","13":"product-type-external"},"brands":[{"id":48,"name":"MAXGEAR","slug":"maxgear"}],"_links":{"self":[{"href":"https:\/\/www.autonvaraosahaku.fi\/index.php?rest_route=\/wp\/v2\/product\/37225","targetHints":{"allow":["GET"]}}],"collection":[{"href":"https:\/\/www.autonvaraosahaku.fi\/index.php?rest_route=\/wp\/v2\/product"}],"about":[{"href":"https:\/\/www.autonvaraosahaku.fi\/index.php?rest_route=\/wp\/v2\/types\/product"}],"wp:attachment":[{"href":"https:\/\/www.autonvaraosahaku.fi\/index.php?rest_route=%2Fwp%2Fv2%2Fmedia&parent=37225"}],"wp:term":[{"taxonomy":"pwb-brand","embeddable":true,"href":"https:\/\/www.autonvaraosahaku.fi\/index.php?rest_route=%2Fwp%2Fv2%2Fpwb-brand&post=37225"},{"taxonomy":"product_cat","embeddable":true,"href":"https:\/\/www.autonvaraosahaku.fi\/index.php?rest_route=%2Fwp%2Fv2%2Fproduct_cat&post=37225"},{"taxonomy":"product_tag","embeddable":true,"href":"https:\/\/www.autonvaraosahaku.fi\/index.php?rest_route=%2Fwp%2Fv2%2Fproduct_tag&post=37225"}],"curies":[{"name":"wp","href":"https:\/\/api.w.org\/{rel}","templated":true}]}}