{"id":37226,"date":"2021-02-21T16:32:51","date_gmt":"2021-02-21T16:32:51","guid":{"rendered":"https:\/\/www.autonvaraosahaku.fi\/?product=ashika-72-04-414r-alatukivarsi"},"modified":"2021-02-21T16:32:53","modified_gmt":"2021-02-21T16:32:53","slug":"ashika-72-04-414r-alatukivarsi","status":"publish","type":"product","link":"https:\/\/www.autonvaraosahaku.fi\/?product=ashika-72-04-414r-alatukivarsi","title":{"rendered":"ASHIKA 72-04-414R Alatukivarsi"},"content":{"rendered":"<p>Asennuspuoli: Eteen, oikea; Sis\u00e4l\u00e4pimitta [mm]: 14; Sis\u00e4l\u00e4pimitta 1 [mm]: 14; Sis\u00e4l\u00e4pimitta 2 [mm]: 15,5; Ohjausmalli: Querlenker; HONDA: CIVIC VII Hatchback EU, EP, EV,CIVIC VII Coupe EM2,CIVIC VII Stufenheck ES; 51350S5AA03, 51350S5BA10, 51350S6AA00, 51350S6DG00, 51350S6DR00, 51350S6DR10; Tukivarsi,Tukivarsi, Py\u00f6r\u00e4ntuenta<\/p>\n","protected":false},"excerpt":{"rendered":"<p>ASHIKA Alatukivarsi 72-04-414R Tukivarsi,Tukivarsi, Py\u00f6r\u00e4ntuenta HONDA,CIVIC VII Hatchback EU, EP, EV,CIVIC VII Coupe EM2,CIVIC VII Stufenheck ES<\/p>\n","protected":false},"featured_media":0,"template":"","meta":{"site-sidebar-layout":"default","site-content-layout":"default","ast-global-header-display":"","ast-main-header-display":"","ast-hfb-above-header-display":"","ast-hfb-below-header-display":"","ast-hfb-mobile-header-display":"","site-post-title":"","ast-breadcrumbs-content":"","ast-featured-img":"","footer-sml-layout":"","theme-transparent-header-meta":"","adv-header-id-meta":"","stick-header-meta":"","header-above-stick-meta":"","header-main-stick-meta":"","header-below-stick-meta":""},"pwb-brand":[102],"product_cat":[62],"product_tag":[],"class_list":{"0":"post-37226","1":"product","2":"type-product","3":"status-publish","5":"pwb-brand-ashika","6":"product_cat-alatukivarsi","7":"desktop-align-left","8":"tablet-align-left","9":"mobile-align-left","11":"first","12":"instock","13":"product-type-external"},"brands":[{"id":102,"name":"ASHIKA","slug":"ashika"}],"_links":{"self":[{"href":"https:\/\/www.autonvaraosahaku.fi\/index.php?rest_route=\/wp\/v2\/product\/37226","targetHints":{"allow":["GET"]}}],"collection":[{"href":"https:\/\/www.autonvaraosahaku.fi\/index.php?rest_route=\/wp\/v2\/product"}],"about":[{"href":"https:\/\/www.autonvaraosahaku.fi\/index.php?rest_route=\/wp\/v2\/types\/product"}],"wp:attachment":[{"href":"https:\/\/www.autonvaraosahaku.fi\/index.php?rest_route=%2Fwp%2Fv2%2Fmedia&parent=37226"}],"wp:term":[{"taxonomy":"pwb-brand","embeddable":true,"href":"https:\/\/www.autonvaraosahaku.fi\/index.php?rest_route=%2Fwp%2Fv2%2Fpwb-brand&post=37226"},{"taxonomy":"product_cat","embeddable":true,"href":"https:\/\/www.autonvaraosahaku.fi\/index.php?rest_route=%2Fwp%2Fv2%2Fproduct_cat&post=37226"},{"taxonomy":"product_tag","embeddable":true,"href":"https:\/\/www.autonvaraosahaku.fi\/index.php?rest_route=%2Fwp%2Fv2%2Fproduct_tag&post=37226"}],"curies":[{"name":"wp","href":"https:\/\/api.w.org\/{rel}","templated":true}]}}