{"id":37229,"date":"2021-02-21T16:32:51","date_gmt":"2021-02-21T16:32:51","guid":{"rendered":"https:\/\/www.autonvaraosahaku.fi\/?product=meyle-714-322-0002-oljynsuodatin"},"modified":"2021-02-21T16:32:53","modified_gmt":"2021-02-21T16:32:53","slug":"meyle-714-322-0002-oljynsuodatin","status":"publish","type":"product","link":"https:\/\/www.autonvaraosahaku.fi\/?product=meyle-714-322-0002-oljynsuodatin","title":{"rendered":"MEYLE 714 322 0002 \u00d6ljynsuodatin"},"content":{"rendered":"<p>Ulkol\u00e4pimitta [mm]: 76; Suodatintyyppi: Ruuvattava suodatin; Kierremitta: 3\/4-16 UNF; Korkeus (mm): 118,6; Korvaava tuote\/korvaava tiedote 2: yhdell\u00e4 peruutuksenestoventtiilill\u00e4; Avauspaine ohitusventtiili [bar]: 1; lis\u00e4tieto: ORIGINAL Quality; Moottorinumero: BAA; MAZDA: 2 DY; JEEP: GRAND CHEROKEE III WH, WK,CHEROKEE KJ,COMMANDER XK; LAND ROVER: DISCOVERY III TAA; CHRYSLER: PT CRUISER PT_,PT CRUISER Cabriolet; JAGUAR: XF _J05_, CC9; FORD: FIESTA V JH_, JD_,FOCUS Kombi DNW,FOCUS DAW, DBW,GALAXY WGR,FIESTA IV JA_, JB_,FUSION JU_,KA RB_,FOCUS Stufenheck DFW,STREET KA RL2,MONDEO II Kombi BNP,FIESTA III GFJ,TRANSIT Kasten FA_ _,TRANSIT CONNECT P65_, P70_, P80_,TRANSIT Bus FD_ _, FB_ _, FS_ _, FZ_ _, FC_ _,COUGAR EC_,MONDEO II BAP,TOURNEO CONNECT,PUMA EC_,TRANSIT Pritsche\/Fahrgestell FM_ _, FN_ _,ESCORT VII GAL, AAL, ABL,MONDEO II Stufenheck BFP,MONDEO I Kombi BNP,MONDEO I GBP,ESCORT VII Kombi GAL, ANL,FIESTA V Van,ESCORT VII Cabriolet ALL,ESCORT VI Cabriolet ALL,ESCORT VI GAL,SCORPIO II GFR, GGR,ESCORT V Cabriolet ALL,MONDEO I Stufenheck GBP,SCORPIO II Kombi GNR, GGR,ESCORT V GAL,ESCORT VII Stufenheck GAL, AFL,ESCORT VI Kombi GAL,ESCORT CLASSIC AAL, ABL,ESCORT CLASSIC Turnier ANL,ESCORT VI Stufenheck GAL,TRANSIT TOURNEO E_,ESCORT V Kombi GAL, AVL,ORION III GAL; 04781452AA, 1043147, 1047169, 1097077, 1119421, 1663050, 1663051, 6937011, 978M6714A2A, 978M6714B1A, 978M6714B4A, YN2G6714B2A, 04781452AA, ZZM123802, ZZM123802A<\/p>\n","protected":false},"excerpt":{"rendered":"<p>MEYLE \u00d6ljynsuodatin 714 322 0002  MAZDA,JEEP,LAND ROVER,2 DY,GRAND CHEROKEE III WH, WK,CHEROKEE KJ,COMMANDER XK,DISCOVERY III TAA,PT CRUISER PT_<\/p>\n","protected":false},"featured_media":0,"template":"","meta":{"site-sidebar-layout":"default","site-content-layout":"default","ast-global-header-display":"","ast-main-header-display":"","ast-hfb-above-header-display":"","ast-hfb-below-header-display":"","ast-hfb-mobile-header-display":"","site-post-title":"","ast-breadcrumbs-content":"","ast-featured-img":"","footer-sml-layout":"","theme-transparent-header-meta":"","adv-header-id-meta":"","stick-header-meta":"","header-above-stick-meta":"","header-main-stick-meta":"","header-below-stick-meta":""},"pwb-brand":[84],"product_cat":[30],"product_tag":[],"class_list":{"0":"post-37229","1":"product","2":"type-product","3":"status-publish","5":"pwb-brand-meyle","6":"product_cat-oljynsuodatin","7":"desktop-align-left","8":"tablet-align-left","9":"mobile-align-left","11":"first","12":"instock","13":"product-type-external"},"brands":[{"id":84,"name":"MEYLE","slug":"meyle"}],"_links":{"self":[{"href":"https:\/\/www.autonvaraosahaku.fi\/index.php?rest_route=\/wp\/v2\/product\/37229","targetHints":{"allow":["GET"]}}],"collection":[{"href":"https:\/\/www.autonvaraosahaku.fi\/index.php?rest_route=\/wp\/v2\/product"}],"about":[{"href":"https:\/\/www.autonvaraosahaku.fi\/index.php?rest_route=\/wp\/v2\/types\/product"}],"wp:attachment":[{"href":"https:\/\/www.autonvaraosahaku.fi\/index.php?rest_route=%2Fwp%2Fv2%2Fmedia&parent=37229"}],"wp:term":[{"taxonomy":"pwb-brand","embeddable":true,"href":"https:\/\/www.autonvaraosahaku.fi\/index.php?rest_route=%2Fwp%2Fv2%2Fpwb-brand&post=37229"},{"taxonomy":"product_cat","embeddable":true,"href":"https:\/\/www.autonvaraosahaku.fi\/index.php?rest_route=%2Fwp%2Fv2%2Fproduct_cat&post=37229"},{"taxonomy":"product_tag","embeddable":true,"href":"https:\/\/www.autonvaraosahaku.fi\/index.php?rest_route=%2Fwp%2Fv2%2Fproduct_tag&post=37229"}],"curies":[{"name":"wp","href":"https:\/\/api.w.org\/{rel}","templated":true}]}}