{"id":37249,"date":"2021-02-21T16:32:57","date_gmt":"2021-02-21T16:32:57","guid":{"rendered":"https:\/\/www.autonvaraosahaku.fi\/?product=vaico-v10-10001-jakoketju"},"modified":"2021-02-21T16:32:59","modified_gmt":"2021-02-21T16:32:59","slug":"vaico-v10-10001-jakoketju","status":"publish","type":"product","link":"https:\/\/www.autonvaraosahaku.fi\/?product=vaico-v10-10001-jakoketju","title":{"rendered":"VAICO V10-10001 Jakoketju"},"content":{"rendered":"<p>Ketjurakenne: Hammasketju, Ketju koteloitu; Ketjulenkkej\u00e4: 170, 60, 96; T\u00e4yssarja: ; Paino [kg]: 2,409; Pakkausleveys [cm]: 16,2; Pakkauskorkeus [mm]: 10,8; Pakkaussyvyys [cm]: 31; lis\u00e4tieto: CST98; Valmistuspaiv\u00e4m\u00e4\u00e4r\u00e4\u00e4n: 01.07.2013; VW: GOLF VI 5K1,PASSAT Variant 3C5,PASSAT 3C2,TIGUAN 5N_,PASSAT Variant 365,GOLF VI Variant AJ5,EOS 1F7, 1F8,SCIROCCO 137, 138,PASSAT CC 357,SHARAN 7N1, 7N2,PASSAT 362,CC 358,GOLF VI Cabriolet 517,BEETLE 5C1,JETTA IV 162, 163,PASSAT ALLTRACK 365,BEETLE Cabriolet 5C7; AUDI: A4 Avant 8K5, B8,A3 8P1,A3 Sportback 8PA,A4 8K2, B8,A5 8T3,A5 Sportback 8TA,TT 8J3,Q3 8U,A5 Cabriolet 8F7,TT Roadster 8J9,A3 Cabriolet 8P7; SKODA: OCTAVIA Combi 1Z5,YETI 5L,SUPERB Kombi 3T5,OCTAVIA 1Z3,SUPERB 3T4; SEAT: LEON 1P1,ALTEA 5P1,ALTEA XL 5P5, 5P8,EXEO ST 3R5,ALHAMBRA 710, 711,EXEO 3R2; 06H105209AT, 06H109158E, 06H109158J, 06H109158M, 06H109158N, 06H109467AB, 06H109467AE, 06H109467L, 06H109467N, 06H109467T, 06H109469AH, 06H109469AJ, 06H109469AP, 06H109469AQ, 06H109469N, 06H109469T, 06H109507K, 06H109507M, 06H109509AA, 06H109509P, 06H109509Q, 06H115225L, 06H115225N, 06K109158, 06K109158AA, 06K109158AD, 06K109158BE, 06K109158BR, 06K109158F, 06K109158G, 06K109467K, 06K115225, 06K115225C, 6H105209AT, 6H109158E, 6H109158J, 6H109158M, 6H109158N, 6H109467AB, 6H109467AE, 6H109467L, 6H109467N, 6H109467T, 6H109469AH, 6H109469AQ, 6H109469N, 6H109469T, 6H109507K, 6H109507M, 6H109509P, 6H109509Q, 6H115225L, 6H115225N, 6K109158, 6K109158AA, 6K109158AD, 6K109158BE, 6K109158F, 6K109158G, 6K109467K, 6K115225, 6K115225C, 06H105209AT, 06H109158E, 06H109158J, 06H109158M, 06H109158N, 06H109467AB, 06H109467AE, 06H109467L, 06H109467N, 06H109467T, 06H109469AH, 06H109469AJ, 06H109469AP, 06H109469AQ, 06H109469N, 06H109469T, 06H109507K, 06H109507M, 06H109509AA, 06H109509P, 06H109509Q, 06H1152&#8230;<\/p>\n","protected":false},"excerpt":{"rendered":"<p>VAICO Jakoketjusarja V10-10001  VW,AUDI,SKODA,GOLF VI 5K1,PASSAT Variant 3C5,PASSAT 3C2,TIGUAN 5N_,PASSAT Variant 365,GOLF VI Variant AJ5,EOS 1F7, 1F8<\/p>\n","protected":false},"featured_media":0,"template":"","meta":{"site-sidebar-layout":"default","site-content-layout":"default","ast-global-header-display":"","ast-main-header-display":"","ast-hfb-above-header-display":"","ast-hfb-below-header-display":"","ast-hfb-mobile-header-display":"","site-post-title":"","ast-breadcrumbs-content":"","ast-featured-img":"","footer-sml-layout":"","theme-transparent-header-meta":"","adv-header-id-meta":"","stick-header-meta":"","header-above-stick-meta":"","header-main-stick-meta":"","header-below-stick-meta":""},"pwb-brand":[330],"product_cat":[60],"product_tag":[],"class_list":{"0":"post-37249","1":"product","2":"type-product","3":"status-publish","5":"pwb-brand-vaico","6":"product_cat-jakoketju","7":"desktop-align-left","8":"tablet-align-left","9":"mobile-align-left","11":"first","12":"instock","13":"product-type-external"},"brands":[{"id":330,"name":"VAICO","slug":"vaico"}],"_links":{"self":[{"href":"https:\/\/www.autonvaraosahaku.fi\/index.php?rest_route=\/wp\/v2\/product\/37249","targetHints":{"allow":["GET"]}}],"collection":[{"href":"https:\/\/www.autonvaraosahaku.fi\/index.php?rest_route=\/wp\/v2\/product"}],"about":[{"href":"https:\/\/www.autonvaraosahaku.fi\/index.php?rest_route=\/wp\/v2\/types\/product"}],"wp:attachment":[{"href":"https:\/\/www.autonvaraosahaku.fi\/index.php?rest_route=%2Fwp%2Fv2%2Fmedia&parent=37249"}],"wp:term":[{"taxonomy":"pwb-brand","embeddable":true,"href":"https:\/\/www.autonvaraosahaku.fi\/index.php?rest_route=%2Fwp%2Fv2%2Fpwb-brand&post=37249"},{"taxonomy":"product_cat","embeddable":true,"href":"https:\/\/www.autonvaraosahaku.fi\/index.php?rest_route=%2Fwp%2Fv2%2Fproduct_cat&post=37249"},{"taxonomy":"product_tag","embeddable":true,"href":"https:\/\/www.autonvaraosahaku.fi\/index.php?rest_route=%2Fwp%2Fv2%2Fproduct_tag&post=37249"}],"curies":[{"name":"wp","href":"https:\/\/api.w.org\/{rel}","templated":true}]}}