{"id":37260,"date":"2021-02-21T16:33:01","date_gmt":"2021-02-21T16:33:01","guid":{"rendered":"https:\/\/www.autonvaraosahaku.fi\/?product=gates-tvd1126a-kampiakselin-hihnapyora"},"modified":"2021-02-21T16:33:02","modified_gmt":"2021-02-21T16:33:02","slug":"gates-tvd1126a-kampiakselin-hihnapyora","status":"publish","type":"product","link":"https:\/\/www.autonvaraosahaku.fi\/?product=gates-tvd1126a-kampiakselin-hihnapyora","title":{"rendered":"GATES TVD1126A Kampiakselin hihnapy\u00f6r\u00e4"},"content":{"rendered":"<p>Lis\u00e4tarvike\/lis\u00e4tieto: Tarvikkeilla; Rihloja (kpl): 6; Ulkol\u00e4pimitta [mm]: 155; Sis\u00e4l\u00e4pimitta [mm]: 26; Leveys (mm): 36; lis\u00e4tieto: PowerGrip\u00ae; Valmistusvuoteen: 08\/2015; NISSAN: QASHQAI \/ QASHQAI +2 J10, JJ10,MICRA III K12,NOTE E11,ALMERA II Hatchback N16,JUKE F15,NV200 EVALIA,NOTE E12,TIIDA Schr\u00e4gheck,NV200 Kasten,ALMERA Mk II N16,CUBE Z12,TIIDA Stufenheck SC11X,QASHQAI J11, J11_,KUBISTAR Kasten X80,PULSAR Schr\u00e4gheck C13,MICRA V K14,BLUEBIRD SYLPHY G11; INFINITI: Q30; MERCEDES-BENZ: B-CLASS W246, W242,A-CLASS W176,CLA Coupe C117,CITAN Kasten 415,CITAN Kombi 415,CITAN Mixto 415,GLA-CLASS X156,CLA Shooting Brake X117; DACIA: DUSTER,SANDERO,LOGAN MCV KS_,SANDERO II,LODGY,LOGAN MCV II,DOKKER,LOGAN LS_,DOKKER Express,LOGAN EXPRESS FS_,LOGAN Pick-up US_,LOGAN II,DUSTER Kasten; RENAULT: CLIO II BB0\/1\/2_, CB0\/1\/2_,CLIO III BR0\/1, CR0\/1,SC\u00c9NIC II JM0\/1_,KANGOO KC0\/1_,TWINGO II CN0_,MEGANE III Grandtour KZ0\/1,MODUS \/ GRAND MODUS F\/JP0_,LAGUNA II Grandtour KG0\/1_,MEGANE II Kombi KM0\/1_,MEGANE II Coup\u00e9-Cabriolet EM0\/1_,SC\u00c9NIC III JZ0\/1_,LAGUNA III Grandtour KT0\/1,CLIO IV,MEGANE III Schr\u00e4gheck BZ0_,LAGUNA II BG0\/1_,MEGANE II BM0\/1_, CM0\/1_,GRAND SC\u00c9NIC III JZ0\/1_,MEGANE III Coupe DZ0\/1_,KANGOO \/ GRAND KANGOO KW0\/1_,KANGOO Express FC0\/1_,CLIO Grandtour KR0\/1_,GRAND SC\u00c9NIC II JM0\/1_,CAPTUR,LAGUNA III BT0\/1,KANGOO Express FW0\/1_,MEGANE II Stufenheck LM0\/1_,CLIO Grandtour IV,KANGOO BE BOP KW0\/1_,MEGANE CC EZ0\/1_,CLIO II Kasten SB0\/1\/2_,LAGUNA Coupe DT0\/1,WIND E4M_,FLUENCE L30_,LATITUDE L70_,THALIA I LB0\/1\/2_,CLIO III Kasten SB_, SR_,SANDERO\/STEPWAY I,DUSTER,LOGAN I Kombi KS_,LOGAN I LS_,THALIA II LU1\/2_,KADJAR,MEGANE IV B9A\/M_,MEGANE IV Grandtour K9A\/M_,TALISMAN Grandtour KP_,LOGAN EXPRESS,TALISMAN,CLIO IV Kasten,GRAND SC\u00c9NIC IV R9_,SC\u00c9NIC IV J9; 123030453R, 123031777R, 123033245R, 8200699517, 1230300Q2K, 6070300003, A6070300003, 1230300Q0J, 1230300Q1H, 1230300Q2K, 1230300Q3B, 1230300QAU, 1230300QBA, 12303AY600, 12303BN700, 8200699517, 123030453R, 123031777R, 123033245R, 8200352613, 8200395313, 8200544135, 8200552236, 8200687605, 8200699517; Hihnapy\u00f6r\u00e4, Kampiakseli<\/p>\n","protected":false},"excerpt":{"rendered":"<p>GATES Kampiakselin Hihnapy\u00f6r\u00e4 TVD1126A Hihnapy\u00f6r\u00e4, Kampiakseli NISSAN,INFINITI,MERCEDES-BENZ,QASHQAI \/ QASHQAI +2 J10, JJ10,MICRA III K12,NOTE E11<\/p>\n","protected":false},"featured_media":0,"template":"","meta":{"site-sidebar-layout":"default","site-content-layout":"default","ast-global-header-display":"","ast-main-header-display":"","ast-hfb-above-header-display":"","ast-hfb-below-header-display":"","ast-hfb-mobile-header-display":"","site-post-title":"","ast-breadcrumbs-content":"","ast-featured-img":"","footer-sml-layout":"","theme-transparent-header-meta":"","adv-header-id-meta":"","stick-header-meta":"","header-above-stick-meta":"","header-main-stick-meta":"","header-below-stick-meta":""},"pwb-brand":[22],"product_cat":[219],"product_tag":[],"class_list":{"0":"post-37260","1":"product","2":"type-product","3":"status-publish","5":"pwb-brand-gates","6":"product_cat-kampiakselin-hihnapyora","7":"desktop-align-left","8":"tablet-align-left","9":"mobile-align-left","11":"first","12":"instock","13":"product-type-external"},"brands":[{"id":22,"name":"GATES","slug":"gates"}],"_links":{"self":[{"href":"https:\/\/www.autonvaraosahaku.fi\/index.php?rest_route=\/wp\/v2\/product\/37260","targetHints":{"allow":["GET"]}}],"collection":[{"href":"https:\/\/www.autonvaraosahaku.fi\/index.php?rest_route=\/wp\/v2\/product"}],"about":[{"href":"https:\/\/www.autonvaraosahaku.fi\/index.php?rest_route=\/wp\/v2\/types\/product"}],"wp:attachment":[{"href":"https:\/\/www.autonvaraosahaku.fi\/index.php?rest_route=%2Fwp%2Fv2%2Fmedia&parent=37260"}],"wp:term":[{"taxonomy":"pwb-brand","embeddable":true,"href":"https:\/\/www.autonvaraosahaku.fi\/index.php?rest_route=%2Fwp%2Fv2%2Fpwb-brand&post=37260"},{"taxonomy":"product_cat","embeddable":true,"href":"https:\/\/www.autonvaraosahaku.fi\/index.php?rest_route=%2Fwp%2Fv2%2Fproduct_cat&post=37260"},{"taxonomy":"product_tag","embeddable":true,"href":"https:\/\/www.autonvaraosahaku.fi\/index.php?rest_route=%2Fwp%2Fv2%2Fproduct_tag&post=37260"}],"curies":[{"name":"wp","href":"https:\/\/api.w.org\/{rel}","templated":true}]}}