{"id":37284,"date":"2021-02-21T16:33:06","date_gmt":"2021-02-21T16:33:06","guid":{"rendered":"https:\/\/www.autonvaraosahaku.fi\/?product=gates-09-0110-ahdinletku"},"modified":"2021-02-21T16:33:08","modified_gmt":"2021-02-21T16:33:08","slug":"gates-09-0110-ahdinletku","status":"publish","type":"product","link":"https:\/\/www.autonvaraosahaku.fi\/?product=gates-09-0110-ahdinletku","title":{"rendered":"GATES 09-0110 Ahdinletku"},"content":{"rendered":"<p>Materiaali: ACM (polyakryyli-kautsu); V\u00e4ri: Musta; Letkupituus [mm]: 75; Sis\u00e4l\u00e4pimitta 1 [mm]: 52,5; Sis\u00e4l\u00e4pimitta 2 [mm]: 52,5; Apulaitteet: angetr. Agg.: Turbokompressor; PEUGEOT: 207 WA_, WC_,207 CC WD_,207 SW WK_,PARTNER Tepee,1007 KM_,PARTNER Kasten,207 Van,PARTNER Pritsche\/Fahrgestell; CITRO\u00cbN: C2 JM_,C3 I FC_,BERLINGO B9,BERLINGO Kasten M_,BERLINGO Kasten B9,BERLINGO Pritsche\/Fahrgestell B9; 0382FE, 0382PZ, 0382FE, 0382PZ; Turbon Letkut,Turbon Putket<\/p>\n","protected":false},"excerpt":{"rendered":"<p>GATES Ahdinletku 09-0110 Turbon Letkut,Turbon Putket PEUGEOT,CITRO\u00cbN,207 WA_, WC_,207 CC WD_,207 SW WK_,PARTNER Tepee,1007 KM_,PARTNER Kasten,207 Van<\/p>\n","protected":false},"featured_media":0,"template":"","meta":{"site-sidebar-layout":"default","site-content-layout":"default","ast-global-header-display":"","ast-main-header-display":"","ast-hfb-above-header-display":"","ast-hfb-below-header-display":"","ast-hfb-mobile-header-display":"","site-post-title":"","ast-breadcrumbs-content":"","ast-featured-img":"","footer-sml-layout":"","theme-transparent-header-meta":"","adv-header-id-meta":"","stick-header-meta":"","header-above-stick-meta":"","header-main-stick-meta":"","header-below-stick-meta":""},"pwb-brand":[22],"product_cat":[113],"product_tag":[],"class_list":{"0":"post-37284","1":"product","2":"type-product","3":"status-publish","5":"pwb-brand-gates","6":"product_cat-ahdinletku","7":"desktop-align-left","8":"tablet-align-left","9":"mobile-align-left","11":"first","12":"instock","13":"product-type-external"},"brands":[{"id":22,"name":"GATES","slug":"gates"}],"_links":{"self":[{"href":"https:\/\/www.autonvaraosahaku.fi\/index.php?rest_route=\/wp\/v2\/product\/37284","targetHints":{"allow":["GET"]}}],"collection":[{"href":"https:\/\/www.autonvaraosahaku.fi\/index.php?rest_route=\/wp\/v2\/product"}],"about":[{"href":"https:\/\/www.autonvaraosahaku.fi\/index.php?rest_route=\/wp\/v2\/types\/product"}],"wp:attachment":[{"href":"https:\/\/www.autonvaraosahaku.fi\/index.php?rest_route=%2Fwp%2Fv2%2Fmedia&parent=37284"}],"wp:term":[{"taxonomy":"pwb-brand","embeddable":true,"href":"https:\/\/www.autonvaraosahaku.fi\/index.php?rest_route=%2Fwp%2Fv2%2Fpwb-brand&post=37284"},{"taxonomy":"product_cat","embeddable":true,"href":"https:\/\/www.autonvaraosahaku.fi\/index.php?rest_route=%2Fwp%2Fv2%2Fproduct_cat&post=37284"},{"taxonomy":"product_tag","embeddable":true,"href":"https:\/\/www.autonvaraosahaku.fi\/index.php?rest_route=%2Fwp%2Fv2%2Fproduct_tag&post=37284"}],"curies":[{"name":"wp","href":"https:\/\/api.w.org\/{rel}","templated":true}]}}