{"id":37290,"date":"2021-02-21T16:33:06","date_gmt":"2021-02-21T16:33:06","guid":{"rendered":"https:\/\/www.autonvaraosahaku.fi\/?product=gates-05-3410-jaahdyttimen-letku"},"modified":"2021-02-21T16:33:09","modified_gmt":"2021-02-21T16:33:09","slug":"gates-05-3410-jaahdyttimen-letku","status":"publish","type":"product","link":"https:\/\/www.autonvaraosahaku.fi\/?product=gates-05-3410-jaahdyttimen-letku","title":{"rendered":"GATES 05-3410 J\u00e4\u00e4hdyttimen letku"},"content":{"rendered":"<p>Materiaali: EPDM (eteenipropeeni-dieeni-kumi); V\u00e4ri: Musta; Letkupituus [mm]: 525; Sis\u00e4l\u00e4pimitta 1 [mm]: 49; Sis\u00e4l\u00e4pimitta 2 [mm]: 49; Asennuspuoli: unten; VOLVO: 940 II Kombi 945,940 Kombi 945,740 Kombi 745,740 744,940 944,760 704, 764,960 Kombi 965,760 Kombi 704, 765,940 II 944,960 964,780; 3507084<\/p>\n","protected":false},"excerpt":{"rendered":"<p>GATES J\u00e4\u00e4hdyttimen Letku 05-3410  VOLVO,940 II Kombi 945,940 Kombi 945,740 Kombi 745,740 744,940 944,760 704, 764,960 Kombi 965,760 Kombi 704, 765<\/p>\n","protected":false},"featured_media":0,"template":"","meta":{"site-sidebar-layout":"default","site-content-layout":"default","ast-global-header-display":"","ast-main-header-display":"","ast-hfb-above-header-display":"","ast-hfb-below-header-display":"","ast-hfb-mobile-header-display":"","site-post-title":"","ast-breadcrumbs-content":"","ast-featured-img":"","footer-sml-layout":"","theme-transparent-header-meta":"","adv-header-id-meta":"","stick-header-meta":"","header-above-stick-meta":"","header-main-stick-meta":"","header-below-stick-meta":""},"pwb-brand":[22],"product_cat":[206],"product_tag":[],"class_list":{"0":"post-37290","1":"product","2":"type-product","3":"status-publish","5":"pwb-brand-gates","6":"product_cat-jaahdyttimen-letku","7":"desktop-align-left","8":"tablet-align-left","9":"mobile-align-left","11":"first","12":"instock","13":"product-type-external"},"brands":[{"id":22,"name":"GATES","slug":"gates"}],"_links":{"self":[{"href":"https:\/\/www.autonvaraosahaku.fi\/index.php?rest_route=\/wp\/v2\/product\/37290","targetHints":{"allow":["GET"]}}],"collection":[{"href":"https:\/\/www.autonvaraosahaku.fi\/index.php?rest_route=\/wp\/v2\/product"}],"about":[{"href":"https:\/\/www.autonvaraosahaku.fi\/index.php?rest_route=\/wp\/v2\/types\/product"}],"wp:attachment":[{"href":"https:\/\/www.autonvaraosahaku.fi\/index.php?rest_route=%2Fwp%2Fv2%2Fmedia&parent=37290"}],"wp:term":[{"taxonomy":"pwb-brand","embeddable":true,"href":"https:\/\/www.autonvaraosahaku.fi\/index.php?rest_route=%2Fwp%2Fv2%2Fpwb-brand&post=37290"},{"taxonomy":"product_cat","embeddable":true,"href":"https:\/\/www.autonvaraosahaku.fi\/index.php?rest_route=%2Fwp%2Fv2%2Fproduct_cat&post=37290"},{"taxonomy":"product_tag","embeddable":true,"href":"https:\/\/www.autonvaraosahaku.fi\/index.php?rest_route=%2Fwp%2Fv2%2Fproduct_tag&post=37290"}],"curies":[{"name":"wp","href":"https:\/\/api.w.org\/{rel}","templated":true}]}}