{"id":37305,"date":"2021-02-21T16:33:11","date_gmt":"2021-02-21T16:33:11","guid":{"rendered":"https:\/\/www.autonvaraosahaku.fi\/?product=ridex-1330s0004-jarrukilpi"},"modified":"2021-02-21T16:33:13","modified_gmt":"2021-02-21T16:33:13","slug":"ridex-1330s0004-jarrukilpi","status":"publish","type":"product","link":"https:\/\/www.autonvaraosahaku.fi\/?product=ridex-1330s0004-jarrukilpi","title":{"rendered":"RIDEX 1330S0004 Jarrukilpi"},"content":{"rendered":"<p>Asennuspuoli: Etuakseli; Jarrulevyl\u00e4pimitalle [mm]: 256; Jarruj\u00e4rjestelm\u00e4: GIRLING\/LUCAS; VW: GOLF III 1H1,PASSAT Variant 3A5, 35I,GOLF III Cabriolet 1E7,GOLF III Variant 1H5,PASSAT 3A2, 35I,CADDY II Kasten 9K9A,POLO Variant 6KV5,POLO CLASSIC 6KV2,VENTO 1H2,CADDY II Kombi 9K9B; SEAT: IBIZA II 6K1,TOLEDO II 1M2,IBIZA III 6K1,CORDOBA 6K1, 6K2,CORDOBA Vario 6K1,TOLEDO I 1L,INCA 6K9,CORDOBA Vario 6K2,CORDOBA 6K2; Jarrulevyn Suojakilpi,Suojapelti, Jarrulevy<\/p>\n","protected":false},"excerpt":{"rendered":"<p>RIDEX Jarrukilpi 1330S0004 Jarrulevyn Suojakilpi,Suojapelti, Jarrulevy VW,SEAT,GOLF III 1H1,PASSAT Variant 3A5, 35I,GOLF III Cabriolet 1E7<\/p>\n","protected":false},"featured_media":0,"template":"","meta":{"site-sidebar-layout":"default","site-content-layout":"default","ast-global-header-display":"","ast-main-header-display":"","ast-hfb-above-header-display":"","ast-hfb-below-header-display":"","ast-hfb-mobile-header-display":"","site-post-title":"","ast-breadcrumbs-content":"","ast-featured-img":"","footer-sml-layout":"","theme-transparent-header-meta":"","adv-header-id-meta":"","stick-header-meta":"","header-above-stick-meta":"","header-main-stick-meta":"","header-below-stick-meta":""},"pwb-brand":[157],"product_cat":[216],"product_tag":[],"class_list":{"0":"post-37305","1":"product","2":"type-product","3":"status-publish","5":"pwb-brand-ridex","6":"product_cat-jarrukilpi","7":"desktop-align-left","8":"tablet-align-left","9":"mobile-align-left","11":"first","12":"instock","13":"product-type-external"},"brands":[{"id":157,"name":"RIDEX","slug":"ridex"}],"_links":{"self":[{"href":"https:\/\/www.autonvaraosahaku.fi\/index.php?rest_route=\/wp\/v2\/product\/37305","targetHints":{"allow":["GET"]}}],"collection":[{"href":"https:\/\/www.autonvaraosahaku.fi\/index.php?rest_route=\/wp\/v2\/product"}],"about":[{"href":"https:\/\/www.autonvaraosahaku.fi\/index.php?rest_route=\/wp\/v2\/types\/product"}],"wp:attachment":[{"href":"https:\/\/www.autonvaraosahaku.fi\/index.php?rest_route=%2Fwp%2Fv2%2Fmedia&parent=37305"}],"wp:term":[{"taxonomy":"pwb-brand","embeddable":true,"href":"https:\/\/www.autonvaraosahaku.fi\/index.php?rest_route=%2Fwp%2Fv2%2Fpwb-brand&post=37305"},{"taxonomy":"product_cat","embeddable":true,"href":"https:\/\/www.autonvaraosahaku.fi\/index.php?rest_route=%2Fwp%2Fv2%2Fproduct_cat&post=37305"},{"taxonomy":"product_tag","embeddable":true,"href":"https:\/\/www.autonvaraosahaku.fi\/index.php?rest_route=%2Fwp%2Fv2%2Fproduct_tag&post=37305"}],"curies":[{"name":"wp","href":"https:\/\/api.w.org\/{rel}","templated":true}]}}