{"id":37314,"date":"2021-02-21T16:33:11","date_gmt":"2021-02-21T16:33:11","guid":{"rendered":"https:\/\/www.autonvaraosahaku.fi\/?product=maxgear-ac213025-jaahdytin"},"modified":"2021-02-21T16:33:14","modified_gmt":"2021-02-21T16:33:14","slug":"maxgear-ac213025-jaahdytin","status":"publish","type":"product","link":"https:\/\/www.autonvaraosahaku.fi\/?product=maxgear-ac213025-jaahdytin","title":{"rendered":"MAXGEAR AC213025 J\u00e4\u00e4hdytin"},"content":{"rendered":"<p>Leveys (mm): 366; Korkeus (mm): 607; Paksuus [mm]: 24; Valmistusvuoteen: 01\/1999; VW: PASSAT Variant 365,PASSAT Variant 3A5, 35I,PASSAT CC 357,SANTANA 32B; AUDI: A6 Avant 4F5, C6,A3 8P1,A3 Sportback 8PA,80 81, 85, B2; MERCEDES-BENZ: C-CLASS T-Model S204,E-CLASS T-Model S211,E-CLASS W210,CLC-CLASS CL203,SLR R199,SLR ROADSTER R199; BMW: 3 E46,3 Touring E91,3 E90; OPEL: VECTRA B 36_,VECTRA B Caravan 31_,VECTRA B CC 38_; FORD: KUGA I,TRANSIT Kasten FA_ _,TRANSIT Bus FD_ _, FB_ _, FS_ _, FZ_ _, FC_ _,ESCORT VII Stufenheck GAL, AFL; RENAULT: SC\u00c9NIC II JM0\/1_,GRAND SC\u00c9NIC II JM0\/1_,KANGOO Express FW0\/1_; FIAT: PANDA 169,SCUDO Combinato 220P,131 Familiare\/Panorama; SKODA: OCTAVIA 1Z3; PEUGEOT: 307 SW 3H,407 SW 6E_,307 3A\/C,308 SW,307 Break 3E,EXPERT Tepee VF3V_,EXPERT Kasten VF3A_, VF3U_, VF3X_,BOXER Pritsche\/Fahrgestell ZCT_; 1300185, 52464523, 52479098, 52479099, 1300185, 52464523, 52479098, 52479099; Syyl\u00e4ri,J\u00e4\u00e4hdytin,Moottorin J\u00e4\u00e4hdytys<\/p>\n","protected":false},"excerpt":{"rendered":"<p>MAXGEAR J\u00e4\u00e4hdytin AC213025 Syyl\u00e4ri,J\u00e4\u00e4hdytin,Moottorin J\u00e4\u00e4hdytys VW,AUDI,MERCEDES-BENZ,PASSAT Variant 365,PASSAT Variant 3A5, 35I,PASSAT CC 357<\/p>\n","protected":false},"featured_media":0,"template":"","meta":{"site-sidebar-layout":"default","site-content-layout":"default","ast-global-header-display":"","ast-main-header-display":"","ast-hfb-above-header-display":"","ast-hfb-below-header-display":"","ast-hfb-mobile-header-display":"","site-post-title":"","ast-breadcrumbs-content":"","ast-featured-img":"","footer-sml-layout":"","theme-transparent-header-meta":"","adv-header-id-meta":"","stick-header-meta":"","header-above-stick-meta":"","header-main-stick-meta":"","header-below-stick-meta":""},"pwb-brand":[48],"product_cat":[421],"product_tag":[],"class_list":{"0":"post-37314","1":"product","2":"type-product","3":"status-publish","5":"pwb-brand-maxgear","6":"product_cat-jaahdytin","7":"desktop-align-left","8":"tablet-align-left","9":"mobile-align-left","11":"first","12":"instock","13":"product-type-external"},"brands":[{"id":48,"name":"MAXGEAR","slug":"maxgear"}],"_links":{"self":[{"href":"https:\/\/www.autonvaraosahaku.fi\/index.php?rest_route=\/wp\/v2\/product\/37314","targetHints":{"allow":["GET"]}}],"collection":[{"href":"https:\/\/www.autonvaraosahaku.fi\/index.php?rest_route=\/wp\/v2\/product"}],"about":[{"href":"https:\/\/www.autonvaraosahaku.fi\/index.php?rest_route=\/wp\/v2\/types\/product"}],"wp:attachment":[{"href":"https:\/\/www.autonvaraosahaku.fi\/index.php?rest_route=%2Fwp%2Fv2%2Fmedia&parent=37314"}],"wp:term":[{"taxonomy":"pwb-brand","embeddable":true,"href":"https:\/\/www.autonvaraosahaku.fi\/index.php?rest_route=%2Fwp%2Fv2%2Fpwb-brand&post=37314"},{"taxonomy":"product_cat","embeddable":true,"href":"https:\/\/www.autonvaraosahaku.fi\/index.php?rest_route=%2Fwp%2Fv2%2Fproduct_cat&post=37314"},{"taxonomy":"product_tag","embeddable":true,"href":"https:\/\/www.autonvaraosahaku.fi\/index.php?rest_route=%2Fwp%2Fv2%2Fproduct_tag&post=37314"}],"curies":[{"name":"wp","href":"https:\/\/api.w.org\/{rel}","templated":true}]}}