{"id":37328,"date":"2021-02-21T16:33:16","date_gmt":"2021-02-21T16:33:16","guid":{"rendered":"https:\/\/www.autonvaraosahaku.fi\/?product=as-pl-a5092-laturi"},"modified":"2021-02-21T16:33:19","modified_gmt":"2021-02-21T16:33:19","slug":"as-pl-a5092-laturi","status":"publish","type":"product","link":"https:\/\/www.autonvaraosahaku.fi\/?product=as-pl-a5092-laturi","title":{"rendered":"AS-PL A5092 Laturi"},"content":{"rendered":"<p>Pituus 1 (mm): 42,00; Pituus 2 (mm): 13,00; Pituus 3 [mm]: 55,50; J\u00e4nnite (V): 12; Laturi varausvirta (A): 90; Hihnapy\u00f6r\u00e4t: Hihnapy\u00f6r\u00e4ll\u00e4; Valmistusvuosi alkaen: 10\/1996; MAZDA: 323 C IV BG,FAMILIA IV BF,FAMILIA IV BG; MITSUBISHI: L 200 K7_T, K6_T,PAJERO II V3_W, V2_W, V4_W,L 300 Bus P0_W, P1_W, P2_W,L 400 \/ SPACE GEAR Bus PD_W, PC_W, PA_V, PB_V,PAJERO III Gel\u00e4ndewagen offen V6_W, V7_W,L 300 Kasten P0_W, P1_W,PAJERO II Canvas Top V2_W, V4_W,L 400 Kasten PD_W, PC_W, PB_V, PA_W, PA_V; A002TN0499, A2T82899, A2T82899A, A2T82899AT, A2T82899ZT, A2TN0499, A2TN0499AT, A2TN0499ZT, MD306649, MD313939, MD366050, MN137867; Generaattori<\/p>\n","protected":false},"excerpt":{"rendered":"<p>AS-PL Laturi Brand new AS-PL Bearing A5092 Generaattori MAZDA,MITSUBISHI,323 C IV BG,FAMILIA IV BF,FAMILIA IV BG,L 200 K7_T, K6_T<\/p>\n","protected":false},"featured_media":0,"template":"","meta":{"site-sidebar-layout":"default","site-content-layout":"default","ast-global-header-display":"","ast-main-header-display":"","ast-hfb-above-header-display":"","ast-hfb-below-header-display":"","ast-hfb-mobile-header-display":"","site-post-title":"","ast-breadcrumbs-content":"","ast-featured-img":"","footer-sml-layout":"","theme-transparent-header-meta":"","adv-header-id-meta":"","stick-header-meta":"","header-above-stick-meta":"","header-main-stick-meta":"","header-below-stick-meta":""},"pwb-brand":[347],"product_cat":[357],"product_tag":[],"class_list":{"0":"post-37328","1":"product","2":"type-product","3":"status-publish","5":"pwb-brand-as-pl","6":"product_cat-laturi","7":"desktop-align-left","8":"tablet-align-left","9":"mobile-align-left","11":"first","12":"instock","13":"product-type-external"},"brands":[{"id":347,"name":"AS-PL","slug":"as-pl"}],"_links":{"self":[{"href":"https:\/\/www.autonvaraosahaku.fi\/index.php?rest_route=\/wp\/v2\/product\/37328","targetHints":{"allow":["GET"]}}],"collection":[{"href":"https:\/\/www.autonvaraosahaku.fi\/index.php?rest_route=\/wp\/v2\/product"}],"about":[{"href":"https:\/\/www.autonvaraosahaku.fi\/index.php?rest_route=\/wp\/v2\/types\/product"}],"wp:attachment":[{"href":"https:\/\/www.autonvaraosahaku.fi\/index.php?rest_route=%2Fwp%2Fv2%2Fmedia&parent=37328"}],"wp:term":[{"taxonomy":"pwb-brand","embeddable":true,"href":"https:\/\/www.autonvaraosahaku.fi\/index.php?rest_route=%2Fwp%2Fv2%2Fpwb-brand&post=37328"},{"taxonomy":"product_cat","embeddable":true,"href":"https:\/\/www.autonvaraosahaku.fi\/index.php?rest_route=%2Fwp%2Fv2%2Fproduct_cat&post=37328"},{"taxonomy":"product_tag","embeddable":true,"href":"https:\/\/www.autonvaraosahaku.fi\/index.php?rest_route=%2Fwp%2Fv2%2Fproduct_tag&post=37328"}],"curies":[{"name":"wp","href":"https:\/\/api.w.org\/{rel}","templated":true}]}}