{"id":37347,"date":"2021-02-21T16:33:22","date_gmt":"2021-02-21T16:33:22","guid":{"rendered":"https:\/\/www.autonvaraosahaku.fi\/?product=trw-df6607s-jarrulevyt"},"modified":"2021-02-21T16:33:24","modified_gmt":"2021-02-21T16:33:24","slug":"trw-df6607s-jarrulevyt","status":"publish","type":"product","link":"https:\/\/www.autonvaraosahaku.fi\/?product=trw-df6607s-jarrulevyt","title":{"rendered":"TRW DF6607S Jarrulevyt"},"content":{"rendered":"<p>Jarrulevytyyppi: Tuuletettu, jarrulevy kaksiosainen; Reikien m\u00e4\u00e4r\u00e4: 5; Ulkol\u00e4pimitta [mm]: 345; keskitt\u00e4misl\u00e4pimitta [mm]: 75; Korkeus (mm): 66,2; Jarrulevyn paksuus (mm): 24; V\u00e4himm\u00e4ispaksuus (mm): 22,4; Reik\u00e4ympyr\u00e4-\u00d8 [mm]: 120; Kierre 1: 16,5; V\u00e4ri: Musta; Pinta: Lakattu; K\u00e4sittely: hiiliter\u00e4s; Asennuspuoli: Hinterachse; BMW: 3 Touring F31,3 F30, F35, F80,3 Gran Turismo F34,4 Coupe F32, F82,4 Cabriolet F33, F83,4 Gran Coupe F36; 34206797607, 6797607; Jarrulevy<\/p>\n","protected":false},"excerpt":{"rendered":"<p>TRW Jarrulevyt DF6607S Jarrulevy BMW,3 Touring F31,3 F30, F35, F80,3 Gran Turismo F34,4 Coupe F32, F82,4 Cabriolet F33, F83,4 Gran Coupe F36<\/p>\n","protected":false},"featured_media":0,"template":"","meta":{"site-sidebar-layout":"default","site-content-layout":"default","ast-global-header-display":"","ast-main-header-display":"","ast-hfb-above-header-display":"","ast-hfb-below-header-display":"","ast-hfb-mobile-header-display":"","site-post-title":"","ast-breadcrumbs-content":"","ast-featured-img":"","footer-sml-layout":"","theme-transparent-header-meta":"","adv-header-id-meta":"","stick-header-meta":"","header-above-stick-meta":"","header-main-stick-meta":"","header-below-stick-meta":""},"pwb-brand":[332],"product_cat":[66],"product_tag":[],"class_list":{"0":"post-37347","1":"product","2":"type-product","3":"status-publish","5":"pwb-brand-trw","6":"product_cat-jarrulevyt","7":"desktop-align-left","8":"tablet-align-left","9":"mobile-align-left","11":"first","12":"instock","13":"product-type-external"},"brands":[{"id":332,"name":"TRW","slug":"trw"}],"_links":{"self":[{"href":"https:\/\/www.autonvaraosahaku.fi\/index.php?rest_route=\/wp\/v2\/product\/37347","targetHints":{"allow":["GET"]}}],"collection":[{"href":"https:\/\/www.autonvaraosahaku.fi\/index.php?rest_route=\/wp\/v2\/product"}],"about":[{"href":"https:\/\/www.autonvaraosahaku.fi\/index.php?rest_route=\/wp\/v2\/types\/product"}],"wp:attachment":[{"href":"https:\/\/www.autonvaraosahaku.fi\/index.php?rest_route=%2Fwp%2Fv2%2Fmedia&parent=37347"}],"wp:term":[{"taxonomy":"pwb-brand","embeddable":true,"href":"https:\/\/www.autonvaraosahaku.fi\/index.php?rest_route=%2Fwp%2Fv2%2Fpwb-brand&post=37347"},{"taxonomy":"product_cat","embeddable":true,"href":"https:\/\/www.autonvaraosahaku.fi\/index.php?rest_route=%2Fwp%2Fv2%2Fproduct_cat&post=37347"},{"taxonomy":"product_tag","embeddable":true,"href":"https:\/\/www.autonvaraosahaku.fi\/index.php?rest_route=%2Fwp%2Fv2%2Fproduct_tag&post=37347"}],"curies":[{"name":"wp","href":"https:\/\/api.w.org\/{rel}","templated":true}]}}