{"id":37358,"date":"2021-02-21T16:33:22","date_gmt":"2021-02-21T16:33:22","guid":{"rendered":"https:\/\/www.autonvaraosahaku.fi\/?product=mapco-38692-kallistuksenvakaajan-puslat"},"modified":"2021-02-21T16:33:26","modified_gmt":"2021-02-21T16:33:26","slug":"mapco-38692-kallistuksenvakaajan-puslat","status":"publish","type":"product","link":"https:\/\/www.autonvaraosahaku.fi\/?product=mapco-38692-kallistuksenvakaajan-puslat","title":{"rendered":"MAPCO 38692 Kallistuksenvakaajan puslat"},"content":{"rendered":"<p>Kiinnitysmalli: Kumilaakeri; Asennuspuoli: etuakseli molemminpuoleinen; Sis\u00e4l\u00e4pimitta [mm]: 21,5; Tarvittava kappalem\u00e4\u00e4r\u00e4: 2; Alustarakenne: f\u00fcr Fahrzeuge ohne Sportfahrwerk; MINI: MINI R56,MINI Coupe R58; 31356772843, 31356772843; Kallistuksenvakaajan Kumit,Vakaajan Hela<\/p>\n","protected":false},"excerpt":{"rendered":"<p>MAPCO Kallistuksenvakaajan Puslat 38692 Kallistuksenvakaajan Kumit,Vakaajan Hela MINI,MINI R56,MINI Coupe R58<\/p>\n","protected":false},"featured_media":0,"template":"","meta":{"site-sidebar-layout":"default","site-content-layout":"default","ast-global-header-display":"","ast-main-header-display":"","ast-hfb-above-header-display":"","ast-hfb-below-header-display":"","ast-hfb-mobile-header-display":"","site-post-title":"","ast-breadcrumbs-content":"","ast-featured-img":"","footer-sml-layout":"","theme-transparent-header-meta":"","adv-header-id-meta":"","stick-header-meta":"","header-above-stick-meta":"","header-main-stick-meta":"","header-below-stick-meta":""},"pwb-brand":[36],"product_cat":[82],"product_tag":[],"class_list":{"0":"post-37358","1":"product","2":"type-product","3":"status-publish","5":"pwb-brand-mapco","6":"product_cat-kallistuksenvakaajan-puslat","7":"desktop-align-left","8":"tablet-align-left","9":"mobile-align-left","11":"first","12":"instock","13":"product-type-external"},"brands":[{"id":36,"name":"MAPCO","slug":"mapco"}],"_links":{"self":[{"href":"https:\/\/www.autonvaraosahaku.fi\/index.php?rest_route=\/wp\/v2\/product\/37358","targetHints":{"allow":["GET"]}}],"collection":[{"href":"https:\/\/www.autonvaraosahaku.fi\/index.php?rest_route=\/wp\/v2\/product"}],"about":[{"href":"https:\/\/www.autonvaraosahaku.fi\/index.php?rest_route=\/wp\/v2\/types\/product"}],"wp:attachment":[{"href":"https:\/\/www.autonvaraosahaku.fi\/index.php?rest_route=%2Fwp%2Fv2%2Fmedia&parent=37358"}],"wp:term":[{"taxonomy":"pwb-brand","embeddable":true,"href":"https:\/\/www.autonvaraosahaku.fi\/index.php?rest_route=%2Fwp%2Fv2%2Fpwb-brand&post=37358"},{"taxonomy":"product_cat","embeddable":true,"href":"https:\/\/www.autonvaraosahaku.fi\/index.php?rest_route=%2Fwp%2Fv2%2Fproduct_cat&post=37358"},{"taxonomy":"product_tag","embeddable":true,"href":"https:\/\/www.autonvaraosahaku.fi\/index.php?rest_route=%2Fwp%2Fv2%2Fproduct_tag&post=37358"}],"curies":[{"name":"wp","href":"https:\/\/api.w.org\/{rel}","templated":true}]}}