{"id":37391,"date":"2021-02-21T16:33:32","date_gmt":"2021-02-21T16:33:32","guid":{"rendered":"https:\/\/www.autonvaraosahaku.fi\/?product=febest-sbd-001-iskunvaimentimen-suojakumi-pohjaanlyontikumi"},"modified":"2021-02-21T16:33:34","modified_gmt":"2021-02-21T16:33:34","slug":"febest-sbd-001-iskunvaimentimen-suojakumi-pohjaanlyontikumi","status":"publish","type":"product","link":"https:\/\/www.autonvaraosahaku.fi\/?product=febest-sbd-001-iskunvaimentimen-suojakumi-pohjaanlyontikumi","title":{"rendered":"FEBEST SBD-001 Iskunvaimentimen suojakumi &#038; pohjaanly\u00f6ntikumi"},"content":{"rendered":"<p>Asennuspuoli: Etuakseli; Paino [kg]: 0,05; Pakkauspituus [cm]: 6,0; Pakkausleveys [cm]: 5,1; Pakkauskorkeus [mm]: 5,1; Valmistusp\u00e4iv\u00e4m\u00e4\u00e4r\u00e4st\u00e4: 198905; SUBARU: FORESTER SG,FORESTER SF,IMPREZA Stufenheck GD,LEGACY IV Station Wagon BL, BP, B13_,IMPREZA Schr\u00e4gheck GR, GH, G3,IMPREZA Station Wagon GG,XV,LEGACY III Station Wagon BE, BH,IMPREZA Stufenheck GC,LEGACY II Station Wagon BD, BG,IMPREZA Station Wagon GF,LEGACY IV BL, BP,LEGACY V Station Wagon BM, BR,BRZ,LEGACY III BE, BH,LEGACY I Station Wagon BC, BJF,LEGACY II BD, BG,IMPREZA Coupe GFC,IMPREZA Stufenheck GR,LEGACY I BC,LEGACY V BM, BR,LEGACY OUTBACK BG,IMPREZA Schr\u00e4gheck GP,IMPREZA GR  Station Wagon US,IMPREZA Stufenheck GJ,LEONE II,IMPREZA Schr\u00e4gheck GT_; 20321AA201; Vaimennuskumi, Jousitus<\/p>\n","protected":false},"excerpt":{"rendered":"<p>FEBEST Pohjaanly\u00f6ntikumi SBD-001 Vaimennuskumi, Jousitus SUBARU,FORESTER SG,FORESTER SF,IMPREZA Stufenheck GD,LEGACY IV Station Wagon BL, BP, B13_<\/p>\n","protected":false},"featured_media":0,"template":"","meta":{"site-sidebar-layout":"default","site-content-layout":"default","ast-global-header-display":"","ast-main-header-display":"","ast-hfb-above-header-display":"","ast-hfb-below-header-display":"","ast-hfb-mobile-header-display":"","site-post-title":"","ast-breadcrumbs-content":"","ast-featured-img":"","footer-sml-layout":"","theme-transparent-header-meta":"","adv-header-id-meta":"","stick-header-meta":"","header-above-stick-meta":"","header-main-stick-meta":"","header-below-stick-meta":""},"pwb-brand":[152],"product_cat":[92],"product_tag":[],"class_list":{"0":"post-37391","1":"product","2":"type-product","3":"status-publish","5":"pwb-brand-febest","6":"product_cat-iskunvaimentimen-suojakumi-pohjaanlyontikumi","7":"desktop-align-left","8":"tablet-align-left","9":"mobile-align-left","11":"first","12":"instock","13":"product-type-external"},"brands":[{"id":152,"name":"FEBEST","slug":"febest"}],"_links":{"self":[{"href":"https:\/\/www.autonvaraosahaku.fi\/index.php?rest_route=\/wp\/v2\/product\/37391","targetHints":{"allow":["GET"]}}],"collection":[{"href":"https:\/\/www.autonvaraosahaku.fi\/index.php?rest_route=\/wp\/v2\/product"}],"about":[{"href":"https:\/\/www.autonvaraosahaku.fi\/index.php?rest_route=\/wp\/v2\/types\/product"}],"wp:attachment":[{"href":"https:\/\/www.autonvaraosahaku.fi\/index.php?rest_route=%2Fwp%2Fv2%2Fmedia&parent=37391"}],"wp:term":[{"taxonomy":"pwb-brand","embeddable":true,"href":"https:\/\/www.autonvaraosahaku.fi\/index.php?rest_route=%2Fwp%2Fv2%2Fpwb-brand&post=37391"},{"taxonomy":"product_cat","embeddable":true,"href":"https:\/\/www.autonvaraosahaku.fi\/index.php?rest_route=%2Fwp%2Fv2%2Fproduct_cat&post=37391"},{"taxonomy":"product_tag","embeddable":true,"href":"https:\/\/www.autonvaraosahaku.fi\/index.php?rest_route=%2Fwp%2Fv2%2Fproduct_tag&post=37391"}],"curies":[{"name":"wp","href":"https:\/\/api.w.org\/{rel}","templated":true}]}}