{"id":37418,"date":"2021-02-21T16:33:37","date_gmt":"2021-02-21T16:33:37","guid":{"rendered":"https:\/\/www.autonvaraosahaku.fi\/?product=ipsa-pi017000-manta"},"modified":"2021-02-21T16:33:40","modified_gmt":"2021-02-21T16:33:40","slug":"ipsa-pi017000-manta","status":"publish","type":"product","link":"https:\/\/www.autonvaraosahaku.fi\/?product=ipsa-pi017000-manta","title":{"rendered":"IPSA PI017000 M\u00e4nt\u00e4"},"content":{"rendered":"<p>Sylinterin halkaisija [mm]: 91; Vakiomitta (STD): ; Pituus (mm): 81,85; Puristuskorkeus [mm]: 48,35; Syvennys 1 [mm]: -6,27; Venttiilitilasyvyys 1 [mm]: -1,05; Ruuvi-\u00d8 [mm]: 26,0; Pultinpituus [mm]: 74; Erittely: RC.SP; Lis\u00e4tarvike\/lis\u00e4tieto: M\u00e4nn\u00e4nrenkailla; TECDOC-moottorinumero: 2248; MERCEDES-BENZ: Stufenheck W123,KOMBI Kombi S123,T2\/L Kasten\/Kombi,T2\/L Pritsche\/Fahrgestell,O 309,UNIMOG; 6160303817, 6170300317, 6170301717, 6170303817; M\u00e4nn\u00e4t<\/p>\n","protected":false},"excerpt":{"rendered":"<p>IPSA M\u00e4nt\u00e4 PI017000 M\u00e4nn\u00e4t MERCEDES-BENZ,Stufenheck W123,KOMBI Kombi S123,T2\/L Kasten\/Kombi,T2\/L Pritsche\/Fahrgestell,O 309,UNIMOG<\/p>\n","protected":false},"featured_media":0,"template":"","meta":{"site-sidebar-layout":"default","site-content-layout":"default","ast-global-header-display":"","ast-main-header-display":"","ast-hfb-above-header-display":"","ast-hfb-below-header-display":"","ast-hfb-mobile-header-display":"","site-post-title":"","ast-breadcrumbs-content":"","ast-featured-img":"","footer-sml-layout":"","theme-transparent-header-meta":"","adv-header-id-meta":"","stick-header-meta":"","header-above-stick-meta":"","header-main-stick-meta":"","header-below-stick-meta":""},"pwb-brand":[360],"product_cat":[434],"product_tag":[],"class_list":{"0":"post-37418","1":"product","2":"type-product","3":"status-publish","5":"pwb-brand-ipsa","6":"product_cat-manta","7":"desktop-align-left","8":"tablet-align-left","9":"mobile-align-left","11":"first","12":"instock","13":"product-type-external"},"brands":[{"id":360,"name":"IPSA","slug":"ipsa"}],"_links":{"self":[{"href":"https:\/\/www.autonvaraosahaku.fi\/index.php?rest_route=\/wp\/v2\/product\/37418","targetHints":{"allow":["GET"]}}],"collection":[{"href":"https:\/\/www.autonvaraosahaku.fi\/index.php?rest_route=\/wp\/v2\/product"}],"about":[{"href":"https:\/\/www.autonvaraosahaku.fi\/index.php?rest_route=\/wp\/v2\/types\/product"}],"wp:attachment":[{"href":"https:\/\/www.autonvaraosahaku.fi\/index.php?rest_route=%2Fwp%2Fv2%2Fmedia&parent=37418"}],"wp:term":[{"taxonomy":"pwb-brand","embeddable":true,"href":"https:\/\/www.autonvaraosahaku.fi\/index.php?rest_route=%2Fwp%2Fv2%2Fpwb-brand&post=37418"},{"taxonomy":"product_cat","embeddable":true,"href":"https:\/\/www.autonvaraosahaku.fi\/index.php?rest_route=%2Fwp%2Fv2%2Fproduct_cat&post=37418"},{"taxonomy":"product_tag","embeddable":true,"href":"https:\/\/www.autonvaraosahaku.fi\/index.php?rest_route=%2Fwp%2Fv2%2Fproduct_tag&post=37418"}],"curies":[{"name":"wp","href":"https:\/\/api.w.org\/{rel}","templated":true}]}}