{"id":37474,"date":"2021-02-21T16:33:52","date_gmt":"2021-02-21T16:33:52","guid":{"rendered":"https:\/\/www.autonvaraosahaku.fi\/?product=skf-vkjc-8292-vetoakseli"},"modified":"2021-02-21T16:33:55","modified_gmt":"2021-02-21T16:33:55","slug":"skf-vkjc-8292-vetoakseli","status":"publish","type":"product","link":"https:\/\/www.autonvaraosahaku.fi\/?product=skf-vkjc-8292-vetoakseli","title":{"rendered":"SKF VKJC 8292 Vetoakseli"},"content":{"rendered":"<p>Pituus (mm): 934; Kierremitta: M24x1,5; Ulkohammastus, py\u00f6r\u00e4npuoli: 25; Ulkohammastus tasauspy\u00f6r\u00e4st\u00f6puoli: 25; Tiivisteen l\u00e4pimitta [mm]: 51; Pituus 2 (mm): 358; Korvaava tuote\/korvaava tiedote 2: laakerilla; Uusi osa: ; Nivelen l\u00e4pimitta py\u00f6r\u00e4puoli [mm]: 91; Nivelen l\u00e4pimitta vaihteistopuoli [mm]: 86; Asennuspuoli: Vorderachse rechts; ALFA ROMEO: 147 937,GT 937; 46308024<\/p>\n","protected":false},"excerpt":{"rendered":"<p>SKF Vetoakseli VKJC 8292  ALFA ROMEO,147 937,GT 937<\/p>\n","protected":false},"featured_media":0,"template":"","meta":{"site-sidebar-layout":"default","site-content-layout":"default","ast-global-header-display":"","ast-main-header-display":"","ast-hfb-above-header-display":"","ast-hfb-below-header-display":"","ast-hfb-mobile-header-display":"","site-post-title":"","ast-breadcrumbs-content":"","ast-featured-img":"","footer-sml-layout":"","theme-transparent-header-meta":"","adv-header-id-meta":"","stick-header-meta":"","header-above-stick-meta":"","header-main-stick-meta":"","header-below-stick-meta":""},"pwb-brand":[237],"product_cat":[215],"product_tag":[],"class_list":{"0":"post-37474","1":"product","2":"type-product","3":"status-publish","5":"pwb-brand-skf","6":"product_cat-vetoakseli","7":"desktop-align-left","8":"tablet-align-left","9":"mobile-align-left","11":"first","12":"instock","13":"product-type-external"},"brands":[{"id":237,"name":"SKF","slug":"skf"}],"_links":{"self":[{"href":"https:\/\/www.autonvaraosahaku.fi\/index.php?rest_route=\/wp\/v2\/product\/37474","targetHints":{"allow":["GET"]}}],"collection":[{"href":"https:\/\/www.autonvaraosahaku.fi\/index.php?rest_route=\/wp\/v2\/product"}],"about":[{"href":"https:\/\/www.autonvaraosahaku.fi\/index.php?rest_route=\/wp\/v2\/types\/product"}],"wp:attachment":[{"href":"https:\/\/www.autonvaraosahaku.fi\/index.php?rest_route=%2Fwp%2Fv2%2Fmedia&parent=37474"}],"wp:term":[{"taxonomy":"pwb-brand","embeddable":true,"href":"https:\/\/www.autonvaraosahaku.fi\/index.php?rest_route=%2Fwp%2Fv2%2Fpwb-brand&post=37474"},{"taxonomy":"product_cat","embeddable":true,"href":"https:\/\/www.autonvaraosahaku.fi\/index.php?rest_route=%2Fwp%2Fv2%2Fproduct_cat&post=37474"},{"taxonomy":"product_tag","embeddable":true,"href":"https:\/\/www.autonvaraosahaku.fi\/index.php?rest_route=%2Fwp%2Fv2%2Fproduct_tag&post=37474"}],"curies":[{"name":"wp","href":"https:\/\/api.w.org\/{rel}","templated":true}]}}