{"id":37486,"date":"2021-02-21T16:33:57","date_gmt":"2021-02-21T16:33:57","guid":{"rendered":"https:\/\/www.autonvaraosahaku.fi\/?product=vaico-v46-1712-pakoputken-asennussarja"},"modified":"2021-02-21T16:33:59","modified_gmt":"2021-02-21T16:33:59","slug":"vaico-v46-1712-pakoputken-asennussarja","status":"publish","type":"product","link":"https:\/\/www.autonvaraosahaku.fi\/?product=vaico-v46-1712-pakoputken-asennussarja","title":{"rendered":"VAICO V46-1712 Pakoputken asennussarja"},"content":{"rendered":"<p>Paino [kg]: 0,903; Pakkausleveys [cm]: 13,5; Pakkauskorkeus [mm]: 13,5; Pakkaussyvyys [cm]: 6; lis\u00e4tieto: CST99; Pakoputkisto: f\u00fcr Endschalld\u00e4mpfer; RENAULT: CLIO II BB0\/1\/2_, CB0\/1\/2_,CLIO III BR0\/1, CR0\/1,KANGOO KC0\/1_,MODUS \/ GRAND MODUS F\/JP0_,KANGOO Express FC0\/1_,CLIO Grandtour KR0\/1_; FIAT: PUNTO 188,PUNTO Van 188AX; 206515699R, 8200114739<\/p>\n","protected":false},"excerpt":{"rendered":"<p>VAICO Pidike, Pakoputkisto V46-1712  RENAULT,FIAT,CLIO II BB0\/1\/2_, CB0\/1\/2_,CLIO III BR0\/1, CR0\/1,KANGOO KC0\/1_,MODUS \/ GRAND MODUS F\/JP0_<\/p>\n","protected":false},"featured_media":0,"template":"","meta":{"site-sidebar-layout":"default","site-content-layout":"default","ast-global-header-display":"","ast-main-header-display":"","ast-hfb-above-header-display":"","ast-hfb-below-header-display":"","ast-hfb-mobile-header-display":"","site-post-title":"","ast-breadcrumbs-content":"","ast-featured-img":"","footer-sml-layout":"","theme-transparent-header-meta":"","adv-header-id-meta":"","stick-header-meta":"","header-above-stick-meta":"","header-main-stick-meta":"","header-below-stick-meta":""},"pwb-brand":[330],"product_cat":[101],"product_tag":[],"class_list":{"0":"post-37486","1":"product","2":"type-product","3":"status-publish","5":"pwb-brand-vaico","6":"product_cat-pakoputken-asennussarja","7":"desktop-align-left","8":"tablet-align-left","9":"mobile-align-left","11":"first","12":"instock","13":"product-type-external"},"brands":[{"id":330,"name":"VAICO","slug":"vaico"}],"_links":{"self":[{"href":"https:\/\/www.autonvaraosahaku.fi\/index.php?rest_route=\/wp\/v2\/product\/37486","targetHints":{"allow":["GET"]}}],"collection":[{"href":"https:\/\/www.autonvaraosahaku.fi\/index.php?rest_route=\/wp\/v2\/product"}],"about":[{"href":"https:\/\/www.autonvaraosahaku.fi\/index.php?rest_route=\/wp\/v2\/types\/product"}],"wp:attachment":[{"href":"https:\/\/www.autonvaraosahaku.fi\/index.php?rest_route=%2Fwp%2Fv2%2Fmedia&parent=37486"}],"wp:term":[{"taxonomy":"pwb-brand","embeddable":true,"href":"https:\/\/www.autonvaraosahaku.fi\/index.php?rest_route=%2Fwp%2Fv2%2Fpwb-brand&post=37486"},{"taxonomy":"product_cat","embeddable":true,"href":"https:\/\/www.autonvaraosahaku.fi\/index.php?rest_route=%2Fwp%2Fv2%2Fproduct_cat&post=37486"},{"taxonomy":"product_tag","embeddable":true,"href":"https:\/\/www.autonvaraosahaku.fi\/index.php?rest_route=%2Fwp%2Fv2%2Fproduct_tag&post=37486"}],"curies":[{"name":"wp","href":"https:\/\/api.w.org\/{rel}","templated":true}]}}