{"id":37500,"date":"2021-02-21T16:34:02","date_gmt":"2021-02-21T16:34:02","guid":{"rendered":"https:\/\/www.autonvaraosahaku.fi\/?product=topran-821-397-kampiakselin-asentotunnistin"},"modified":"2021-02-21T16:34:03","modified_gmt":"2021-02-21T16:34:03","slug":"topran-821-397-kampiakselin-asentotunnistin","status":"publish","type":"product","link":"https:\/\/www.autonvaraosahaku.fi\/?product=topran-821-397-kampiakselin-asentotunnistin","title":{"rendered":"TOPRAN 821 397 Kampiakselin asentotunnistin"},"content":{"rendered":"<p>Pistokkeen kotelon muoto: suorakulmainen (rectangular); Napojen m\u00e4\u00e4r\u00e4: 3; Korvaava tuote\/korvaava tiedote 2: ilman kaapelia; Valmistusmaa: Republik Korea (S\u00fcdkorea); KIA: SORENTO I JC,PICANTO BA,MAGENTIS GD; HYUNDAI: GETZ TB,SANTA F\u00c9 I SM,ATOS MX,TRAJET FO,SONATA IV EF,H-1 \/ STAREX; 3931038050, 3931038050; Nokka Akselin Anturi,Nokka Akselin Tunnistin,Tunnistin, Nokka-Akselin Ajoitus<\/p>\n","protected":false},"excerpt":{"rendered":"<p>TOPRAN Nokka Akselin Asentotunnistin 821 397 Nokka Akselin Anturi,Nokka Akselin Tunnistin KIA,HYUNDAI,SORENTO I JC,PICANTO BA,MAGENTIS GD,GETZ TB<\/p>\n","protected":false},"featured_media":0,"template":"","meta":{"site-sidebar-layout":"default","site-content-layout":"default","ast-global-header-display":"","ast-main-header-display":"","ast-hfb-above-header-display":"","ast-hfb-below-header-display":"","ast-hfb-mobile-header-display":"","site-post-title":"","ast-breadcrumbs-content":"","ast-featured-img":"","footer-sml-layout":"","theme-transparent-header-meta":"","adv-header-id-meta":"","stick-header-meta":"","header-above-stick-meta":"","header-main-stick-meta":"","header-below-stick-meta":""},"pwb-brand":[18],"product_cat":[184],"product_tag":[],"class_list":{"0":"post-37500","1":"product","2":"type-product","3":"status-publish","5":"pwb-brand-topran","6":"product_cat-kampiakselin-asentotunnistin","7":"desktop-align-left","8":"tablet-align-left","9":"mobile-align-left","11":"first","12":"instock","13":"product-type-external"},"brands":[{"id":18,"name":"TOPRAN","slug":"topran"}],"_links":{"self":[{"href":"https:\/\/www.autonvaraosahaku.fi\/index.php?rest_route=\/wp\/v2\/product\/37500","targetHints":{"allow":["GET"]}}],"collection":[{"href":"https:\/\/www.autonvaraosahaku.fi\/index.php?rest_route=\/wp\/v2\/product"}],"about":[{"href":"https:\/\/www.autonvaraosahaku.fi\/index.php?rest_route=\/wp\/v2\/types\/product"}],"wp:attachment":[{"href":"https:\/\/www.autonvaraosahaku.fi\/index.php?rest_route=%2Fwp%2Fv2%2Fmedia&parent=37500"}],"wp:term":[{"taxonomy":"pwb-brand","embeddable":true,"href":"https:\/\/www.autonvaraosahaku.fi\/index.php?rest_route=%2Fwp%2Fv2%2Fpwb-brand&post=37500"},{"taxonomy":"product_cat","embeddable":true,"href":"https:\/\/www.autonvaraosahaku.fi\/index.php?rest_route=%2Fwp%2Fv2%2Fproduct_cat&post=37500"},{"taxonomy":"product_tag","embeddable":true,"href":"https:\/\/www.autonvaraosahaku.fi\/index.php?rest_route=%2Fwp%2Fv2%2Fproduct_tag&post=37500"}],"curies":[{"name":"wp","href":"https:\/\/api.w.org\/{rel}","templated":true}]}}