{"id":37512,"date":"2021-02-21T16:34:02","date_gmt":"2021-02-21T16:34:02","guid":{"rendered":"https:\/\/www.autonvaraosahaku.fi\/?product=esen-skv-28skv001-peruutustutka-anturit"},"modified":"2021-02-21T16:34:05","modified_gmt":"2021-02-21T16:34:05","slug":"esen-skv-28skv001-peruutustutka-anturit","status":"publish","type":"product","link":"https:\/\/www.autonvaraosahaku.fi\/?product=esen-skv-28skv001-peruutustutka-anturit","title":{"rendered":"ESEN SKV 28SKV001 Peruutustutka anturit"},"content":{"rendered":"<p>J\u00e4nnite (V): 12; Paino [kg]: 0,03; K\u00e4ytt\u00f6: S\u00e4hk\u00f6inen; Muoto: Kulmikas; Tunnistinmalli: Ultra\u00e4\u00e4nitunnistin; Napojen m\u00e4\u00e4r\u00e4: 3; Valmistusvuoteen: 03\/2009; BMW: 3 Touring E91,3 E90,X1 E84,1 E81,1 F20,3 Coupe E92,3 Cabriolet E93,1 Cabriolet E88,1 Coupe E82,Z4 E89; 0393938, 2180146, 2241246, 2241429, 2241431, 393938, 62609921621, 66200393938, 66202180146, 66202241429, 66202241431, 66206698965, 66206934308, 66206935597, 66206935598, 66206935599, 66206935600, 66206940623, 66206940624, 66206940625, 66206951674, 66206955116, 66206956742, 66206956744, 66206956746, 66206956748, 66206956750, 66206974890, 66206988965, 66207837273, 66207844600, 66208037843, 66208046453, 66208046454, 66208046455, 66208046702, 66208050152, 66209111165, 66209114342, 66209114344, 66209124582, 66209124583, 66209124585, 66209124586, 66209140942, 66209149025, 66209162926, 66209162930, 66209191400, 66209191402, 66209196705, 66209206443, 66209221621, 66209221622, 66209222074, 66209255135, 66209263924, 66209263925, 66209263926, 66209289022, 66209921621, 66216955997, 66216988965, 6698965, 6914058, 6935597, 6935598, 6935599, 6935600, 6940623, 6940624, 6940625, 6951674, 6955116, 6955997, 6956742, 6956744, 6956746, 6956748, 6956750, 6974890, 6988965, 6989078, 6989080, 6989082, 698908&#8230;; Tunnistin, Et\u00e4isyystunnistin<\/p>\n","protected":false},"excerpt":{"rendered":"<p>ESEN SKV Peruutustutka Anturit 28SKV001 Tunnistin, Et\u00e4isyystunnistin BMW,3 Touring E91,3 E90,X1 E84,1 E81,1 F20,3 Coupe E92,3 Cabriolet E93<\/p>\n","protected":false},"featured_media":0,"template":"","meta":{"site-sidebar-layout":"default","site-content-layout":"default","ast-global-header-display":"","ast-main-header-display":"","ast-hfb-above-header-display":"","ast-hfb-below-header-display":"","ast-hfb-mobile-header-display":"","site-post-title":"","ast-breadcrumbs-content":"","ast-featured-img":"","footer-sml-layout":"","theme-transparent-header-meta":"","adv-header-id-meta":"","stick-header-meta":"","header-above-stick-meta":"","header-main-stick-meta":"","header-below-stick-meta":""},"pwb-brand":[384],"product_cat":[217],"product_tag":[],"class_list":{"0":"post-37512","1":"product","2":"type-product","3":"status-publish","5":"pwb-brand-esen-skv","6":"product_cat-peruutustutka-anturit","7":"desktop-align-left","8":"tablet-align-left","9":"mobile-align-left","11":"first","12":"instock","13":"product-type-external"},"brands":[{"id":384,"name":"ESEN SKV","slug":"esen-skv"}],"_links":{"self":[{"href":"https:\/\/www.autonvaraosahaku.fi\/index.php?rest_route=\/wp\/v2\/product\/37512","targetHints":{"allow":["GET"]}}],"collection":[{"href":"https:\/\/www.autonvaraosahaku.fi\/index.php?rest_route=\/wp\/v2\/product"}],"about":[{"href":"https:\/\/www.autonvaraosahaku.fi\/index.php?rest_route=\/wp\/v2\/types\/product"}],"wp:attachment":[{"href":"https:\/\/www.autonvaraosahaku.fi\/index.php?rest_route=%2Fwp%2Fv2%2Fmedia&parent=37512"}],"wp:term":[{"taxonomy":"pwb-brand","embeddable":true,"href":"https:\/\/www.autonvaraosahaku.fi\/index.php?rest_route=%2Fwp%2Fv2%2Fpwb-brand&post=37512"},{"taxonomy":"product_cat","embeddable":true,"href":"https:\/\/www.autonvaraosahaku.fi\/index.php?rest_route=%2Fwp%2Fv2%2Fproduct_cat&post=37512"},{"taxonomy":"product_tag","embeddable":true,"href":"https:\/\/www.autonvaraosahaku.fi\/index.php?rest_route=%2Fwp%2Fv2%2Fproduct_tag&post=37512"}],"curies":[{"name":"wp","href":"https:\/\/api.w.org\/{rel}","templated":true}]}}