{"id":37530,"date":"2021-02-21T16:34:07","date_gmt":"2021-02-21T16:34:07","guid":{"rendered":"https:\/\/www.autonvaraosahaku.fi\/?product=rotovis-automotive-electrics-8013240-starttimoottori"},"modified":"2021-02-21T16:34:10","modified_gmt":"2021-02-21T16:34:10","slug":"rotovis-automotive-electrics-8013240-starttimoottori","status":"publish","type":"product","link":"https:\/\/www.autonvaraosahaku.fi\/?product=rotovis-automotive-electrics-8013240-starttimoottori","title":{"rendered":"ROTOVIS Automotive Electrics 8013240 Starttimoottori"},"content":{"rendered":"<p>J\u00e4nnite (V): 12; K\u00e4ynnistinmoottori teho (kW): 1,7; Hammasluku: 10, 11, 12; Reikien m\u00e4\u00e4r\u00e4: 3; Asento \/ aste: li 45; Organisaationumeroon: 3648; LANCIA: PHEDRA 179,ZETA 220; FIAT: ULYSSE 179AX,SCUDO Kasten 220L,SCUDO Combinato 220P; CITRO\u00cbN: BERLINGO MF,XSARA PICASSO N68,C5 III Break TD_,C8 EA_, EB_,C4 I LC_,BERLINGO Kasten M_,C5 II Break RE_,C5 I DC_,C5 I Break DE_,C5 III RD_,XSARA N1,C4 Coupe LA_,C5 II RC_,XSARA Break N2,JUMPER Kasten 244,C6 TD_,XM Y4,XANTIA X2,XSARA Coupe N0,XANTIA X1,EVASION 22, U6,XANTIA Break X2,ZX N2,BX XB-_,C25 Bus 280_, 290_,JUMPY U6U,JUMPY Kasten BS_, BT_, BY_, BZ_,JUMPER Kasten 230L,JUMPER Bus 244, Z_,XM Y3,XANTIA Break X1,JUMPER Bus 230P,ZX Break N2,JUMPER Pritsche\/Fahrgestell 244,XM Break Y4,JUMPER Pritsche\/Fahrgestell 230,BX Break XB-_,C15 VD-_,JUMPY Pritsche\/Fahrgestell BU_, BV_, BW_, BX_,XM Break Y3; PEUGEOT: 206 Schr\u00e4gheck 2A\/C,307 SW 3H,407 SW 6E_,307 3A\/C,206 SW 2E\/K,307 Break 3E,306 Schr\u00e4gheck 7A, 7C, N3, N5,607 9D, 9U,407 6D_,406 Break 8E\/F,PARTNER Combispace 5F,205 II 20A\/C,PARTNER Kasten 5,406 Coupe 8C,306 Break 7E, N3, N5,406 8B,J5 Pritsche\/Fahrgestell 290L,806 221,BOXER Kasten 230L,BOXER Kasten 244,306 7B, N3, N5,EXPERT Kasten 222,J5 Bus 290P,309 II 3C, 3A,205 I 741A\/C,J5 Kasten 290L,405 I 15B,BOXER Bus 230P,BOXER Bus 244, Z_,BOXER Pritsche\/Fahrgestell ZCT_,605 6B,EXPERT 224,405 II 4B,309 I 10C, 10A,BOXER Pritsche\/Fahrgestell 244,405 II Break 4E,405 I Break 15E,305 II 581M,305 II Break 581E,EXPERT Pritsche\/Fahrgestell 223; TALBOT: HORIZON; 555836, 580236, 580292, 5802A6, 5802C3, 5802C4, 5802CJ, 5802E2, 5802EQ, 5802G9, 5802H7, 5802H8, 5802L4, 91040098, 9151431280, 95607234, 71722374, 71722375, 71728811, 71782363, 71782364, 9603503580, 9625382680, M001T50171, M001T50172, M001T58172, M001T80081, M001T80082, M001T80841, M1T50171, M1T50172, M1T58172, M1T80081, M1T80082, M1T80841, A04009880; Startti,K\u00e4ynnistinmoottori<\/p>\n","protected":false},"excerpt":{"rendered":"<p>ROTOVIS Automotive Electrics Starttimoottori 8013240 Startti,K\u00e4ynnistinmoottori LANCIA,FIAT,CITRO\u00cbN,PHEDRA 179,ZETA 220,ULYSSE 179AX,SCUDO Kasten 220L<\/p>\n","protected":false},"featured_media":0,"template":"","meta":{"site-sidebar-layout":"default","site-content-layout":"default","ast-global-header-display":"","ast-main-header-display":"","ast-hfb-above-header-display":"","ast-hfb-below-header-display":"","ast-hfb-mobile-header-display":"","site-post-title":"","ast-breadcrumbs-content":"","ast-featured-img":"","footer-sml-layout":"","theme-transparent-header-meta":"","adv-header-id-meta":"","stick-header-meta":"","header-above-stick-meta":"","header-main-stick-meta":"","header-below-stick-meta":""},"pwb-brand":[417],"product_cat":[295],"product_tag":[],"class_list":{"0":"post-37530","1":"product","2":"type-product","3":"status-publish","5":"pwb-brand-rotovis-automotive-electrics","6":"product_cat-starttimoottori","7":"desktop-align-left","8":"tablet-align-left","9":"mobile-align-left","11":"first","12":"instock","13":"product-type-external"},"brands":[{"id":417,"name":"ROTOVIS Automotive Electrics","slug":"rotovis-automotive-electrics"}],"_links":{"self":[{"href":"https:\/\/www.autonvaraosahaku.fi\/index.php?rest_route=\/wp\/v2\/product\/37530","targetHints":{"allow":["GET"]}}],"collection":[{"href":"https:\/\/www.autonvaraosahaku.fi\/index.php?rest_route=\/wp\/v2\/product"}],"about":[{"href":"https:\/\/www.autonvaraosahaku.fi\/index.php?rest_route=\/wp\/v2\/types\/product"}],"wp:attachment":[{"href":"https:\/\/www.autonvaraosahaku.fi\/index.php?rest_route=%2Fwp%2Fv2%2Fmedia&parent=37530"}],"wp:term":[{"taxonomy":"pwb-brand","embeddable":true,"href":"https:\/\/www.autonvaraosahaku.fi\/index.php?rest_route=%2Fwp%2Fv2%2Fpwb-brand&post=37530"},{"taxonomy":"product_cat","embeddable":true,"href":"https:\/\/www.autonvaraosahaku.fi\/index.php?rest_route=%2Fwp%2Fv2%2Fproduct_cat&post=37530"},{"taxonomy":"product_tag","embeddable":true,"href":"https:\/\/www.autonvaraosahaku.fi\/index.php?rest_route=%2Fwp%2Fv2%2Fproduct_tag&post=37530"}],"curies":[{"name":"wp","href":"https:\/\/api.w.org\/{rel}","templated":true}]}}