{"id":37533,"date":"2021-02-21T16:34:07","date_gmt":"2021-02-21T16:34:07","guid":{"rendered":"https:\/\/www.autonvaraosahaku.fi\/?product=ecs-bw-008-b1-muut-luokat"},"modified":"2021-02-21T16:34:10","modified_gmt":"2021-02-21T16:34:10","slug":"ecs-bw-008-b1-muut-luokat","status":"publish","type":"product","link":"https:\/\/www.autonvaraosahaku.fi\/?product=ecs-bw-008-b1-muut-luokat","title":{"rendered":"ECS BW-008-B1 Muut luokat"},"content":{"rendered":"<p>Pistorasia, vetokoukku: 7; J\u00e4nnite (V): 12; Korvaava tuote\/korvaava tiedote 2: Ei vaadi aktivointia; Vetokoukku: Vilkkureleell\u00e4, seuranta, Per\u00e4vaunuille LED-valoilla, automaattisella sumutakavalojen sammutuksella, pys\u00e4k\u00f6intitutkan automaattinen poiskytkent\u00e4; Asennusaika enint\u00e4\u00e4n (min): 60; Varusteet: Autoihin ilman Check controllia, Autoihin, joissa Check control, Ajon. ilman alkuper\u00e4ist\u00e4 pistokeliit\u00e4nt\u00e4\u00e4; Valmistusvuoteen: 02\/2014; BMW: 3 Touring E91,3 E90,5 E60,1 E87,5 Touring E61,5 Touring F11,5 F10, F18,X1 E84,1 E81,1 F20,X5 E70,X3 F25,3 Coupe E92,3 Touring F31,3 F30, F35, F80,3 Cabriolet E93,7 E65, E66, E67,1 F21,1 Cabriolet E88,7 F01, F02, F03, F04,1 Coupe E82,5 Gran Turismo F07,X6 E71, E72,3 Gran Turismo F34<\/p>\n","protected":false},"excerpt":{"rendered":"<p>ECS S\u00e4hk\u00f6sarja, Vetokoukku BW-008-B1  BMW,3 Touring E91,3 E90,5 E60,1 E87,5 Touring E61,5 Touring F11,5 F10, F18,X1 E84,1 E81,1 F20,X5 E70,X3 F25<\/p>\n","protected":false},"featured_media":0,"template":"","meta":{"site-sidebar-layout":"default","site-content-layout":"default","ast-global-header-display":"","ast-main-header-display":"","ast-hfb-above-header-display":"","ast-hfb-below-header-display":"","ast-hfb-mobile-header-display":"","site-post-title":"","ast-breadcrumbs-content":"","ast-featured-img":"","footer-sml-layout":"","theme-transparent-header-meta":"","adv-header-id-meta":"","stick-header-meta":"","header-above-stick-meta":"","header-main-stick-meta":"","header-below-stick-meta":""},"pwb-brand":[503],"product_cat":[37],"product_tag":[],"class_list":{"0":"post-37533","1":"product","2":"type-product","3":"status-publish","5":"pwb-brand-ecs","6":"product_cat-muut-luokat","7":"desktop-align-left","8":"tablet-align-left","9":"mobile-align-left","11":"first","12":"instock","13":"product-type-external"},"brands":[{"id":503,"name":"ECS","slug":"ecs"}],"_links":{"self":[{"href":"https:\/\/www.autonvaraosahaku.fi\/index.php?rest_route=\/wp\/v2\/product\/37533","targetHints":{"allow":["GET"]}}],"collection":[{"href":"https:\/\/www.autonvaraosahaku.fi\/index.php?rest_route=\/wp\/v2\/product"}],"about":[{"href":"https:\/\/www.autonvaraosahaku.fi\/index.php?rest_route=\/wp\/v2\/types\/product"}],"wp:attachment":[{"href":"https:\/\/www.autonvaraosahaku.fi\/index.php?rest_route=%2Fwp%2Fv2%2Fmedia&parent=37533"}],"wp:term":[{"taxonomy":"pwb-brand","embeddable":true,"href":"https:\/\/www.autonvaraosahaku.fi\/index.php?rest_route=%2Fwp%2Fv2%2Fpwb-brand&post=37533"},{"taxonomy":"product_cat","embeddable":true,"href":"https:\/\/www.autonvaraosahaku.fi\/index.php?rest_route=%2Fwp%2Fv2%2Fproduct_cat&post=37533"},{"taxonomy":"product_tag","embeddable":true,"href":"https:\/\/www.autonvaraosahaku.fi\/index.php?rest_route=%2Fwp%2Fv2%2Fproduct_tag&post=37533"}],"curies":[{"name":"wp","href":"https:\/\/api.w.org\/{rel}","templated":true}]}}