{"id":37543,"date":"2021-02-21T16:34:12","date_gmt":"2021-02-21T16:34:12","guid":{"rendered":"https:\/\/www.autonvaraosahaku.fi\/?product=optimal-g0-784-raidetanko"},"modified":"2021-02-21T16:34:13","modified_gmt":"2021-02-21T16:34:13","slug":"optimal-g0-784-raidetanko","status":"publish","type":"product","link":"https:\/\/www.autonvaraosahaku.fi\/?product=optimal-g0-784-raidetanko","title":{"rendered":"OPTIMAL G0-784 Raidetanko"},"content":{"rendered":"<p>Asennuspuoli: Vasen, Etuakseli; Pituus (mm): 373,7; Tarvittava kappalem\u00e4\u00e4r\u00e4: 1; Kartiomitta (mm): 14,7; Asennusmalli: Esiasennettu; M\u00e4\u00e4r\u00e4yksikk\u00f6: Sarja; Ulkokierre 1 [mm]: M12 x 1,50 RHT M; Ulkokierre 2 [mm]: M14 x 1,50 RHT M; parilliset tuotenumerot: G0-785; MERCEDES-BENZ: A-CLASS W168; 1683301335, 1683301535, A1683301335, A1683301535<\/p>\n","protected":false},"excerpt":{"rendered":"<p>OPTIMAL Raidetanko G0-784  MERCEDES-BENZ,A-CLASS W168<\/p>\n","protected":false},"featured_media":0,"template":"","meta":{"site-sidebar-layout":"default","site-content-layout":"default","ast-global-header-display":"","ast-main-header-display":"","ast-hfb-above-header-display":"","ast-hfb-below-header-display":"","ast-hfb-mobile-header-display":"","site-post-title":"","ast-breadcrumbs-content":"","ast-featured-img":"","footer-sml-layout":"","theme-transparent-header-meta":"","adv-header-id-meta":"","stick-header-meta":"","header-above-stick-meta":"","header-main-stick-meta":"","header-below-stick-meta":""},"pwb-brand":[307],"product_cat":[258],"product_tag":[],"class_list":{"0":"post-37543","1":"product","2":"type-product","3":"status-publish","5":"pwb-brand-optimal","6":"product_cat-raidetanko","7":"desktop-align-left","8":"tablet-align-left","9":"mobile-align-left","11":"first","12":"instock","13":"product-type-external"},"brands":[{"id":307,"name":"OPTIMAL","slug":"optimal"}],"_links":{"self":[{"href":"https:\/\/www.autonvaraosahaku.fi\/index.php?rest_route=\/wp\/v2\/product\/37543","targetHints":{"allow":["GET"]}}],"collection":[{"href":"https:\/\/www.autonvaraosahaku.fi\/index.php?rest_route=\/wp\/v2\/product"}],"about":[{"href":"https:\/\/www.autonvaraosahaku.fi\/index.php?rest_route=\/wp\/v2\/types\/product"}],"wp:attachment":[{"href":"https:\/\/www.autonvaraosahaku.fi\/index.php?rest_route=%2Fwp%2Fv2%2Fmedia&parent=37543"}],"wp:term":[{"taxonomy":"pwb-brand","embeddable":true,"href":"https:\/\/www.autonvaraosahaku.fi\/index.php?rest_route=%2Fwp%2Fv2%2Fpwb-brand&post=37543"},{"taxonomy":"product_cat","embeddable":true,"href":"https:\/\/www.autonvaraosahaku.fi\/index.php?rest_route=%2Fwp%2Fv2%2Fproduct_cat&post=37543"},{"taxonomy":"product_tag","embeddable":true,"href":"https:\/\/www.autonvaraosahaku.fi\/index.php?rest_route=%2Fwp%2Fv2%2Fproduct_tag&post=37543"}],"curies":[{"name":"wp","href":"https:\/\/api.w.org\/{rel}","templated":true}]}}