{"id":37547,"date":"2021-02-21T16:34:12","date_gmt":"2021-02-21T16:34:12","guid":{"rendered":"https:\/\/www.autonvaraosahaku.fi\/?product=autofren-seinsa-d7271c-jarrusatula-korjaussarja"},"modified":"2021-02-21T16:34:14","modified_gmt":"2021-02-21T16:34:14","slug":"autofren-seinsa-d7271c-jarrusatula-korjaussarja","status":"publish","type":"product","link":"https:\/\/www.autonvaraosahaku.fi\/?product=autofren-seinsa-d7271c-jarrusatula-korjaussarja","title":{"rendered":"AUTOFREN SEINSA D7271C Jarrusatula korjaussarja"},"content":{"rendered":"<p>T\u00e4yssarja: ; Jarruj\u00e4rjestelm\u00e4: LUCAS; L\u00e4pimitta [mm]: 10; Asennuspuoli: Hinterachse; MERCEDES-BENZ: A-CLASS W168,VANEO 414; OPEL: CORSA C F08, F68,MERIVA,TIGRA TwinTop,COMBO Kasten\/Kombi,COMBO Tour,CORSA C Kasten F08, W5L; RENAULT: 19 I Chamade L53_; VAUXHALL: CORSA Mk II C W5L, F08,MERIVA Mk I A,CORSAVAN Mk II C,TIGRA Convertible,COMBO TOUR Mk II C F25,COMBO Mk II C Kasten\/Kombi F25; 1684200115, 1684200215, 1684200315, 1684200815, 1684200915, 1684201415, 1684201515, 1684202215, 1684202315, 1684202415, 1684202915, A1684202915, 09200235, 09200236, 546320, 546321, 546345, 546346, 546368, 546369, 546370, 546371, 546445, 546446, 546447, 9200225, 9200226, 93172259, 93172260, 93173626, 93173627, 93174730, 93174731, 93185382, 93188449, 93188450; Ohjainhylsysarja, Jarrusatula<\/p>\n","protected":false},"excerpt":{"rendered":"<p>AUTOFREN SEINSA Ohjaustappi D7271C Ohjainhylsysarja, Jarrusatula MERCEDES-BENZ,OPEL,RENAULT,A-CLASS W168,VANEO 414,CORSA C F08, F68,MERIVA<\/p>\n","protected":false},"featured_media":0,"template":"","meta":{"site-sidebar-layout":"default","site-content-layout":"default","ast-global-header-display":"","ast-main-header-display":"","ast-hfb-above-header-display":"","ast-hfb-below-header-display":"","ast-hfb-mobile-header-display":"","site-post-title":"","ast-breadcrumbs-content":"","ast-featured-img":"","footer-sml-layout":"","theme-transparent-header-meta":"","adv-header-id-meta":"","stick-header-meta":"","header-above-stick-meta":"","header-main-stick-meta":"","header-below-stick-meta":""},"pwb-brand":[243],"product_cat":[57],"product_tag":[],"class_list":{"0":"post-37547","1":"product","2":"type-product","3":"status-publish","5":"pwb-brand-autofren-seinsa","6":"product_cat-jarrusatula-korjaussarja","7":"desktop-align-left","8":"tablet-align-left","9":"mobile-align-left","11":"first","12":"instock","13":"product-type-external"},"brands":[{"id":243,"name":"AUTOFREN SEINSA","slug":"autofren-seinsa"}],"_links":{"self":[{"href":"https:\/\/www.autonvaraosahaku.fi\/index.php?rest_route=\/wp\/v2\/product\/37547","targetHints":{"allow":["GET"]}}],"collection":[{"href":"https:\/\/www.autonvaraosahaku.fi\/index.php?rest_route=\/wp\/v2\/product"}],"about":[{"href":"https:\/\/www.autonvaraosahaku.fi\/index.php?rest_route=\/wp\/v2\/types\/product"}],"wp:attachment":[{"href":"https:\/\/www.autonvaraosahaku.fi\/index.php?rest_route=%2Fwp%2Fv2%2Fmedia&parent=37547"}],"wp:term":[{"taxonomy":"pwb-brand","embeddable":true,"href":"https:\/\/www.autonvaraosahaku.fi\/index.php?rest_route=%2Fwp%2Fv2%2Fpwb-brand&post=37547"},{"taxonomy":"product_cat","embeddable":true,"href":"https:\/\/www.autonvaraosahaku.fi\/index.php?rest_route=%2Fwp%2Fv2%2Fproduct_cat&post=37547"},{"taxonomy":"product_tag","embeddable":true,"href":"https:\/\/www.autonvaraosahaku.fi\/index.php?rest_route=%2Fwp%2Fv2%2Fproduct_tag&post=37547"}],"curies":[{"name":"wp","href":"https:\/\/api.w.org\/{rel}","templated":true}]}}