{"id":37562,"date":"2021-02-21T16:34:17","date_gmt":"2021-02-21T16:34:17","guid":{"rendered":"https:\/\/www.autonvaraosahaku.fi\/?product=febi-bilstein-105954-pissapojan-pumppu"},"modified":"2021-02-21T16:34:18","modified_gmt":"2021-02-21T16:34:18","slug":"febi-bilstein-105954-pissapojan-pumppu","status":"publish","type":"product","link":"https:\/\/www.autonvaraosahaku.fi\/?product=febi-bilstein-105954-pissapojan-pumppu","title":{"rendered":"FEBI BILSTEIN 105954 Pissapojan pumppu"},"content":{"rendered":"<p>Pumpputyyppi: Kaksoispumppu; Liittimi\u00e4: 2; Asennuspuoli: Edess\u00e4, Edess\u00e4; Paino [kg]: 0,102, 0,102; Varusteet: f\u00fcr Fahrzeuge mit Heckscheibenwischer; OPEL: ASTRA H Caravan L35,ASTRA J Sports Tourer,INSIGNIA Caravan,ASTRA J,MERIVA B,ZAFIRA TOURER C P12,MOKKA,ADAM,INSIGNIA,ASTRA GTC J,CORSA E,ASTRA K,ASTRA K Caravan,KARL,INSIGNIA A Country Tourer G09,CROSSLAND X,GRANDLAND X A18,CORSA E Van,INSIGNIA CC,ASTRA CLASSIC L48,INSIGNIA B Country Tourer Z18; CHEVROLET: ORLANDO J309,CRUZE Station Wagon J308,AVEO Schr\u00e4gheck T300,CRUZE Schr\u00e4gheck J305,TRAX,AVEO Stufenheck T300,MALIBU; VAUXHALL: INSIGNIA Mk I A,ZAFIRA Mk II B M75,ADAM,INSIGNIA Mk I A Estate,ZAFIRA Mk III P12,ASTRA Mk VI J CC,ASTRA Mk VI J,MERIVA Mk II B,ASTRA Mk VI J Estate,MOKKA,CROSSLAND X,INSIGNIA Mk II B Country Tourer Z18,INSIGNIA Mk I A Country Tourer G09,GRANDLAND X A18,ASTRA Mk VII K Estate,ASTRA Mk VII K,CORSA Mk IV E; 13250357, 13349273, 13250357, 13349273, 1450059, 013250357, 13250357; Pesurin Pumppu,Lasinpesurin Pumppu,Pesunestepumppu, Lasinpesu<\/p>\n","protected":false},"excerpt":{"rendered":"<p>FEBI BILSTEIN Pissapojan Pumppu 105954 Pesurin Pumppu,Lasinpesurin Pumppu OPEL,CHEVROLET,VAUXHALL,ASTRA H Caravan L35,ASTRA J Sports Tourer<\/p>\n","protected":false},"featured_media":0,"template":"","meta":{"site-sidebar-layout":"default","site-content-layout":"default","ast-global-header-display":"","ast-main-header-display":"","ast-hfb-above-header-display":"","ast-hfb-below-header-display":"","ast-hfb-mobile-header-display":"","site-post-title":"","ast-breadcrumbs-content":"","ast-featured-img":"","footer-sml-layout":"","theme-transparent-header-meta":"","adv-header-id-meta":"","stick-header-meta":"","header-above-stick-meta":"","header-main-stick-meta":"","header-below-stick-meta":""},"pwb-brand":[50],"product_cat":[182],"product_tag":[],"class_list":{"0":"post-37562","1":"product","2":"type-product","3":"status-publish","5":"pwb-brand-febi-bilstein","6":"product_cat-pissapojan-pumppu","7":"desktop-align-left","8":"tablet-align-left","9":"mobile-align-left","11":"first","12":"instock","13":"product-type-external"},"brands":[{"id":50,"name":"FEBI BILSTEIN","slug":"febi-bilstein"}],"_links":{"self":[{"href":"https:\/\/www.autonvaraosahaku.fi\/index.php?rest_route=\/wp\/v2\/product\/37562","targetHints":{"allow":["GET"]}}],"collection":[{"href":"https:\/\/www.autonvaraosahaku.fi\/index.php?rest_route=\/wp\/v2\/product"}],"about":[{"href":"https:\/\/www.autonvaraosahaku.fi\/index.php?rest_route=\/wp\/v2\/types\/product"}],"wp:attachment":[{"href":"https:\/\/www.autonvaraosahaku.fi\/index.php?rest_route=%2Fwp%2Fv2%2Fmedia&parent=37562"}],"wp:term":[{"taxonomy":"pwb-brand","embeddable":true,"href":"https:\/\/www.autonvaraosahaku.fi\/index.php?rest_route=%2Fwp%2Fv2%2Fpwb-brand&post=37562"},{"taxonomy":"product_cat","embeddable":true,"href":"https:\/\/www.autonvaraosahaku.fi\/index.php?rest_route=%2Fwp%2Fv2%2Fproduct_cat&post=37562"},{"taxonomy":"product_tag","embeddable":true,"href":"https:\/\/www.autonvaraosahaku.fi\/index.php?rest_route=%2Fwp%2Fv2%2Fproduct_tag&post=37562"}],"curies":[{"name":"wp","href":"https:\/\/api.w.org\/{rel}","templated":true}]}}