{"id":37576,"date":"2021-02-21T16:34:17","date_gmt":"2021-02-21T16:34:17","guid":{"rendered":"https:\/\/www.autonvaraosahaku.fi\/?product=autofren-seinsa-d1128-muut-luokat"},"modified":"2021-02-21T16:34:21","modified_gmt":"2021-02-21T16:34:21","slug":"autofren-seinsa-d1128-muut-luokat","status":"publish","type":"product","link":"https:\/\/www.autonvaraosahaku.fi\/?product=autofren-seinsa-d1128-muut-luokat","title":{"rendered":"AUTOFREN SEINSA D1128 Muut luokat"},"content":{"rendered":"<p>L\u00e4pimitta [mm]: 24; Jarruj\u00e4rjestelm\u00e4: ATE-FAG; AUDI: 100 4A, C4,100 44, 44Q, C3,100 Avant 4A, C4,100 Avant 44, 44Q, C3,200 44, 44Q,100 C1,100 Coupe C1,100 43, C2,100 Avant 43, C2; BMW: 6 E24,5 E12; HONDA: ACCORD V CE, CF; ROVER: 25 RF,200 RF,45 Stufenheck RT,45 RT,200 Hatchback XW,200 Coupe XW,400 Tourer XW,400 XW; MERCEDES-BENZ: COUPE W111,HECKFLOSSE W111, W112; OPEL: REKORD C Coupe; FORD: GALAXY WGR; RENAULT: SAFRANE II B54_,TRAFIC Kasten TXX,TRAFIC Bus TXW,SAFRANE I B54_,TRAFIC Pritsche\/Fahrgestell PXX; MG: MG ZR; 34311103743, 0005860643, 0005865188, 1605160, 7700707146, 7700795275, 7701026031, 7701034549, 7701201647<\/p>\n","protected":false},"excerpt":{"rendered":"<p>AUTOFREN SEINSA Korjaussarja, Jarrup\u00e4\u00e4sylinteri D1128  AUDI,BMW,HONDA,100 4A, C4,100 44, 44Q, C3,100 Avant 4A, C4,100 Avant 44, 44Q, C3,200 44, 44Q<\/p>\n","protected":false},"featured_media":0,"template":"","meta":{"site-sidebar-layout":"default","site-content-layout":"default","ast-global-header-display":"","ast-main-header-display":"","ast-hfb-above-header-display":"","ast-hfb-below-header-display":"","ast-hfb-mobile-header-display":"","site-post-title":"","ast-breadcrumbs-content":"","ast-featured-img":"","footer-sml-layout":"","theme-transparent-header-meta":"","adv-header-id-meta":"","stick-header-meta":"","header-above-stick-meta":"","header-main-stick-meta":"","header-below-stick-meta":""},"pwb-brand":[243],"product_cat":[37],"product_tag":[],"class_list":{"0":"post-37576","1":"product","2":"type-product","3":"status-publish","5":"pwb-brand-autofren-seinsa","6":"product_cat-muut-luokat","7":"desktop-align-left","8":"tablet-align-left","9":"mobile-align-left","11":"first","12":"instock","13":"product-type-external"},"brands":[{"id":243,"name":"AUTOFREN SEINSA","slug":"autofren-seinsa"}],"_links":{"self":[{"href":"https:\/\/www.autonvaraosahaku.fi\/index.php?rest_route=\/wp\/v2\/product\/37576","targetHints":{"allow":["GET"]}}],"collection":[{"href":"https:\/\/www.autonvaraosahaku.fi\/index.php?rest_route=\/wp\/v2\/product"}],"about":[{"href":"https:\/\/www.autonvaraosahaku.fi\/index.php?rest_route=\/wp\/v2\/types\/product"}],"wp:attachment":[{"href":"https:\/\/www.autonvaraosahaku.fi\/index.php?rest_route=%2Fwp%2Fv2%2Fmedia&parent=37576"}],"wp:term":[{"taxonomy":"pwb-brand","embeddable":true,"href":"https:\/\/www.autonvaraosahaku.fi\/index.php?rest_route=%2Fwp%2Fv2%2Fpwb-brand&post=37576"},{"taxonomy":"product_cat","embeddable":true,"href":"https:\/\/www.autonvaraosahaku.fi\/index.php?rest_route=%2Fwp%2Fv2%2Fproduct_cat&post=37576"},{"taxonomy":"product_tag","embeddable":true,"href":"https:\/\/www.autonvaraosahaku.fi\/index.php?rest_route=%2Fwp%2Fv2%2Fproduct_tag&post=37576"}],"curies":[{"name":"wp","href":"https:\/\/api.w.org\/{rel}","templated":true}]}}