{"id":37597,"date":"2021-02-21T16:34:22","date_gmt":"2021-02-21T16:34:22","guid":{"rendered":"https:\/\/www.autonvaraosahaku.fi\/?product=elring-878-110-kierretulppa"},"modified":"2021-02-21T16:34:26","modified_gmt":"2021-02-21T16:34:26","slug":"elring-878-110-kierretulppa","status":"publish","type":"product","link":"https:\/\/www.autonvaraosahaku.fi\/?product=elring-878-110-kierretulppa","title":{"rendered":"ELRING 878.110 Kierretulppa"},"content":{"rendered":"<p>Korvaava tuote\/korvaava tiedote 2: Tiivisterenkaalla; Kierremitta: M 12&#215;1,25&#215;13; Ruuvikanta\/mutteriprofiili: Kuusioruuvi \/-mutteri, Kuusioruuvi \/-mutteri; Pituus (mm): 13; JEEP: RENEGADE Gel\u00e4ndewagen geschlossen BU,COMPASS; ABARTH: 500 \/ 595 312_,500C \/ 595C 312_,PUNTO 199_,PUNTO EVO 199_,124 Spider 348_; OPEL: COMBO Kasten\/Kombi X12,COMBO Tour X12; LANCIA: YPSILON 843,DELTA III 844,MUSA 350,YPSILON 312, 846; FIAT: GRANDE PUNTO 199,PUNTO 188,PANDA 169,500 312,STILO 192,BRAVO II 198,PUNTO EVO 199,500 C 312,STILO Multi Wagon 192,DOBLO Kasten\/Kombi 263,PUNTO 199,IDEA,PANDA 312,500L,DOBLO Gro\u00dfraumlimousine 152, 263,LINEA 323,PUNTO Van 199,DOBLO Pritsche\/Fahrgestell 263,PALIO 178BX,500X,TIPO Schr\u00e4gheck 356_,PANDA VAN 312,TIPO Kombi 356_,TIPO Stufenheck 356_,124 Spider 348_; ALFA ROMEO: GIULIETTA 940,MITO 955; TATA (TELCO): INDICA VISTA; VAUXHALL: COMBO Mk III D Kasten\/Kombi; 55184773; \u00d6ljytulppa,Kierretulppa, \u00d6ljypohja<\/p>\n","protected":false},"excerpt":{"rendered":"<p>ELRING Kierretulppa 878.110 \u00d6ljytulppa,Kierretulppa, \u00d6ljypohja JEEP,ABARTH,OPEL,RENEGADE Gel\u00e4ndewagen geschlossen BU,COMPASS,500 \/ 595 312_<\/p>\n","protected":false},"featured_media":0,"template":"","meta":{"site-sidebar-layout":"default","site-content-layout":"default","ast-global-header-display":"","ast-main-header-display":"","ast-hfb-above-header-display":"","ast-hfb-below-header-display":"","ast-hfb-mobile-header-display":"","site-post-title":"","ast-breadcrumbs-content":"","ast-featured-img":"","footer-sml-layout":"","theme-transparent-header-meta":"","adv-header-id-meta":"","stick-header-meta":"","header-above-stick-meta":"","header-main-stick-meta":"","header-below-stick-meta":""},"pwb-brand":[26],"product_cat":[40],"product_tag":[],"class_list":{"0":"post-37597","1":"product","2":"type-product","3":"status-publish","5":"pwb-brand-elring","6":"product_cat-kierretulppa","7":"desktop-align-left","8":"tablet-align-left","9":"mobile-align-left","11":"first","12":"instock","13":"product-type-external"},"brands":[{"id":26,"name":"ELRING","slug":"elring"}],"_links":{"self":[{"href":"https:\/\/www.autonvaraosahaku.fi\/index.php?rest_route=\/wp\/v2\/product\/37597","targetHints":{"allow":["GET"]}}],"collection":[{"href":"https:\/\/www.autonvaraosahaku.fi\/index.php?rest_route=\/wp\/v2\/product"}],"about":[{"href":"https:\/\/www.autonvaraosahaku.fi\/index.php?rest_route=\/wp\/v2\/types\/product"}],"wp:attachment":[{"href":"https:\/\/www.autonvaraosahaku.fi\/index.php?rest_route=%2Fwp%2Fv2%2Fmedia&parent=37597"}],"wp:term":[{"taxonomy":"pwb-brand","embeddable":true,"href":"https:\/\/www.autonvaraosahaku.fi\/index.php?rest_route=%2Fwp%2Fv2%2Fpwb-brand&post=37597"},{"taxonomy":"product_cat","embeddable":true,"href":"https:\/\/www.autonvaraosahaku.fi\/index.php?rest_route=%2Fwp%2Fv2%2Fproduct_cat&post=37597"},{"taxonomy":"product_tag","embeddable":true,"href":"https:\/\/www.autonvaraosahaku.fi\/index.php?rest_route=%2Fwp%2Fv2%2Fproduct_tag&post=37597"}],"curies":[{"name":"wp","href":"https:\/\/api.w.org\/{rel}","templated":true}]}}