{"id":37616,"date":"2021-02-21T16:34:27","date_gmt":"2021-02-21T16:34:27","guid":{"rendered":"https:\/\/www.autonvaraosahaku.fi\/?product=esen-skv-00skv502-ikkunannostin"},"modified":"2021-02-21T16:34:31","modified_gmt":"2021-02-21T16:34:31","slug":"esen-skv-00skv502-ikkunannostin","status":"publish","type":"product","link":"https:\/\/www.autonvaraosahaku.fi\/?product=esen-skv-00skv502-ikkunannostin","title":{"rendered":"ESEN SKV 00SKV502 Ikkunannostin"},"content":{"rendered":"<p>J\u00e4nnite (V): 12; Asennuspuoli: Eteen, oikea; Paino [kg]: 1,53; K\u00e4ytt\u00f6: S\u00e4hk\u00f6inen; Lis\u00e4tarvike\/lis\u00e4tieto: S\u00e4hk\u00f6moottorilla; parilliset tuotenumerot: 00SKV501; Ikkunannostimet: Yksikiskoinen innunannostin; NISSAN: PRIMASTAR Bus X83,PRIMASTAR Kasten X83; OPEL: VIVARO Kasten F7,VIVARO Combi J7,VIVARO Pritsche\/Fahrgestell E7; RENAULT: TRAFIC II Bus JL,TRAFIC II Kasten FL,TRAFIC II Pritsche\/Fahrgestell EL,TRAFIC III Kasten,TRAFIC III Bus; VAUXHALL: VIVARO Kasten F7,VIVARO Pritsche\/Fahrgestell E7,VIVARO Combi J7; 4408555, 440855591165705, 7700311821, 91165705, 7700311821; Lasinnostin<\/p>\n","protected":false},"excerpt":{"rendered":"<p>ESEN SKV Ikkunannostin 00SKV502 Lasinnostin NISSAN,OPEL,RENAULT,PRIMASTAR Bus X83,PRIMASTAR Kasten X83,VIVARO Kasten F7,VIVARO Combi J7<\/p>\n","protected":false},"featured_media":0,"template":"","meta":{"site-sidebar-layout":"default","site-content-layout":"default","ast-global-header-display":"","ast-main-header-display":"","ast-hfb-above-header-display":"","ast-hfb-below-header-display":"","ast-hfb-mobile-header-display":"","site-post-title":"","ast-breadcrumbs-content":"","ast-featured-img":"","footer-sml-layout":"","theme-transparent-header-meta":"","adv-header-id-meta":"","stick-header-meta":"","header-above-stick-meta":"","header-main-stick-meta":"","header-below-stick-meta":""},"pwb-brand":[384],"product_cat":[203],"product_tag":[],"class_list":{"0":"post-37616","1":"product","2":"type-product","3":"status-publish","5":"pwb-brand-esen-skv","6":"product_cat-ikkunannostin","7":"desktop-align-left","8":"tablet-align-left","9":"mobile-align-left","11":"first","12":"instock","13":"product-type-external"},"brands":[{"id":384,"name":"ESEN SKV","slug":"esen-skv"}],"_links":{"self":[{"href":"https:\/\/www.autonvaraosahaku.fi\/index.php?rest_route=\/wp\/v2\/product\/37616","targetHints":{"allow":["GET"]}}],"collection":[{"href":"https:\/\/www.autonvaraosahaku.fi\/index.php?rest_route=\/wp\/v2\/product"}],"about":[{"href":"https:\/\/www.autonvaraosahaku.fi\/index.php?rest_route=\/wp\/v2\/types\/product"}],"wp:attachment":[{"href":"https:\/\/www.autonvaraosahaku.fi\/index.php?rest_route=%2Fwp%2Fv2%2Fmedia&parent=37616"}],"wp:term":[{"taxonomy":"pwb-brand","embeddable":true,"href":"https:\/\/www.autonvaraosahaku.fi\/index.php?rest_route=%2Fwp%2Fv2%2Fpwb-brand&post=37616"},{"taxonomy":"product_cat","embeddable":true,"href":"https:\/\/www.autonvaraosahaku.fi\/index.php?rest_route=%2Fwp%2Fv2%2Fproduct_cat&post=37616"},{"taxonomy":"product_tag","embeddable":true,"href":"https:\/\/www.autonvaraosahaku.fi\/index.php?rest_route=%2Fwp%2Fv2%2Fproduct_tag&post=37616"}],"curies":[{"name":"wp","href":"https:\/\/api.w.org\/{rel}","templated":true}]}}