{"id":37640,"date":"2021-02-21T16:34:37","date_gmt":"2021-02-21T16:34:37","guid":{"rendered":"https:\/\/www.autonvaraosahaku.fi\/?product=elring-926-940-tiivisteet"},"modified":"2021-02-21T16:34:38","modified_gmt":"2021-02-21T16:34:38","slug":"elring-926-940-tiivisteet","status":"publish","type":"product","link":"https:\/\/www.autonvaraosahaku.fi\/?product=elring-926-940-tiivisteet","title":{"rendered":"ELRING 926.940 Tiivisteet"},"content":{"rendered":"<p>Kiinnitysreikien lukum\u00e4\u00e4r\u00e4: 3; TECDOC-moottorinumero: 20706; NISSAN: PRIMASTAR Bus X83,PRIMASTAR Kasten X83,INTERSTAR Kasten X70,INTERSTAR Bus X70,INTERSTAR Pritsche\/Fahrgestell,PRIMASTAR Pritsche\/Fahrgestell; OPEL: VIVARO Kasten F7,VIVARO Combi J7,MOVANO Kasten F9,MOVANO Combi J9,VIVARO Pritsche\/Fahrgestell E7,MOVANO Pritsche\/Fahrgestell U9, E9,MOVANO Kipper H9; RENAULT: SC\u00c9NIC II JM0\/1_,MEGANE II Kombi KM0\/1_,MEGANE II BM0\/1_, CM0\/1_,TRAFIC II Bus JL,MASTER II Kasten FD,TRAFIC II Kasten FL,GRAND SC\u00c9NIC II JM0\/1_,MEGANE II Stufenheck LM0\/1_,MASTER II Pritsche\/Fahrgestell ED\/HD\/UD,MASTER II Bus JD,TRAFIC II Pritsche\/Fahrgestell EL,MEGANE II Kasten\/Kombi KM_,MEGANE II Hatchback Van KM0\/2_; VAUXHALL: VIVARO Kasten F7,MOVANO Mk I A Van FD,VIVARO Pritsche\/Fahrgestell E7,MOVANO Mk I A Combi JD,VIVARO Combi J7; 1471900QAB, 14719BN700, 14719BN701, 09201823, 4412050, 4506173, 93160831, 8200259649, 8200469586, 8200488774, 8200656008<\/p>\n","protected":false},"excerpt":{"rendered":"<p>ELRING Tiiviste, EGR-Venttiili 926.940  NISSAN,OPEL,RENAULT,PRIMASTAR Bus X83,PRIMASTAR Kasten X83,INTERSTAR Kasten X70,INTERSTAR Bus X70<\/p>\n","protected":false},"featured_media":0,"template":"","meta":{"site-sidebar-layout":"default","site-content-layout":"default","ast-global-header-display":"","ast-main-header-display":"","ast-hfb-above-header-display":"","ast-hfb-below-header-display":"","ast-hfb-mobile-header-display":"","site-post-title":"","ast-breadcrumbs-content":"","ast-featured-img":"","footer-sml-layout":"","theme-transparent-header-meta":"","adv-header-id-meta":"","stick-header-meta":"","header-above-stick-meta":"","header-main-stick-meta":"","header-below-stick-meta":""},"pwb-brand":[26],"product_cat":[27],"product_tag":[],"class_list":{"0":"post-37640","1":"product","2":"type-product","3":"status-publish","5":"pwb-brand-elring","6":"product_cat-tiivisteet","7":"desktop-align-left","8":"tablet-align-left","9":"mobile-align-left","11":"first","12":"instock","13":"product-type-external"},"brands":[{"id":26,"name":"ELRING","slug":"elring"}],"_links":{"self":[{"href":"https:\/\/www.autonvaraosahaku.fi\/index.php?rest_route=\/wp\/v2\/product\/37640","targetHints":{"allow":["GET"]}}],"collection":[{"href":"https:\/\/www.autonvaraosahaku.fi\/index.php?rest_route=\/wp\/v2\/product"}],"about":[{"href":"https:\/\/www.autonvaraosahaku.fi\/index.php?rest_route=\/wp\/v2\/types\/product"}],"wp:attachment":[{"href":"https:\/\/www.autonvaraosahaku.fi\/index.php?rest_route=%2Fwp%2Fv2%2Fmedia&parent=37640"}],"wp:term":[{"taxonomy":"pwb-brand","embeddable":true,"href":"https:\/\/www.autonvaraosahaku.fi\/index.php?rest_route=%2Fwp%2Fv2%2Fpwb-brand&post=37640"},{"taxonomy":"product_cat","embeddable":true,"href":"https:\/\/www.autonvaraosahaku.fi\/index.php?rest_route=%2Fwp%2Fv2%2Fproduct_cat&post=37640"},{"taxonomy":"product_tag","embeddable":true,"href":"https:\/\/www.autonvaraosahaku.fi\/index.php?rest_route=%2Fwp%2Fv2%2Fproduct_tag&post=37640"}],"curies":[{"name":"wp","href":"https:\/\/api.w.org\/{rel}","templated":true}]}}