{"id":37658,"date":"2021-02-21T16:34:37","date_gmt":"2021-02-21T16:34:37","guid":{"rendered":"https:\/\/www.autonvaraosahaku.fi\/?product=daco-germany-522372-iskunvaimennin"},"modified":"2021-02-21T16:34:41","modified_gmt":"2021-02-21T16:34:41","slug":"daco-germany-522372-iskunvaimennin","status":"publish","type":"product","link":"https:\/\/www.autonvaraosahaku.fi\/?product=daco-germany-522372-iskunvaimennin","title":{"rendered":"DACO Germany 522372 Iskunvaimennin"},"content":{"rendered":"<p>Asennuspuoli: Taka-akseli; Iskunvaimennin tyyppi: \u00d6ljypaine; Iskunvaimennin asennustapa: Tappi ylh\u00e4\u00e4ll\u00e4, Silmukka alhaalla, Tappi ylh\u00e4\u00e4ll\u00e4; Lis\u00e4tarvike\/lis\u00e4tieto: Ilman jousilautasta; Valmistusvuoteen: 08\/1999; VW: POLO 6N2,POLO 6N1,POLO CLASSIC 6KV2; SEAT: IBIZA II 6K1,CORDOBA 6K1, 6K2; 62678, 67053, 67054, 67066, 6N0513031P, 6N0513031T, 191513033P, 1H0513035, 1H0513035E, 6K0513031, 6K0513031B, 6K0513031F, 6K0513031G, 6K0513031H, 6K0513031J, 6K0513031K, 6K0513031L, 6K0513031P, 6K0513031R, 6K0513031T, 6K0513033A, 6K0513033B, 6N0513031A, 6N0513031E, 6N0513031G, 6N0513031H, 6N0513031L; Iskarit,Iskunvaimennin<\/p>\n","protected":false},"excerpt":{"rendered":"<p>DACO Germany Iskunvaimentimet 522372 Iskarit,Iskunvaimennin VW,SEAT,POLO 6N2,POLO 6N1,POLO CLASSIC 6KV2,IBIZA II 6K1,CORDOBA 6K1, 6K2<\/p>\n","protected":false},"featured_media":0,"template":"","meta":{"site-sidebar-layout":"default","site-content-layout":"default","ast-global-header-display":"","ast-main-header-display":"","ast-hfb-above-header-display":"","ast-hfb-below-header-display":"","ast-hfb-mobile-header-display":"","site-post-title":"","ast-breadcrumbs-content":"","ast-featured-img":"","footer-sml-layout":"","theme-transparent-header-meta":"","adv-header-id-meta":"","stick-header-meta":"","header-above-stick-meta":"","header-main-stick-meta":"","header-below-stick-meta":""},"pwb-brand":[349],"product_cat":[80],"product_tag":[],"class_list":{"0":"post-37658","1":"product","2":"type-product","3":"status-publish","5":"pwb-brand-daco-germany","6":"product_cat-iskunvaimennin","7":"desktop-align-left","8":"tablet-align-left","9":"mobile-align-left","11":"first","12":"instock","13":"product-type-external"},"brands":[{"id":349,"name":"DACO Germany","slug":"daco-germany"}],"_links":{"self":[{"href":"https:\/\/www.autonvaraosahaku.fi\/index.php?rest_route=\/wp\/v2\/product\/37658","targetHints":{"allow":["GET"]}}],"collection":[{"href":"https:\/\/www.autonvaraosahaku.fi\/index.php?rest_route=\/wp\/v2\/product"}],"about":[{"href":"https:\/\/www.autonvaraosahaku.fi\/index.php?rest_route=\/wp\/v2\/types\/product"}],"wp:attachment":[{"href":"https:\/\/www.autonvaraosahaku.fi\/index.php?rest_route=%2Fwp%2Fv2%2Fmedia&parent=37658"}],"wp:term":[{"taxonomy":"pwb-brand","embeddable":true,"href":"https:\/\/www.autonvaraosahaku.fi\/index.php?rest_route=%2Fwp%2Fv2%2Fpwb-brand&post=37658"},{"taxonomy":"product_cat","embeddable":true,"href":"https:\/\/www.autonvaraosahaku.fi\/index.php?rest_route=%2Fwp%2Fv2%2Fproduct_cat&post=37658"},{"taxonomy":"product_tag","embeddable":true,"href":"https:\/\/www.autonvaraosahaku.fi\/index.php?rest_route=%2Fwp%2Fv2%2Fproduct_tag&post=37658"}],"curies":[{"name":"wp","href":"https:\/\/api.w.org\/{rel}","templated":true}]}}