{"id":37679,"date":"2021-02-21T16:34:47","date_gmt":"2021-02-21T16:34:47","guid":{"rendered":"https:\/\/www.autonvaraosahaku.fi\/?product=febi-bilstein-170630-kallistuksenvakaajan-puslat"},"modified":"2021-02-21T16:34:48","modified_gmt":"2021-02-21T16:34:48","slug":"febi-bilstein-170630-kallistuksenvakaajan-puslat","status":"publish","type":"product","link":"https:\/\/www.autonvaraosahaku.fi\/?product=febi-bilstein-170630-kallistuksenvakaajan-puslat","title":{"rendered":"FEBI BILSTEIN 170630 Kallistuksenvakaajan puslat"},"content":{"rendered":"<p>Pituus (mm): 38; Leveys (mm): 46,0; Paksuus [mm]: 54,0; Sis\u00e4l\u00e4pimitta [mm]: 23,0; Ulkol\u00e4pimitta [mm]: 46,0; Materiaali: Kumi, Kumi kudosvahvikkeella; Asennuspuoli: etuakseli molemminpuoleinen; Paino [kg]: 0,064; Varusteet: f\u00fcr Fahrzeuge ohne Hochdach; OPEL: VIVARO Kasten F7,VIVARO Combi J7,VIVARO Pritsche\/Fahrgestell E7,VIVARO Combi,VIVARO Kasten,VIVARO Pritsche\/Fahrgestell; RENAULT: TRAFIC II Bus JL,TRAFIC II Kasten FL,TRAFIC II Pritsche\/Fahrgestell EL; VAUXHALL: VIVARO Kasten F7,VIVARO Kasten,VIVARO Combi,VIVARO Combi J7,VIVARO Pritsche\/Fahrgestell E7; 6000620074, 4408905, 4408905SK, 4417971, 4417971SK, 4418991, 4418991SK, 4418992, 4418992SK, 546113587R, 546113587RSK, 8200048177, 8200048177SK, 8200629180, 8200629180SK, 8200845492, 8200845492SK, 4408905, 4408905SK, 4417971, 4417971SK, 4418991, 4418991SK, 91166695, 91166695SK, 93456353, 93456353SK, 93858901, 93858901SK, 93861802, 93861802SK; Kallistuksenvakaajan Kumit,Vakaajan Hela<\/p>\n","protected":false},"excerpt":{"rendered":"<p>FEBI BILSTEIN Kallistuksenvakaajan Puslat 170630 Kallistuksenvakaajan Kumit,Vakaajan Hela OPEL,RENAULT,VAUXHALL,VIVARO Kasten F7,VIVARO Combi J7<\/p>\n","protected":false},"featured_media":0,"template":"","meta":{"site-sidebar-layout":"default","site-content-layout":"default","ast-global-header-display":"","ast-main-header-display":"","ast-hfb-above-header-display":"","ast-hfb-below-header-display":"","ast-hfb-mobile-header-display":"","site-post-title":"","ast-breadcrumbs-content":"","ast-featured-img":"","footer-sml-layout":"","theme-transparent-header-meta":"","adv-header-id-meta":"","stick-header-meta":"","header-above-stick-meta":"","header-main-stick-meta":"","header-below-stick-meta":""},"pwb-brand":[50],"product_cat":[82],"product_tag":[],"class_list":{"0":"post-37679","1":"product","2":"type-product","3":"status-publish","5":"pwb-brand-febi-bilstein","6":"product_cat-kallistuksenvakaajan-puslat","7":"desktop-align-left","8":"tablet-align-left","9":"mobile-align-left","11":"first","12":"instock","13":"product-type-external"},"brands":[{"id":50,"name":"FEBI BILSTEIN","slug":"febi-bilstein"}],"_links":{"self":[{"href":"https:\/\/www.autonvaraosahaku.fi\/index.php?rest_route=\/wp\/v2\/product\/37679","targetHints":{"allow":["GET"]}}],"collection":[{"href":"https:\/\/www.autonvaraosahaku.fi\/index.php?rest_route=\/wp\/v2\/product"}],"about":[{"href":"https:\/\/www.autonvaraosahaku.fi\/index.php?rest_route=\/wp\/v2\/types\/product"}],"wp:attachment":[{"href":"https:\/\/www.autonvaraosahaku.fi\/index.php?rest_route=%2Fwp%2Fv2%2Fmedia&parent=37679"}],"wp:term":[{"taxonomy":"pwb-brand","embeddable":true,"href":"https:\/\/www.autonvaraosahaku.fi\/index.php?rest_route=%2Fwp%2Fv2%2Fpwb-brand&post=37679"},{"taxonomy":"product_cat","embeddable":true,"href":"https:\/\/www.autonvaraosahaku.fi\/index.php?rest_route=%2Fwp%2Fv2%2Fproduct_cat&post=37679"},{"taxonomy":"product_tag","embeddable":true,"href":"https:\/\/www.autonvaraosahaku.fi\/index.php?rest_route=%2Fwp%2Fv2%2Fproduct_tag&post=37679"}],"curies":[{"name":"wp","href":"https:\/\/api.w.org\/{rel}","templated":true}]}}