{"id":37684,"date":"2021-02-21T16:34:47","date_gmt":"2021-02-21T16:34:47","guid":{"rendered":"https:\/\/www.autonvaraosahaku.fi\/?product=vegaz-ldg-100-pakoputken-asennussarja"},"modified":"2021-02-21T16:34:49","modified_gmt":"2021-02-21T16:34:49","slug":"vegaz-ldg-100-pakoputken-asennussarja","status":"publish","type":"product","link":"https:\/\/www.autonvaraosahaku.fi\/?product=vegaz-ldg-100-pakoputken-asennussarja","title":{"rendered":"VEGAZ LDG-100 Pakoputken asennussarja"},"content":{"rendered":"<p>Paino [kg]: 0,01; Kuvan mukainen: ; Pakoputkisto: f\u00fcr Endschalld\u00e4mpfer; LADA: NIVA 2121,NIVA II 2123,KALINA Kombi 1117,KALINA Schr\u00e4gheck 1119,111 2111,PRIORA Kombi 2171,KALINA Stufenheck 1118,GRANTA 2190,112 2112,PRIORA Schr\u00e4gheck 2172,KALINA Kombi 2194,KALINA Schr\u00e4gheck 2192,GRANTA Schr\u00e4gheck 2191; 212131203073, 212131203073, 21213120307300, 21213120307382<\/p>\n","protected":false},"excerpt":{"rendered":"<p>VEGAZ Pidike, Pakoputkisto LDG-100  LADA,NIVA 2121,NIVA II 2123,KALINA Kombi 1117,KALINA Schr\u00e4gheck 1119,111 2111,PRIORA Kombi 2171<\/p>\n","protected":false},"featured_media":0,"template":"","meta":{"site-sidebar-layout":"default","site-content-layout":"default","ast-global-header-display":"","ast-main-header-display":"","ast-hfb-above-header-display":"","ast-hfb-below-header-display":"","ast-hfb-mobile-header-display":"","site-post-title":"","ast-breadcrumbs-content":"","ast-featured-img":"","footer-sml-layout":"","theme-transparent-header-meta":"","adv-header-id-meta":"","stick-header-meta":"","header-above-stick-meta":"","header-main-stick-meta":"","header-below-stick-meta":""},"pwb-brand":[306],"product_cat":[101],"product_tag":[],"class_list":{"0":"post-37684","1":"product","2":"type-product","3":"status-publish","5":"pwb-brand-vegaz","6":"product_cat-pakoputken-asennussarja","7":"desktop-align-left","8":"tablet-align-left","9":"mobile-align-left","11":"first","12":"instock","13":"product-type-external"},"brands":[{"id":306,"name":"VEGAZ","slug":"vegaz"}],"_links":{"self":[{"href":"https:\/\/www.autonvaraosahaku.fi\/index.php?rest_route=\/wp\/v2\/product\/37684","targetHints":{"allow":["GET"]}}],"collection":[{"href":"https:\/\/www.autonvaraosahaku.fi\/index.php?rest_route=\/wp\/v2\/product"}],"about":[{"href":"https:\/\/www.autonvaraosahaku.fi\/index.php?rest_route=\/wp\/v2\/types\/product"}],"wp:attachment":[{"href":"https:\/\/www.autonvaraosahaku.fi\/index.php?rest_route=%2Fwp%2Fv2%2Fmedia&parent=37684"}],"wp:term":[{"taxonomy":"pwb-brand","embeddable":true,"href":"https:\/\/www.autonvaraosahaku.fi\/index.php?rest_route=%2Fwp%2Fv2%2Fpwb-brand&post=37684"},{"taxonomy":"product_cat","embeddable":true,"href":"https:\/\/www.autonvaraosahaku.fi\/index.php?rest_route=%2Fwp%2Fv2%2Fproduct_cat&post=37684"},{"taxonomy":"product_tag","embeddable":true,"href":"https:\/\/www.autonvaraosahaku.fi\/index.php?rest_route=%2Fwp%2Fv2%2Fproduct_tag&post=37684"}],"curies":[{"name":"wp","href":"https:\/\/api.w.org\/{rel}","templated":true}]}}