{"id":37692,"date":"2021-02-21T16:34:47","date_gmt":"2021-02-21T16:34:47","guid":{"rendered":"https:\/\/www.autonvaraosahaku.fi\/?product=ridex-1361d0099-oven-lukko"},"modified":"2021-02-21T16:34:50","modified_gmt":"2021-02-21T16:34:50","slug":"ridex-1361d0099-oven-lukko","status":"publish","type":"product","link":"https:\/\/www.autonvaraosahaku.fi\/?product=ridex-1361d0099-oven-lukko","title":{"rendered":"RIDEX 1361D0099 Oven lukko"},"content":{"rendered":"<p>Paino [kg]: 0,69; J\u00e4nnite (V): 12; Asennuspuoli: Oikea, Edess\u00e4; K\u00e4ytt\u00f6: S\u00e4hk\u00f6inen; LAND ROVER: FREELANDER 2 FA_,RANGE ROVER SPORT LS,RANGE ROVER EVOQUE LV,DISCOVERY III TAA,DISCOVERY IV LA; LR011275; Ovilukko<\/p>\n","protected":false},"excerpt":{"rendered":"<p>RIDEX Oven Lukko 1361D0099 Ovilukko LAND ROVER,FREELANDER 2 FA_,RANGE ROVER SPORT LS,RANGE ROVER EVOQUE LV,DISCOVERY III TAA,DISCOVERY IV LA<\/p>\n","protected":false},"featured_media":0,"template":"","meta":{"site-sidebar-layout":"default","site-content-layout":"default","ast-global-header-display":"","ast-main-header-display":"","ast-hfb-above-header-display":"","ast-hfb-below-header-display":"","ast-hfb-mobile-header-display":"","site-post-title":"","ast-breadcrumbs-content":"","ast-featured-img":"","footer-sml-layout":"","theme-transparent-header-meta":"","adv-header-id-meta":"","stick-header-meta":"","header-above-stick-meta":"","header-main-stick-meta":"","header-below-stick-meta":""},"pwb-brand":[157],"product_cat":[46],"product_tag":[],"class_list":{"0":"post-37692","1":"product","2":"type-product","3":"status-publish","5":"pwb-brand-ridex","6":"product_cat-oven-lukko","7":"desktop-align-left","8":"tablet-align-left","9":"mobile-align-left","11":"first","12":"instock","13":"product-type-external"},"brands":[{"id":157,"name":"RIDEX","slug":"ridex"}],"_links":{"self":[{"href":"https:\/\/www.autonvaraosahaku.fi\/index.php?rest_route=\/wp\/v2\/product\/37692","targetHints":{"allow":["GET"]}}],"collection":[{"href":"https:\/\/www.autonvaraosahaku.fi\/index.php?rest_route=\/wp\/v2\/product"}],"about":[{"href":"https:\/\/www.autonvaraosahaku.fi\/index.php?rest_route=\/wp\/v2\/types\/product"}],"wp:attachment":[{"href":"https:\/\/www.autonvaraosahaku.fi\/index.php?rest_route=%2Fwp%2Fv2%2Fmedia&parent=37692"}],"wp:term":[{"taxonomy":"pwb-brand","embeddable":true,"href":"https:\/\/www.autonvaraosahaku.fi\/index.php?rest_route=%2Fwp%2Fv2%2Fpwb-brand&post=37692"},{"taxonomy":"product_cat","embeddable":true,"href":"https:\/\/www.autonvaraosahaku.fi\/index.php?rest_route=%2Fwp%2Fv2%2Fproduct_cat&post=37692"},{"taxonomy":"product_tag","embeddable":true,"href":"https:\/\/www.autonvaraosahaku.fi\/index.php?rest_route=%2Fwp%2Fv2%2Fproduct_tag&post=37692"}],"curies":[{"name":"wp","href":"https:\/\/api.w.org\/{rel}","templated":true}]}}