{"id":37693,"date":"2021-02-21T16:34:47","date_gmt":"2021-02-21T16:34:47","guid":{"rendered":"https:\/\/www.autonvaraosahaku.fi\/?product=hella-8et-358-095-181-ilmamassamittari"},"modified":"2021-02-21T16:34:50","modified_gmt":"2021-02-21T16:34:50","slug":"hella-8et-358-095-181-ilmamassamittari","status":"publish","type":"product","link":"https:\/\/www.autonvaraosahaku.fi\/?product=hella-8et-358-095-181-ilmamassamittari","title":{"rendered":"HELLA 8ET 358 095-181 Ilmamassamittari"},"content":{"rendered":"<p>Asennusmalli: Putkijalka; Liittimi\u00e4: 4; L\u00e4pimitta putkitukikiinnike [mm]: 80; Imuputken liittimen l\u00e4pimitta [mm]: 80; Lis\u00e4tarvike\/lis\u00e4tieto: Ilman asennusmateriaalia; NISSAN: NV400 Kasten,NV400 Bus,NV400 Pritsche\/Fahrgestell; OPEL: MOVANO B Kasten,MOVANO B Bus,MOVANO B Pritsche\/Fahrgestell; RENAULT: MEGANE III Grandtour KZ0\/1,SC\u00c9NIC III JZ0\/1_,MEGANE III Schr\u00e4gheck BZ0_,GRAND SC\u00c9NIC III JZ0\/1_,MEGANE III Coupe DZ0\/1_,MASTER III Kasten FV,MEGANE CC EZ0\/1_,MASTER III Bus JV,MASTER III Pritsche\/Fahrgestell EV, HV, UV; VAUXHALL: MOVANO Mk II B VAN,MOVANO Mk II B Chassis\/Cab; 1658000Q0B, 4420339, 93167984, 8200702183, 8200914647, H8200702183; Ilmam\u00e4\u00e4r\u00e4mittari,MAF Anturi<\/p>\n","protected":false},"excerpt":{"rendered":"<p>HELLA Ilmamassamittari 8ET 358 095-181 Ilmam\u00e4\u00e4r\u00e4mittari,MAF Anturi NISSAN,OPEL,RENAULT,NV400 Kasten,NV400 Bus,NV400 Pritsche\/Fahrgestell<\/p>\n","protected":false},"featured_media":0,"template":"","meta":{"site-sidebar-layout":"default","site-content-layout":"default","ast-global-header-display":"","ast-main-header-display":"","ast-hfb-above-header-display":"","ast-hfb-below-header-display":"","ast-hfb-mobile-header-display":"","site-post-title":"","ast-breadcrumbs-content":"","ast-featured-img":"","footer-sml-layout":"","theme-transparent-header-meta":"","adv-header-id-meta":"","stick-header-meta":"","header-above-stick-meta":"","header-main-stick-meta":"","header-below-stick-meta":""},"pwb-brand":[24],"product_cat":[270],"product_tag":[],"class_list":{"0":"post-37693","1":"product","2":"type-product","3":"status-publish","5":"pwb-brand-hella","6":"product_cat-ilmamassamittari","7":"desktop-align-left","8":"tablet-align-left","9":"mobile-align-left","11":"first","12":"instock","13":"product-type-external"},"brands":[{"id":24,"name":"HELLA","slug":"hella"}],"_links":{"self":[{"href":"https:\/\/www.autonvaraosahaku.fi\/index.php?rest_route=\/wp\/v2\/product\/37693","targetHints":{"allow":["GET"]}}],"collection":[{"href":"https:\/\/www.autonvaraosahaku.fi\/index.php?rest_route=\/wp\/v2\/product"}],"about":[{"href":"https:\/\/www.autonvaraosahaku.fi\/index.php?rest_route=\/wp\/v2\/types\/product"}],"wp:attachment":[{"href":"https:\/\/www.autonvaraosahaku.fi\/index.php?rest_route=%2Fwp%2Fv2%2Fmedia&parent=37693"}],"wp:term":[{"taxonomy":"pwb-brand","embeddable":true,"href":"https:\/\/www.autonvaraosahaku.fi\/index.php?rest_route=%2Fwp%2Fv2%2Fpwb-brand&post=37693"},{"taxonomy":"product_cat","embeddable":true,"href":"https:\/\/www.autonvaraosahaku.fi\/index.php?rest_route=%2Fwp%2Fv2%2Fproduct_cat&post=37693"},{"taxonomy":"product_tag","embeddable":true,"href":"https:\/\/www.autonvaraosahaku.fi\/index.php?rest_route=%2Fwp%2Fv2%2Fproduct_tag&post=37693"}],"curies":[{"name":"wp","href":"https:\/\/api.w.org\/{rel}","templated":true}]}}