{"id":37694,"date":"2021-02-21T16:34:47","date_gmt":"2021-02-21T16:34:47","guid":{"rendered":"https:\/\/www.autonvaraosahaku.fi\/?product=hella-6pa-358-103-621-lambda-anturi"},"modified":"2021-02-21T16:34:50","modified_gmt":"2021-02-21T16:34:50","slug":"hella-6pa-358-103-621-lambda-anturi","status":"publish","type":"product","link":"https:\/\/www.autonvaraosahaku.fi\/?product=hella-6pa-358-103-621-lambda-anturi","title":{"rendered":"HELLA 6PA 358 103-621 Lambda anturi"},"content":{"rendered":"<p>Napojen m\u00e4\u00e4r\u00e4: 4; Kaapelinmitta (mm): 270; Lambdatunnistin: L\u00e4mmitetty, Diagnosesonde; LEXUS: IS II GSE2_, ALE2_, USE2_,CT ZWA1_,LS UVF4_, USF4_,GS GRL1_, GWL1_,IS C GSE2_,NX ZGZ1_, AGZ1_, AYZ1_; DAIHATSU: CHARADE; OPEL: ASTRA J Sports Tourer,ASTRA J,MERIVA B,ASTRA J Stufenheck; TOYOTA: YARIS SCP9_, NSP9_, KSP9_, NCP9_, ZSP9_,AURIS NRE15_, ZZE15_, ADE15_, ZRE15_, NDE15_,RAV 4 II CLA2_, XA2_, ZCA2_, ACA2_,VERSO _AUR2_, _ZGR2_,AURIS NZE18_, ZRE18_,PRIUS Liftback NHW20_,AURIS TOURING SPORTS ADE18_, ZWE18_, ZRE18_,PRIUS ZVW3_,RAV 4 IV ZSA4_, ALA4_,AVENSIS VERSO _CLM2_, _ACM2_,PRIUS PLUS ZVW4_,URBAN CRUISER NSP1_, NLP1_, ZSP1_, NCP11_,CAMRY _CV2_, _XV2_,COROLLA Stufenheck E15_,COROLLA Stufenheck NRE18_, ZRE17_, ZRE18_, NDE18_,MATRIX ZRE14_, AZE14_; VAUXHALL: ASTRA Mk VI J,MERIVA Mk II B,ASTRA Mk VI J Sedan,ASTRA Mk VI J Estate; 8980898250, 8980898260, 8946722040, 8946722050, 8946730050, 8946750010, 8946750020, 8946702020, 8946702040, 8946702070, 8946704040, 8946704050, 8946712010, 8946712100, 8946712110, 8946720030, 8946722040, 8946722050, 8946726020, 8946726040, 8946728090, 8946730020, 8946733030, 8946741030, 8946741040, 8946742020, 8946747010, 8946748030, 8946748140, 8946750010, 8946750020, 8946750050, 8946752020, 8946752060, 8946752070, 8946752090, 8946752170, 8946753040, 8946753050, 8946760030, 8946768020, 8946774040; Lambdatunnistin,Happianturi<\/p>\n","protected":false},"excerpt":{"rendered":"<p>HELLA Lambda Anturi 6PA 358 103-621 Lambdatunnistin,Happianturi LEXUS,DAIHATSU,OPEL,IS II GSE2_, ALE2_, USE2_,CT ZWA1_,LS UVF4_, USF4_,GS GRL1_, GWL1_<\/p>\n","protected":false},"featured_media":0,"template":"","meta":{"site-sidebar-layout":"default","site-content-layout":"default","ast-global-header-display":"","ast-main-header-display":"","ast-hfb-above-header-display":"","ast-hfb-below-header-display":"","ast-hfb-mobile-header-display":"","site-post-title":"","ast-breadcrumbs-content":"","ast-featured-img":"","footer-sml-layout":"","theme-transparent-header-meta":"","adv-header-id-meta":"","stick-header-meta":"","header-above-stick-meta":"","header-main-stick-meta":"","header-below-stick-meta":""},"pwb-brand":[24],"product_cat":[264],"product_tag":[],"class_list":{"0":"post-37694","1":"product","2":"type-product","3":"status-publish","5":"pwb-brand-hella","6":"product_cat-lambda-anturi","7":"desktop-align-left","8":"tablet-align-left","9":"mobile-align-left","11":"first","12":"instock","13":"product-type-external"},"brands":[{"id":24,"name":"HELLA","slug":"hella"}],"_links":{"self":[{"href":"https:\/\/www.autonvaraosahaku.fi\/index.php?rest_route=\/wp\/v2\/product\/37694","targetHints":{"allow":["GET"]}}],"collection":[{"href":"https:\/\/www.autonvaraosahaku.fi\/index.php?rest_route=\/wp\/v2\/product"}],"about":[{"href":"https:\/\/www.autonvaraosahaku.fi\/index.php?rest_route=\/wp\/v2\/types\/product"}],"wp:attachment":[{"href":"https:\/\/www.autonvaraosahaku.fi\/index.php?rest_route=%2Fwp%2Fv2%2Fmedia&parent=37694"}],"wp:term":[{"taxonomy":"pwb-brand","embeddable":true,"href":"https:\/\/www.autonvaraosahaku.fi\/index.php?rest_route=%2Fwp%2Fv2%2Fpwb-brand&post=37694"},{"taxonomy":"product_cat","embeddable":true,"href":"https:\/\/www.autonvaraosahaku.fi\/index.php?rest_route=%2Fwp%2Fv2%2Fproduct_cat&post=37694"},{"taxonomy":"product_tag","embeddable":true,"href":"https:\/\/www.autonvaraosahaku.fi\/index.php?rest_route=%2Fwp%2Fv2%2Fproduct_tag&post=37694"}],"curies":[{"name":"wp","href":"https:\/\/api.w.org\/{rel}","templated":true}]}}