{"id":37697,"date":"2021-02-21T16:34:47","date_gmt":"2021-02-21T16:34:47","guid":{"rendered":"https:\/\/www.autonvaraosahaku.fi\/?product=topran-304-993-muut-luokat"},"modified":"2021-02-21T16:34:51","modified_gmt":"2021-02-21T16:34:51","slug":"topran-304-993-muut-luokat","status":"publish","type":"product","link":"https:\/\/www.autonvaraosahaku.fi\/?product=topran-304-993-muut-luokat","title":{"rendered":"TOPRAN 304 993 Muut luokat"},"content":{"rendered":"<p>Napojen m\u00e4\u00e4r\u00e4: 2; Pistokkeen kotelon muoto: Soikea; Lis\u00e4tarvike\/lis\u00e4tieto: Tiivisteill\u00e4; K\u00e4ytt\u00f6: S\u00e4hk\u00f6-hydraulinen; Asennuspuoli: Sylinterikansi; Huomioi ajoneuvovalmistajan vaatimukset: ; Moottorinumerosta: 3952691; LANCIA: YPSILON 843,DELTA III 844,MUSA 350; FORD: KA RU8; FIAT: GRANDE PUNTO 199,PANDA 169,500 312,PUNTO EVO 199,DOBLO Cargo 223,500 C 312,DOBLO 119,PANDA Van 169,PUNTO 199,IDEA,PANDA 312,QUBO 225,FIORINO Kasten\/Kombi 225,LINEA 323; ALFA ROMEO: 159 Sportwagon 939,MITO 955,159 939,BRERA,SPIDER 939; 55209166, 55209167, 55209166, 55209167, 1544172, 2026021, 9S5112K073AA, 9S5112K073AB, 55209166, 55209167<\/p>\n","protected":false},"excerpt":{"rendered":"<p>TOPRAN S\u00e4\u00e4t\u00f6venttiili, Nokka-Akselin Ajoitus (Vvt) 304 993  LANCIA,FORD,FIAT,YPSILON 843,DELTA III 844,MUSA 350,KA RU8,GRANDE PUNTO 199,PANDA 169<\/p>\n","protected":false},"featured_media":0,"template":"","meta":{"site-sidebar-layout":"default","site-content-layout":"default","ast-global-header-display":"","ast-main-header-display":"","ast-hfb-above-header-display":"","ast-hfb-below-header-display":"","ast-hfb-mobile-header-display":"","site-post-title":"","ast-breadcrumbs-content":"","ast-featured-img":"","footer-sml-layout":"","theme-transparent-header-meta":"","adv-header-id-meta":"","stick-header-meta":"","header-above-stick-meta":"","header-main-stick-meta":"","header-below-stick-meta":""},"pwb-brand":[18],"product_cat":[37],"product_tag":[],"class_list":{"0":"post-37697","1":"product","2":"type-product","3":"status-publish","5":"pwb-brand-topran","6":"product_cat-muut-luokat","7":"desktop-align-left","8":"tablet-align-left","9":"mobile-align-left","11":"first","12":"instock","13":"product-type-external"},"brands":[{"id":18,"name":"TOPRAN","slug":"topran"}],"_links":{"self":[{"href":"https:\/\/www.autonvaraosahaku.fi\/index.php?rest_route=\/wp\/v2\/product\/37697","targetHints":{"allow":["GET"]}}],"collection":[{"href":"https:\/\/www.autonvaraosahaku.fi\/index.php?rest_route=\/wp\/v2\/product"}],"about":[{"href":"https:\/\/www.autonvaraosahaku.fi\/index.php?rest_route=\/wp\/v2\/types\/product"}],"wp:attachment":[{"href":"https:\/\/www.autonvaraosahaku.fi\/index.php?rest_route=%2Fwp%2Fv2%2Fmedia&parent=37697"}],"wp:term":[{"taxonomy":"pwb-brand","embeddable":true,"href":"https:\/\/www.autonvaraosahaku.fi\/index.php?rest_route=%2Fwp%2Fv2%2Fpwb-brand&post=37697"},{"taxonomy":"product_cat","embeddable":true,"href":"https:\/\/www.autonvaraosahaku.fi\/index.php?rest_route=%2Fwp%2Fv2%2Fproduct_cat&post=37697"},{"taxonomy":"product_tag","embeddable":true,"href":"https:\/\/www.autonvaraosahaku.fi\/index.php?rest_route=%2Fwp%2Fv2%2Fproduct_tag&post=37697"}],"curies":[{"name":"wp","href":"https:\/\/api.w.org\/{rel}","templated":true}]}}