{"id":37708,"date":"2021-02-21T16:34:52","date_gmt":"2021-02-21T16:34:52","guid":{"rendered":"https:\/\/www.autonvaraosahaku.fi\/?product=alanko-10901313-turboahdin"},"modified":"2021-02-21T16:34:54","modified_gmt":"2021-02-21T16:34:54","slug":"alanko-10901313-turboahdin","status":"publish","type":"product","link":"https:\/\/www.autonvaraosahaku.fi\/?product=alanko-10901313-turboahdin","title":{"rendered":"ALANKO 10901313 Turboahdin"},"content":{"rendered":"<p>Ahtotapa: Pakokaasuahdin; Huomioi ajoneuvovalmistajan vaatimukset: ; Lis\u00e4tarvike\/lis\u00e4tieto: sis. tiivistesarjan; M\u00e4\u00e4r\u00e4yksikk\u00f6: Kappale; Uusi osa: ; FORD: FIESTA VI,FOCUS III Turnier,FOCUS III,C-MAX II,GRAND C-MAX,B-MAX JK,FOCUS III Stufenheck,TOURNEO CONNECT \/ GRAND TOURNEO CONNECT Kombi,TRANSIT CONNECT Kasten,FIESTA VII,TOURNEO COURIER Kombi,TRANSIT COURIER Kasten,TRANSIT COURIER Kombi; 1761181, 1799836, 1808411, 2008152, 2082181, 2254345, CM5G6K682HB, CM5G6K682HC, CM5G6K682HD, CM5G6K682HE, CM5G6K682JA, RMCM5G6K682HD<\/p>\n","protected":false},"excerpt":{"rendered":"<p>ALANKO Turboahdin 10901313  FORD,FIESTA VI,FOCUS III Turnier,FOCUS III,C-MAX II,GRAND C-MAX,B-MAX JK,FOCUS III Stufenheck<\/p>\n","protected":false},"featured_media":0,"template":"","meta":{"site-sidebar-layout":"default","site-content-layout":"default","ast-global-header-display":"","ast-main-header-display":"","ast-hfb-above-header-display":"","ast-hfb-below-header-display":"","ast-hfb-mobile-header-display":"","site-post-title":"","ast-breadcrumbs-content":"","ast-featured-img":"","footer-sml-layout":"","theme-transparent-header-meta":"","adv-header-id-meta":"","stick-header-meta":"","header-above-stick-meta":"","header-main-stick-meta":"","header-below-stick-meta":""},"pwb-brand":[324],"product_cat":[250],"product_tag":[],"class_list":{"0":"post-37708","1":"product","2":"type-product","3":"status-publish","5":"pwb-brand-alanko","6":"product_cat-turboahdin","7":"desktop-align-left","8":"tablet-align-left","9":"mobile-align-left","11":"first","12":"instock","13":"product-type-external"},"brands":[{"id":324,"name":"ALANKO","slug":"alanko"}],"_links":{"self":[{"href":"https:\/\/www.autonvaraosahaku.fi\/index.php?rest_route=\/wp\/v2\/product\/37708","targetHints":{"allow":["GET"]}}],"collection":[{"href":"https:\/\/www.autonvaraosahaku.fi\/index.php?rest_route=\/wp\/v2\/product"}],"about":[{"href":"https:\/\/www.autonvaraosahaku.fi\/index.php?rest_route=\/wp\/v2\/types\/product"}],"wp:attachment":[{"href":"https:\/\/www.autonvaraosahaku.fi\/index.php?rest_route=%2Fwp%2Fv2%2Fmedia&parent=37708"}],"wp:term":[{"taxonomy":"pwb-brand","embeddable":true,"href":"https:\/\/www.autonvaraosahaku.fi\/index.php?rest_route=%2Fwp%2Fv2%2Fpwb-brand&post=37708"},{"taxonomy":"product_cat","embeddable":true,"href":"https:\/\/www.autonvaraosahaku.fi\/index.php?rest_route=%2Fwp%2Fv2%2Fproduct_cat&post=37708"},{"taxonomy":"product_tag","embeddable":true,"href":"https:\/\/www.autonvaraosahaku.fi\/index.php?rest_route=%2Fwp%2Fv2%2Fproduct_tag&post=37708"}],"curies":[{"name":"wp","href":"https:\/\/api.w.org\/{rel}","templated":true}]}}