{"id":37709,"date":"2021-02-21T16:34:52","date_gmt":"2021-02-21T16:34:52","guid":{"rendered":"https:\/\/www.autonvaraosahaku.fi\/?product=topran-116-654-kytkin-ohjausakseli"},"modified":"2021-02-21T16:34:54","modified_gmt":"2021-02-21T16:34:54","slug":"topran-116-654-kytkin-ohjausakseli","status":"publish","type":"product","link":"https:\/\/www.autonvaraosahaku.fi\/?product=topran-116-654-kytkin-ohjausakseli","title":{"rendered":"TOPRAN 116 654 Kytkin ohjausakseli"},"content":{"rendered":"<p>V\u00e4rikoodi: 9B9; V\u00e4ri: Musta; Varusteet: Ajon. joissa vakionopeuden s\u00e4\u00e4din, S\u00e4\u00e4dett\u00e4v\u00e4lle aikav\u00e4lipyyhkimille; Yhdistelm\u00e4kytkintoiminto: Vilkkutoiminta, S\u00e4\u00e4timell\u00e4, Kaukovalotoiminnolla, Valomerkinantolaitteella, valonpesulla, Takaikkunan huuhtelutoiminnolla, Aikav\u00e4li-pyyhint\u00e4; PR-numerolle: 1XP+8T2; VW: GOLF VI 5K1,GOLF PLUS 5M1, 521,CADDY III Kombi 2KB, 2KJ, 2CB, 2CJ,TOURAN 1T3,GOLF VI Variant AJ5,CADDY III Kasten 2KA, 2KH, 2CA, 2CH,EOS 1F7, 1F8,SCIROCCO 137, 138,JETTA IV 162, 163; SKODA: OCTAVIA Combi 1Z5,YETI 5L,OCTAVIA 1Z3; 1K5953513M, 1K5953513M9B9, 5K0953513B, 5K0953513B9B9, 5K0953513M, 5K0953513M9B9, 1K5953513M, 1K5953513M9B9, 5K0953513B, 5K0953513B9B9, 5K0953513M, 5K0953513M9B9<\/p>\n","protected":false},"excerpt":{"rendered":"<p>TOPRAN Vilkkukatkaisija 116 654  VW,SKODA,GOLF VI 5K1,GOLF PLUS 5M1, 521,CADDY III Kombi 2KB, 2KJ, 2CB, 2CJ,TOURAN 1T3,GOLF VI Variant AJ5<\/p>\n","protected":false},"featured_media":0,"template":"","meta":{"site-sidebar-layout":"default","site-content-layout":"default","ast-global-header-display":"","ast-main-header-display":"","ast-hfb-above-header-display":"","ast-hfb-below-header-display":"","ast-hfb-mobile-header-display":"","site-post-title":"","ast-breadcrumbs-content":"","ast-featured-img":"","footer-sml-layout":"","theme-transparent-header-meta":"","adv-header-id-meta":"","stick-header-meta":"","header-above-stick-meta":"","header-main-stick-meta":"","header-below-stick-meta":""},"pwb-brand":[18],"product_cat":[65],"product_tag":[],"class_list":{"0":"post-37709","1":"product","2":"type-product","3":"status-publish","5":"pwb-brand-topran","6":"product_cat-kytkin-ohjausakseli","7":"desktop-align-left","8":"tablet-align-left","9":"mobile-align-left","11":"first","12":"instock","13":"product-type-external"},"brands":[{"id":18,"name":"TOPRAN","slug":"topran"}],"_links":{"self":[{"href":"https:\/\/www.autonvaraosahaku.fi\/index.php?rest_route=\/wp\/v2\/product\/37709","targetHints":{"allow":["GET"]}}],"collection":[{"href":"https:\/\/www.autonvaraosahaku.fi\/index.php?rest_route=\/wp\/v2\/product"}],"about":[{"href":"https:\/\/www.autonvaraosahaku.fi\/index.php?rest_route=\/wp\/v2\/types\/product"}],"wp:attachment":[{"href":"https:\/\/www.autonvaraosahaku.fi\/index.php?rest_route=%2Fwp%2Fv2%2Fmedia&parent=37709"}],"wp:term":[{"taxonomy":"pwb-brand","embeddable":true,"href":"https:\/\/www.autonvaraosahaku.fi\/index.php?rest_route=%2Fwp%2Fv2%2Fpwb-brand&post=37709"},{"taxonomy":"product_cat","embeddable":true,"href":"https:\/\/www.autonvaraosahaku.fi\/index.php?rest_route=%2Fwp%2Fv2%2Fproduct_cat&post=37709"},{"taxonomy":"product_tag","embeddable":true,"href":"https:\/\/www.autonvaraosahaku.fi\/index.php?rest_route=%2Fwp%2Fv2%2Fproduct_tag&post=37709"}],"curies":[{"name":"wp","href":"https:\/\/api.w.org\/{rel}","templated":true}]}}