{"id":37718,"date":"2021-02-21T16:34:52","date_gmt":"2021-02-21T16:34:52","guid":{"rendered":"https:\/\/www.autonvaraosahaku.fi\/?product=febi-bilstein-108997-polttoainesuodatin"},"modified":"2021-02-21T16:34:56","modified_gmt":"2021-02-21T16:34:56","slug":"febi-bilstein-108997-polttoainesuodatin","status":"publish","type":"product","link":"https:\/\/www.autonvaraosahaku.fi\/?product=febi-bilstein-108997-polttoainesuodatin","title":{"rendered":"FEBI BILSTEIN 108997 Polttoainesuodatin"},"content":{"rendered":"<p>Suodatintyyppi: Letkusuodatin, Letkusuodatin; Pituus (mm): 166; Leveys (mm): 74,5; Sis\u00e4l\u00e4pimitta [mm]: 74,5; Korkeus (mm): 166; Ulkol\u00e4pimitta [mm]: 74,5; Materiaali: Metalli; Putki-\u00d8 (mm): 7,9; Paino [kg]: 0,171; Huomioi tekniset tiedot: ; FORD: MONDEO III Kombi BWY,MONDEO III B5Y,TRANSIT MK-7 Kasten,MONDEO III Stufenheck B4Y,MONDEO II Kombi BNP,MONDEO II BAP,TRANSIT MK-7 Pritsche\/Fahrgestell,MONDEO II Stufenheck BFP; 4103735, 1S719155BA<\/p>\n","protected":false},"excerpt":{"rendered":"<p>FEBI BILSTEIN Polttoainesuodatin 108997  FORD,MONDEO III Kombi BWY,MONDEO III B5Y,TRANSIT MK-7 Kasten,MONDEO III Stufenheck B4Y,MONDEO II Kombi BNP<\/p>\n","protected":false},"featured_media":0,"template":"","meta":{"site-sidebar-layout":"default","site-content-layout":"default","ast-global-header-display":"","ast-main-header-display":"","ast-hfb-above-header-display":"","ast-hfb-below-header-display":"","ast-hfb-mobile-header-display":"","site-post-title":"","ast-breadcrumbs-content":"","ast-featured-img":"","footer-sml-layout":"","theme-transparent-header-meta":"","adv-header-id-meta":"","stick-header-meta":"","header-above-stick-meta":"","header-main-stick-meta":"","header-below-stick-meta":""},"pwb-brand":[50],"product_cat":[29],"product_tag":[],"class_list":{"0":"post-37718","1":"product","2":"type-product","3":"status-publish","5":"pwb-brand-febi-bilstein","6":"product_cat-polttoainesuodatin","7":"desktop-align-left","8":"tablet-align-left","9":"mobile-align-left","11":"first","12":"instock","13":"product-type-external"},"brands":[{"id":50,"name":"FEBI BILSTEIN","slug":"febi-bilstein"}],"_links":{"self":[{"href":"https:\/\/www.autonvaraosahaku.fi\/index.php?rest_route=\/wp\/v2\/product\/37718","targetHints":{"allow":["GET"]}}],"collection":[{"href":"https:\/\/www.autonvaraosahaku.fi\/index.php?rest_route=\/wp\/v2\/product"}],"about":[{"href":"https:\/\/www.autonvaraosahaku.fi\/index.php?rest_route=\/wp\/v2\/types\/product"}],"wp:attachment":[{"href":"https:\/\/www.autonvaraosahaku.fi\/index.php?rest_route=%2Fwp%2Fv2%2Fmedia&parent=37718"}],"wp:term":[{"taxonomy":"pwb-brand","embeddable":true,"href":"https:\/\/www.autonvaraosahaku.fi\/index.php?rest_route=%2Fwp%2Fv2%2Fpwb-brand&post=37718"},{"taxonomy":"product_cat","embeddable":true,"href":"https:\/\/www.autonvaraosahaku.fi\/index.php?rest_route=%2Fwp%2Fv2%2Fproduct_cat&post=37718"},{"taxonomy":"product_tag","embeddable":true,"href":"https:\/\/www.autonvaraosahaku.fi\/index.php?rest_route=%2Fwp%2Fv2%2Fproduct_tag&post=37718"}],"curies":[{"name":"wp","href":"https:\/\/api.w.org\/{rel}","templated":true}]}}