{"id":37754,"date":"2021-02-21T16:35:02","date_gmt":"2021-02-21T16:35:02","guid":{"rendered":"https:\/\/www.autonvaraosahaku.fi\/?product=pierburg-7-02256-49-0-painemuunnin"},"modified":"2021-02-21T16:35:05","modified_gmt":"2021-02-21T16:35:05","slug":"pierburg-7-02256-49-0-painemuunnin","status":"publish","type":"product","link":"https:\/\/www.autonvaraosahaku.fi\/?product=pierburg-7-02256-49-0-painemuunnin","title":{"rendered":"PIERBURG 7.02256.49.0 Painemuunnin"},"content":{"rendered":"<p>Venttiilimalli: Suunnanvaihtoventtiili; K\u00e4ytt\u00f6: S\u00e4hk\u00f6-pneumaattinen; J\u00e4nnite (V): 12; TECDOC henkil\u00f6auton tyyppinumero: 8783; FIAT: GRANDE PUNTO 199,PUNTO 188,STILO 192,BRAVO II 198,DOBLO Cargo 223,DOBLO 119,DOBLO Kasten\/Kombi 263,IDEA,STRADA Pick-up 178E,DOBLO Gro\u00dfraumlimousine 152, 263,PUNTO Van 188AX,PALIO Weekend 178DX,DOBLO Pritsche\/Fahrgestell 263,PALIO 178BX,SIENA 178_; ALFA ROMEO: 147 937,GIULIETTA 940,MITO 955; LANCIA: DELTA III 844,MUSA 350,THESIS 841AX; ABARTH: 500 \/ 595 312_; 46749673, 46813571, 60801980, 46749673, 46813571, 60801980, 46749673, 46813571, 60801980, 46749673, 46813571, 60801980<\/p>\n","protected":false},"excerpt":{"rendered":"<p>PIERBURG S\u00e4\u00e4t\u00f6venttiili, Ahtopaine 7.02256.49.0  FIAT,ALFA ROMEO,LANCIA,GRANDE PUNTO 199,PUNTO 188,STILO 192,BRAVO II 198,DOBLO Cargo 223,DOBLO 119<\/p>\n","protected":false},"featured_media":0,"template":"","meta":{"site-sidebar-layout":"default","site-content-layout":"default","ast-global-header-display":"","ast-main-header-display":"","ast-hfb-above-header-display":"","ast-hfb-below-header-display":"","ast-hfb-mobile-header-display":"","site-post-title":"","ast-breadcrumbs-content":"","ast-featured-img":"","footer-sml-layout":"","theme-transparent-header-meta":"","adv-header-id-meta":"","stick-header-meta":"","header-above-stick-meta":"","header-main-stick-meta":"","header-below-stick-meta":""},"pwb-brand":[380],"product_cat":[205],"product_tag":[],"class_list":{"0":"post-37754","1":"product","2":"type-product","3":"status-publish","5":"pwb-brand-pierburg","6":"product_cat-painemuunnin","7":"desktop-align-left","8":"tablet-align-left","9":"mobile-align-left","11":"first","12":"instock","13":"product-type-external"},"brands":[{"id":380,"name":"PIERBURG","slug":"pierburg"}],"_links":{"self":[{"href":"https:\/\/www.autonvaraosahaku.fi\/index.php?rest_route=\/wp\/v2\/product\/37754","targetHints":{"allow":["GET"]}}],"collection":[{"href":"https:\/\/www.autonvaraosahaku.fi\/index.php?rest_route=\/wp\/v2\/product"}],"about":[{"href":"https:\/\/www.autonvaraosahaku.fi\/index.php?rest_route=\/wp\/v2\/types\/product"}],"wp:attachment":[{"href":"https:\/\/www.autonvaraosahaku.fi\/index.php?rest_route=%2Fwp%2Fv2%2Fmedia&parent=37754"}],"wp:term":[{"taxonomy":"pwb-brand","embeddable":true,"href":"https:\/\/www.autonvaraosahaku.fi\/index.php?rest_route=%2Fwp%2Fv2%2Fpwb-brand&post=37754"},{"taxonomy":"product_cat","embeddable":true,"href":"https:\/\/www.autonvaraosahaku.fi\/index.php?rest_route=%2Fwp%2Fv2%2Fproduct_cat&post=37754"},{"taxonomy":"product_tag","embeddable":true,"href":"https:\/\/www.autonvaraosahaku.fi\/index.php?rest_route=%2Fwp%2Fv2%2Fproduct_tag&post=37754"}],"curies":[{"name":"wp","href":"https:\/\/api.w.org\/{rel}","templated":true}]}}