{"id":37756,"date":"2021-02-21T16:35:02","date_gmt":"2021-02-21T16:35:02","guid":{"rendered":"https:\/\/www.autonvaraosahaku.fi\/?product=master-sport-24012601831-pcs-ms-jarrulevyt"},"modified":"2021-02-21T16:35:06","modified_gmt":"2021-02-21T16:35:06","slug":"master-sport-24012601831-pcs-ms-jarrulevyt","status":"publish","type":"product","link":"https:\/\/www.autonvaraosahaku.fi\/?product=master-sport-24012601831-pcs-ms-jarrulevyt","title":{"rendered":"MASTER-SPORT 24012601831-PCS-MS Jarrulevyt"},"content":{"rendered":"<p>L\u00e4pimitta [mm]: 283,0; Jarrulevytyyppi: Tuuletettu; Jarrulevyn paksuus (mm): 26,0; Korkeus (mm): 48,0; Reik\u00e4-\u00d8 [mm]: 13,3; V\u00e4himm\u00e4ispaksuus (mm): 24,0; Sis\u00e4l\u00e4pimitta [mm]: 134,0; Reikien m\u00e4\u00e4r\u00e4: 5; keskitt\u00e4misl\u00e4pimitta [mm]: 71,0; Reik\u00e4ympyr\u00e4-\u00d8 [mm]: 108,0; K\u00e4sittely: Seostettu \/ hiilletty; Nettopaino [kg]: 6,53; Bruttopaino [kg]: 6,6; Asennuspuoli: Vorderachse; CITRO\u00cbN: C4 Grand Picasso II,C4 Picasso II; PEUGEOT: 308 II,308 SW II; 9805961480, 9803918180; Jarrulevy<\/p>\n","protected":false},"excerpt":{"rendered":"<p>MASTER-SPORT Jarrulevyt 24012601831-PCS-MS Jarrulevy CITRO\u00cbN,PEUGEOT,C4 Grand Picasso II,C4 Picasso II,308 II,308 SW II<\/p>\n","protected":false},"featured_media":0,"template":"","meta":{"site-sidebar-layout":"default","site-content-layout":"default","ast-global-header-display":"","ast-main-header-display":"","ast-hfb-above-header-display":"","ast-hfb-below-header-display":"","ast-hfb-mobile-header-display":"","site-post-title":"","ast-breadcrumbs-content":"","ast-featured-img":"","footer-sml-layout":"","theme-transparent-header-meta":"","adv-header-id-meta":"","stick-header-meta":"","header-above-stick-meta":"","header-main-stick-meta":"","header-below-stick-meta":""},"pwb-brand":[61],"product_cat":[66],"product_tag":[],"class_list":{"0":"post-37756","1":"product","2":"type-product","3":"status-publish","5":"pwb-brand-master-sport","6":"product_cat-jarrulevyt","7":"desktop-align-left","8":"tablet-align-left","9":"mobile-align-left","11":"first","12":"instock","13":"product-type-external"},"brands":[{"id":61,"name":"MASTER-SPORT","slug":"master-sport"}],"_links":{"self":[{"href":"https:\/\/www.autonvaraosahaku.fi\/index.php?rest_route=\/wp\/v2\/product\/37756","targetHints":{"allow":["GET"]}}],"collection":[{"href":"https:\/\/www.autonvaraosahaku.fi\/index.php?rest_route=\/wp\/v2\/product"}],"about":[{"href":"https:\/\/www.autonvaraosahaku.fi\/index.php?rest_route=\/wp\/v2\/types\/product"}],"wp:attachment":[{"href":"https:\/\/www.autonvaraosahaku.fi\/index.php?rest_route=%2Fwp%2Fv2%2Fmedia&parent=37756"}],"wp:term":[{"taxonomy":"pwb-brand","embeddable":true,"href":"https:\/\/www.autonvaraosahaku.fi\/index.php?rest_route=%2Fwp%2Fv2%2Fpwb-brand&post=37756"},{"taxonomy":"product_cat","embeddable":true,"href":"https:\/\/www.autonvaraosahaku.fi\/index.php?rest_route=%2Fwp%2Fv2%2Fproduct_cat&post=37756"},{"taxonomy":"product_tag","embeddable":true,"href":"https:\/\/www.autonvaraosahaku.fi\/index.php?rest_route=%2Fwp%2Fv2%2Fproduct_tag&post=37756"}],"curies":[{"name":"wp","href":"https:\/\/api.w.org\/{rel}","templated":true}]}}