{"id":37768,"date":"2021-02-21T16:35:07","date_gmt":"2021-02-21T16:35:07","guid":{"rendered":"https:\/\/www.autonvaraosahaku.fi\/?product=era-671022-muut-luokat"},"modified":"2021-02-21T16:35:09","modified_gmt":"2021-02-21T16:35:09","slug":"era-671022-muut-luokat","status":"publish","type":"product","link":"https:\/\/www.autonvaraosahaku.fi\/?product=era-671022-muut-luokat","title":{"rendered":"ERA 671022 Muut luokat"},"content":{"rendered":"<p>J\u00e4nnite (V): 12; Valmistaja rajaus: SANDEN; Paksuus [mm]: 32; L\u00e4pimitta [mm]: 103; Sis\u00e4l\u00e4pimitta [mm]: 45, 61; Liittimi\u00e4: 2; Vain jnk. yhteydess\u00e4: Sanden SD6C12-SD6V12; SKODA: KODIAQ NS7; PEUGEOT: 207 WA_, WC_,307 SW 3H,207 CC WD_,307 CC 3B,307 3A\/C,207 SW WK_,308 SW,208,308 4A_, 4C_,5008,307 Break 3E,508 SW,3008,PARTNER Tepee,308 CC,2008,508,PARTNER Kasten,207 Van,PARTNER Pritsche\/Fahrgestell,208 Kasten; CITRO\u00cbN: BERLINGO B9,C5 III Break TD_,C4 Picasso I UD_,C4 Grand Picasso I UA_,C4 I LC_,DS3,C3 Picasso,C5 III RD_,C3 II,C4 Coupe LA_,BERLINGO Kasten B9,C4 Stufenheck L,DS3 Cabriolet,BERLINGO Pritsche\/Fahrgestell B9; 6453GZ, 6453JL, 6453KS, 6453LF, 6453LG, 6453LH, 6453LN, 6453LS, 6453QE, 6453QF, 6453QH, 6453QJ, 6453QK, 6453WK, 6453WL, 6453XK, 6453XQ, 6453ZX, 6453ZZ, 648708, 9659875780, 9678656080, 96844801, 96844804, 9822826880, 6189501960, 6453GZ, 6453JL, 6453KS, 6453LF, 6453LG, 6453LH, 6453LN, 6453LS, 6453QE, 6453QF, 6453QH, 6453QJ, 6453QK, 6453WK, 6453WL, 6453XK, 6453XQ, 6453ZX, 6453ZZ, 648708, 9659875780, 9678656080, 96844801, 96844804, 9822826880, 8FK351134831<\/p>\n","protected":false},"excerpt":{"rendered":"<p>ERA K\u00e4\u00e4mi, Kompr. Magn.Kytkin 671022  SKODA,PEUGEOT,CITRO\u00cbN,KODIAQ NS7,207 WA_, WC_,307 SW 3H,207 CC WD_,307 CC 3B,307 3A\/C,207 SW WK_,308 SW,208<\/p>\n","protected":false},"featured_media":0,"template":"","meta":{"site-sidebar-layout":"default","site-content-layout":"default","ast-global-header-display":"","ast-main-header-display":"","ast-hfb-above-header-display":"","ast-hfb-below-header-display":"","ast-hfb-mobile-header-display":"","site-post-title":"","ast-breadcrumbs-content":"","ast-featured-img":"","footer-sml-layout":"","theme-transparent-header-meta":"","adv-header-id-meta":"","stick-header-meta":"","header-above-stick-meta":"","header-main-stick-meta":"","header-below-stick-meta":""},"pwb-brand":[64],"product_cat":[37],"product_tag":[],"class_list":{"0":"post-37768","1":"product","2":"type-product","3":"status-publish","5":"pwb-brand-era","6":"product_cat-muut-luokat","7":"desktop-align-left","8":"tablet-align-left","9":"mobile-align-left","11":"first","12":"instock","13":"product-type-external"},"brands":[{"id":64,"name":"ERA","slug":"era"}],"_links":{"self":[{"href":"https:\/\/www.autonvaraosahaku.fi\/index.php?rest_route=\/wp\/v2\/product\/37768","targetHints":{"allow":["GET"]}}],"collection":[{"href":"https:\/\/www.autonvaraosahaku.fi\/index.php?rest_route=\/wp\/v2\/product"}],"about":[{"href":"https:\/\/www.autonvaraosahaku.fi\/index.php?rest_route=\/wp\/v2\/types\/product"}],"wp:attachment":[{"href":"https:\/\/www.autonvaraosahaku.fi\/index.php?rest_route=%2Fwp%2Fv2%2Fmedia&parent=37768"}],"wp:term":[{"taxonomy":"pwb-brand","embeddable":true,"href":"https:\/\/www.autonvaraosahaku.fi\/index.php?rest_route=%2Fwp%2Fv2%2Fpwb-brand&post=37768"},{"taxonomy":"product_cat","embeddable":true,"href":"https:\/\/www.autonvaraosahaku.fi\/index.php?rest_route=%2Fwp%2Fv2%2Fproduct_cat&post=37768"},{"taxonomy":"product_tag","embeddable":true,"href":"https:\/\/www.autonvaraosahaku.fi\/index.php?rest_route=%2Fwp%2Fv2%2Fproduct_tag&post=37768"}],"curies":[{"name":"wp","href":"https:\/\/api.w.org\/{rel}","templated":true}]}}