{"id":37790,"date":"2021-02-21T16:35:12","date_gmt":"2021-02-21T16:35:12","guid":{"rendered":"https:\/\/www.autonvaraosahaku.fi\/?product=febi-bilstein-104800-jaahdyttimen-letku"},"modified":"2021-02-21T16:35:15","modified_gmt":"2021-02-21T16:35:15","slug":"febi-bilstein-104800-jaahdyttimen-letku","status":"publish","type":"product","link":"https:\/\/www.autonvaraosahaku.fi\/?product=febi-bilstein-104800-jaahdyttimen-letku","title":{"rendered":"FEBI BILSTEIN 104800 J\u00e4\u00e4hdyttimen letku"},"content":{"rendered":"<p>J\u00e4\u00e4hdytysjohto: Tasauss\u00e4ili\u00f6st\u00e4 jakokappaleeseen; Paino [kg]: 0,157, 0,157; Moottorinumero: EP6CDTMD; OPEL: GRANDLAND X A18; CITRO\u00cbN: BERLINGO B9,C5 III Break TD_,C4 Picasso I UD_,C4 I LC_,DS3,C3 Picasso,C5 III RD_,C3 II,C4 Coupe LA_,C4 II B7,BERLINGO Kasten B9,C4 Picasso II,DS4,DS5,DS3 Cabriolet,C4 Stufenheck N; PEUGEOT: 207 WA_, WC_,308 SW,208,308 4A_, 4C_,5008,508 SW,3008,PARTNER Tepee,RCZ,308 CC,2008,508,PARTNER Kasten,207 Stufenheck,308 II,308 SW II,3008 SUV,5008 II; DS: DS 3,DS5,DS 4 \/ DS 4 CROSSBACK,DS 3 Cabriolet; 1351NE, 1351VF, V758971580, 1351NE, 1351VF, V758971580, 3648754, 1351NE, 1351VF, V758971580, 03648754, 3648754<\/p>\n","protected":false},"excerpt":{"rendered":"<p>FEBI BILSTEIN J\u00e4\u00e4hdytysnesteputki febi Plus 104800  OPEL,CITRO\u00cbN,PEUGEOT,GRANDLAND X A18,BERLINGO B9,C5 III Break TD_,C4 Picasso I UD_,C4 I LC_,DS3<\/p>\n","protected":false},"featured_media":0,"template":"","meta":{"site-sidebar-layout":"default","site-content-layout":"default","ast-global-header-display":"","ast-main-header-display":"","ast-hfb-above-header-display":"","ast-hfb-below-header-display":"","ast-hfb-mobile-header-display":"","site-post-title":"","ast-breadcrumbs-content":"","ast-featured-img":"","footer-sml-layout":"","theme-transparent-header-meta":"","adv-header-id-meta":"","stick-header-meta":"","header-above-stick-meta":"","header-main-stick-meta":"","header-below-stick-meta":""},"pwb-brand":[50],"product_cat":[206],"product_tag":[],"class_list":{"0":"post-37790","1":"product","2":"type-product","3":"status-publish","5":"pwb-brand-febi-bilstein","6":"product_cat-jaahdyttimen-letku","7":"desktop-align-left","8":"tablet-align-left","9":"mobile-align-left","11":"first","12":"instock","13":"product-type-external"},"brands":[{"id":50,"name":"FEBI BILSTEIN","slug":"febi-bilstein"}],"_links":{"self":[{"href":"https:\/\/www.autonvaraosahaku.fi\/index.php?rest_route=\/wp\/v2\/product\/37790","targetHints":{"allow":["GET"]}}],"collection":[{"href":"https:\/\/www.autonvaraosahaku.fi\/index.php?rest_route=\/wp\/v2\/product"}],"about":[{"href":"https:\/\/www.autonvaraosahaku.fi\/index.php?rest_route=\/wp\/v2\/types\/product"}],"wp:attachment":[{"href":"https:\/\/www.autonvaraosahaku.fi\/index.php?rest_route=%2Fwp%2Fv2%2Fmedia&parent=37790"}],"wp:term":[{"taxonomy":"pwb-brand","embeddable":true,"href":"https:\/\/www.autonvaraosahaku.fi\/index.php?rest_route=%2Fwp%2Fv2%2Fpwb-brand&post=37790"},{"taxonomy":"product_cat","embeddable":true,"href":"https:\/\/www.autonvaraosahaku.fi\/index.php?rest_route=%2Fwp%2Fv2%2Fproduct_cat&post=37790"},{"taxonomy":"product_tag","embeddable":true,"href":"https:\/\/www.autonvaraosahaku.fi\/index.php?rest_route=%2Fwp%2Fv2%2Fproduct_tag&post=37790"}],"curies":[{"name":"wp","href":"https:\/\/api.w.org\/{rel}","templated":true}]}}