{"id":37818,"date":"2021-02-21T16:35:17","date_gmt":"2021-02-21T16:35:17","guid":{"rendered":"https:\/\/www.autonvaraosahaku.fi\/?product=era-775012a-polttoainepumppu"},"modified":"2021-02-21T16:35:21","modified_gmt":"2021-02-21T16:35:21","slug":"era-775012a-polttoainepumppu","status":"publish","type":"product","link":"https:\/\/www.autonvaraosahaku.fi\/?product=era-775012a-polttoainepumppu","title":{"rendered":"ERA 775012A Polttoainepumppu"},"content":{"rendered":"<p>Paino [kg]: 0,758; Paine (bar): 3,5; K\u00e4ytt\u00f6: S\u00e4hk\u00f6inen; Liittimi\u00e4: 5; Siirtom\u00e4\u00e4r\u00e4 (l\/h): 80; Suositellun tarvikkeen tuotenumero: 770013; LANCIA: Y 840A; FIAT: PUNTO 188,BARCHETTA 183,PUNTO 176,PUNTO Cabriolet 176C; CITRO\u00cbN: SAXO S0, S1; PEUGEOT: 106 II 1,106 I 1A, 1C; 46427664, 7764866, 7769932, 7785254, 7785256; Polttoaineen Sy\u00f6tt\u00f6yksikk\u00f6<\/p>\n","protected":false},"excerpt":{"rendered":"<p>ERA Polttoainepumppu 775012A Polttoaineen Sy\u00f6tt\u00f6yksikk\u00f6 LANCIA,FIAT,CITRO\u00cbN,Y 840A,PUNTO 188,BARCHETTA 183,PUNTO 176,PUNTO Cabriolet 176C,SAXO S0, S1<\/p>\n","protected":false},"featured_media":0,"template":"","meta":{"site-sidebar-layout":"default","site-content-layout":"default","ast-global-header-display":"","ast-main-header-display":"","ast-hfb-above-header-display":"","ast-hfb-below-header-display":"","ast-hfb-mobile-header-display":"","site-post-title":"","ast-breadcrumbs-content":"","ast-featured-img":"","footer-sml-layout":"","theme-transparent-header-meta":"","adv-header-id-meta":"","stick-header-meta":"","header-above-stick-meta":"","header-main-stick-meta":"","header-below-stick-meta":""},"pwb-brand":[64],"product_cat":[73],"product_tag":[],"class_list":{"0":"post-37818","1":"product","2":"type-product","3":"status-publish","5":"pwb-brand-era","6":"product_cat-polttoainepumppu","7":"desktop-align-left","8":"tablet-align-left","9":"mobile-align-left","11":"first","12":"instock","13":"product-type-external"},"brands":[{"id":64,"name":"ERA","slug":"era"}],"_links":{"self":[{"href":"https:\/\/www.autonvaraosahaku.fi\/index.php?rest_route=\/wp\/v2\/product\/37818","targetHints":{"allow":["GET"]}}],"collection":[{"href":"https:\/\/www.autonvaraosahaku.fi\/index.php?rest_route=\/wp\/v2\/product"}],"about":[{"href":"https:\/\/www.autonvaraosahaku.fi\/index.php?rest_route=\/wp\/v2\/types\/product"}],"wp:attachment":[{"href":"https:\/\/www.autonvaraosahaku.fi\/index.php?rest_route=%2Fwp%2Fv2%2Fmedia&parent=37818"}],"wp:term":[{"taxonomy":"pwb-brand","embeddable":true,"href":"https:\/\/www.autonvaraosahaku.fi\/index.php?rest_route=%2Fwp%2Fv2%2Fpwb-brand&post=37818"},{"taxonomy":"product_cat","embeddable":true,"href":"https:\/\/www.autonvaraosahaku.fi\/index.php?rest_route=%2Fwp%2Fv2%2Fproduct_cat&post=37818"},{"taxonomy":"product_tag","embeddable":true,"href":"https:\/\/www.autonvaraosahaku.fi\/index.php?rest_route=%2Fwp%2Fv2%2Fproduct_tag&post=37818"}],"curies":[{"name":"wp","href":"https:\/\/api.w.org\/{rel}","templated":true}]}}