{"id":37824,"date":"2021-02-21T16:35:22","date_gmt":"2021-02-21T16:35:22","guid":{"rendered":"https:\/\/www.autonvaraosahaku.fi\/?product=era-770065a-polttoainepumppu"},"modified":"2021-02-21T16:35:23","modified_gmt":"2021-02-21T16:35:23","slug":"era-770065a-polttoainepumppu","status":"publish","type":"product","link":"https:\/\/www.autonvaraosahaku.fi\/?product=era-770065a-polttoainepumppu","title":{"rendered":"ERA 770065A Polttoainepumppu"},"content":{"rendered":"<p>Paino [kg]: 0,330; Paine (bar): 3,5; K\u00e4ytt\u00f6: S\u00e4hk\u00f6inen; Liittimi\u00e4: 2; Siirtom\u00e4\u00e4r\u00e4 (l\/h): 110; Suositellun tarvikkeen tuotenumero: 775169, 775297; NISSAN: ALMERA Classic B10; KIA: PICANTO BA,CEE&#8217;D SW ED,CEE&#8217;D Schr\u00e4gheck ED,SPORTAGE JE_, KM_,VENGA YN,CEE&#8217;D JD,CARENS III UN,PICANTO TA,CEE`D Sportswagon JD,PRO CEE&#8217;D ED,MAGENTIS GD,MAGENTIS MG,PRO CEE\u00b4D JD,CERATO II Stufenheck TD,CERATO KOUP TD,CERATO YD Stufenheck; HYUNDAI: i30 FD,i10 PA,i20 PB, PBT,i30 CW FD,i30 GD,ix20 JC,i30 CW GD,COUPE GK,H-1 Travel TQ,SONATA V NF,i30 Coupe,ACCENT III MC,ELANTRA XD,ACCENT III Stufenheck MC,ELANTRA Stufenheck XD,LANTRA II Wagon J-2,LANTRA II J-2,ELANTRA Stufenheck HD; 311100X000, 311101H000, 311101J000, 311102D030, 311102D031, 3111107000, 3111107600, 31111076000, 311110M000, 311111G500, 311112D000, 319102H000, 1760A271, MN158346, MR431112, MR529575, 1704095F0B<\/p>\n","protected":false},"excerpt":{"rendered":"<p>ERA Polttoainepumppu 770065A  NISSAN,KIA,HYUNDAI,ALMERA Classic B10,PICANTO BA,CEE&#8217;D SW ED,CEE&#8217;D Schr\u00e4gheck ED,SPORTAGE JE_, KM_,VENGA YN,CEE&#8217;D JD<\/p>\n","protected":false},"featured_media":0,"template":"","meta":{"site-sidebar-layout":"default","site-content-layout":"default","ast-global-header-display":"","ast-main-header-display":"","ast-hfb-above-header-display":"","ast-hfb-below-header-display":"","ast-hfb-mobile-header-display":"","site-post-title":"","ast-breadcrumbs-content":"","ast-featured-img":"","footer-sml-layout":"","theme-transparent-header-meta":"","adv-header-id-meta":"","stick-header-meta":"","header-above-stick-meta":"","header-main-stick-meta":"","header-below-stick-meta":""},"pwb-brand":[64],"product_cat":[73],"product_tag":[],"class_list":{"0":"post-37824","1":"product","2":"type-product","3":"status-publish","5":"pwb-brand-era","6":"product_cat-polttoainepumppu","7":"desktop-align-left","8":"tablet-align-left","9":"mobile-align-left","11":"first","12":"instock","13":"product-type-external"},"brands":[{"id":64,"name":"ERA","slug":"era"}],"_links":{"self":[{"href":"https:\/\/www.autonvaraosahaku.fi\/index.php?rest_route=\/wp\/v2\/product\/37824","targetHints":{"allow":["GET"]}}],"collection":[{"href":"https:\/\/www.autonvaraosahaku.fi\/index.php?rest_route=\/wp\/v2\/product"}],"about":[{"href":"https:\/\/www.autonvaraosahaku.fi\/index.php?rest_route=\/wp\/v2\/types\/product"}],"wp:attachment":[{"href":"https:\/\/www.autonvaraosahaku.fi\/index.php?rest_route=%2Fwp%2Fv2%2Fmedia&parent=37824"}],"wp:term":[{"taxonomy":"pwb-brand","embeddable":true,"href":"https:\/\/www.autonvaraosahaku.fi\/index.php?rest_route=%2Fwp%2Fv2%2Fpwb-brand&post=37824"},{"taxonomy":"product_cat","embeddable":true,"href":"https:\/\/www.autonvaraosahaku.fi\/index.php?rest_route=%2Fwp%2Fv2%2Fproduct_cat&post=37824"},{"taxonomy":"product_tag","embeddable":true,"href":"https:\/\/www.autonvaraosahaku.fi\/index.php?rest_route=%2Fwp%2Fv2%2Fproduct_tag&post=37824"}],"curies":[{"name":"wp","href":"https:\/\/api.w.org\/{rel}","templated":true}]}}