{"id":37829,"date":"2021-02-21T16:35:22","date_gmt":"2021-02-21T16:35:22","guid":{"rendered":"https:\/\/www.autonvaraosahaku.fi\/?product=era-556072a-tyhjakayntimoottori"},"modified":"2021-02-21T16:35:24","modified_gmt":"2021-02-21T16:35:24","slug":"era-556072a-tyhjakayntimoottori","status":"publish","type":"product","link":"https:\/\/www.autonvaraosahaku.fi\/?product=era-556072a-tyhjakayntimoottori","title":{"rendered":"ERA 556072A Tyhj\u00e4k\u00e4yntimoottori"},"content":{"rendered":"<p>K\u00e4ytt\u00f6: S\u00e4hk\u00f6inen; Liittimi\u00e4: 3; FIAT: PUNTO 176,COUPE FA\/175,BRAVO I 182,MAREA Weekend 185,MAREA 185; KIA: CARENS II FJ,CARNIVAL II GQ,SPORTAGE K00,RIO Stufenheck DC_,SHUMA II FB,CARENS I FC,SHUMA FB,SHUMA II Stufenheck FB,CLARUS K9A,CARNIVAL I UP,SEPHIA Stufenheck FA,SEPHIA FA,SEPHIA FB; ALFA ROMEO: 156 Sportwagon 932,156 932,SPIDER 916S_,GTV 916C_,145 930,155 167,146 930; LANCIA: KAPPA 838A,KAPPA SW 838B,KAPPA Coupe 838; 60811197, 7789627, 0K9A220660A, 7789627; Tyhj\u00e4k\u00e4yntiventtiili,Tyhj\u00e4k\u00e4yntis\u00e4\u00e4din,Kuormaventtiili, Ilmankierto<\/p>\n","protected":false},"excerpt":{"rendered":"<p>ERA Tyhj\u00e4k\u00e4yntimoottori 556072A Tyhj\u00e4k\u00e4yntiventtiili,Tyhj\u00e4k\u00e4yntis\u00e4\u00e4din FIAT,KIA,ALFA ROMEO,PUNTO 176,COUPE FA\/175,BRAVO I 182,MAREA Weekend 185<\/p>\n","protected":false},"featured_media":0,"template":"","meta":{"site-sidebar-layout":"default","site-content-layout":"default","ast-global-header-display":"","ast-main-header-display":"","ast-hfb-above-header-display":"","ast-hfb-below-header-display":"","ast-hfb-mobile-header-display":"","site-post-title":"","ast-breadcrumbs-content":"","ast-featured-img":"","footer-sml-layout":"","theme-transparent-header-meta":"","adv-header-id-meta":"","stick-header-meta":"","header-above-stick-meta":"","header-main-stick-meta":"","header-below-stick-meta":""},"pwb-brand":[64],"product_cat":[254],"product_tag":[],"class_list":{"0":"post-37829","1":"product","2":"type-product","3":"status-publish","5":"pwb-brand-era","6":"product_cat-tyhjakayntimoottori","7":"desktop-align-left","8":"tablet-align-left","9":"mobile-align-left","11":"first","12":"instock","13":"product-type-external"},"brands":[{"id":64,"name":"ERA","slug":"era"}],"_links":{"self":[{"href":"https:\/\/www.autonvaraosahaku.fi\/index.php?rest_route=\/wp\/v2\/product\/37829","targetHints":{"allow":["GET"]}}],"collection":[{"href":"https:\/\/www.autonvaraosahaku.fi\/index.php?rest_route=\/wp\/v2\/product"}],"about":[{"href":"https:\/\/www.autonvaraosahaku.fi\/index.php?rest_route=\/wp\/v2\/types\/product"}],"wp:attachment":[{"href":"https:\/\/www.autonvaraosahaku.fi\/index.php?rest_route=%2Fwp%2Fv2%2Fmedia&parent=37829"}],"wp:term":[{"taxonomy":"pwb-brand","embeddable":true,"href":"https:\/\/www.autonvaraosahaku.fi\/index.php?rest_route=%2Fwp%2Fv2%2Fpwb-brand&post=37829"},{"taxonomy":"product_cat","embeddable":true,"href":"https:\/\/www.autonvaraosahaku.fi\/index.php?rest_route=%2Fwp%2Fv2%2Fproduct_cat&post=37829"},{"taxonomy":"product_tag","embeddable":true,"href":"https:\/\/www.autonvaraosahaku.fi\/index.php?rest_route=%2Fwp%2Fv2%2Fproduct_tag&post=37829"}],"curies":[{"name":"wp","href":"https:\/\/api.w.org\/{rel}","templated":true}]}}