{"id":37831,"date":"2021-02-21T16:35:22","date_gmt":"2021-02-21T16:35:22","guid":{"rendered":"https:\/\/www.autonvaraosahaku.fi\/?product=era-555032a-egr-venttiili"},"modified":"2021-02-21T16:35:25","modified_gmt":"2021-02-21T16:35:25","slug":"era-555032a-egr-venttiili","status":"publish","type":"product","link":"https:\/\/www.autonvaraosahaku.fi\/?product=era-555032a-egr-venttiili","title":{"rendered":"ERA 555032A Egr venttiili"},"content":{"rendered":"<p>J\u00e4nnite (V): 12; Paino [kg]: 0,79; K\u00e4ytt\u00f6: S\u00e4hk\u00f6inen; Lis\u00e4tarvike\/lis\u00e4tieto: Tiivisteill\u00e4; Liittimi\u00e4: 5; OPEL: VIVARO Kasten F7,VIVARO Combi J7,MOVANO Kasten F9,MOVANO Combi J9,VIVARO Pritsche\/Fahrgestell E7; RENAULT: CLIO II BB0\/1\/2_, CB0\/1\/2_,KANGOO KC0\/1_,ESPACE IV JK0\/1_,LAGUNA II Grandtour KG0\/1_,SC\u00c9NIC I JA0\/1_,LAGUNA II BG0\/1_,TRAFIC II Bus JL,MEGANE I BA0\/1_,MASTER II Kasten FD,TRAFIC II Kasten FL,KANGOO Express FC0\/1_,MEGANE I Grandtour KA0\/1_,LAGUNA I B56_, 556_,CLIO I B\/C57_, 5\/357_,LAGUNA I Grandtour K56_,MEGANE I Classic LA0\/1_,MEGANE I Coach DA0\/1_,MASTER II Bus JD,CLIO II Kasten SB0\/1\/2_,TRAFIC II Pritsche\/Fahrgestell EL; NISSAN: PRIMASTAR Bus X83,PRIMASTAR Kasten X83,INTERSTAR Kasten X70,INTERSTAR Bus X70,PRIMASTAR Pritsche\/Fahrgestell; VOLVO: V40 Kombi VW,S40 I VS; MITSUBISHI: SPACE STAR DG_A,CARISMA DA_,CARISMA Stufenheck DA_; DACIA: SOLENZA; VAUXHALL: VIVARO Kasten F7,MOVANO Mk I A Van FD,MOVANO Mk I A Combi JD,VIVARO Combi J7; 4409585, 4411757, 4412632, 4413408, 4415798, 4416575, 4430902, 93160003, 93160754, 93161069, 93161219, 93161487, 93183146, 93188701, 7700107797, 8200229190, 8200231630, 8200282880, 8200360200, 8200467001, 8200542997; Venttiili, Pakokaasun Kierr\u00e4tys<\/p>\n","protected":false},"excerpt":{"rendered":"<p>ERA EGR Venttiili 555032A Venttiili, Pakokaasun Kierr\u00e4tys OPEL,RENAULT,NISSAN,VIVARO Kasten F7,VIVARO Combi J7,MOVANO Kasten F9,MOVANO Combi J9<\/p>\n","protected":false},"featured_media":0,"template":"","meta":{"site-sidebar-layout":"default","site-content-layout":"default","ast-global-header-display":"","ast-main-header-display":"","ast-hfb-above-header-display":"","ast-hfb-below-header-display":"","ast-hfb-mobile-header-display":"","site-post-title":"","ast-breadcrumbs-content":"","ast-featured-img":"","footer-sml-layout":"","theme-transparent-header-meta":"","adv-header-id-meta":"","stick-header-meta":"","header-above-stick-meta":"","header-main-stick-meta":"","header-below-stick-meta":""},"pwb-brand":[64],"product_cat":[35],"product_tag":[],"class_list":{"0":"post-37831","1":"product","2":"type-product","3":"status-publish","5":"pwb-brand-era","6":"product_cat-egr-venttiili","7":"desktop-align-left","8":"tablet-align-left","9":"mobile-align-left","11":"first","12":"instock","13":"product-type-external"},"brands":[{"id":64,"name":"ERA","slug":"era"}],"_links":{"self":[{"href":"https:\/\/www.autonvaraosahaku.fi\/index.php?rest_route=\/wp\/v2\/product\/37831","targetHints":{"allow":["GET"]}}],"collection":[{"href":"https:\/\/www.autonvaraosahaku.fi\/index.php?rest_route=\/wp\/v2\/product"}],"about":[{"href":"https:\/\/www.autonvaraosahaku.fi\/index.php?rest_route=\/wp\/v2\/types\/product"}],"wp:attachment":[{"href":"https:\/\/www.autonvaraosahaku.fi\/index.php?rest_route=%2Fwp%2Fv2%2Fmedia&parent=37831"}],"wp:term":[{"taxonomy":"pwb-brand","embeddable":true,"href":"https:\/\/www.autonvaraosahaku.fi\/index.php?rest_route=%2Fwp%2Fv2%2Fpwb-brand&post=37831"},{"taxonomy":"product_cat","embeddable":true,"href":"https:\/\/www.autonvaraosahaku.fi\/index.php?rest_route=%2Fwp%2Fv2%2Fproduct_cat&post=37831"},{"taxonomy":"product_tag","embeddable":true,"href":"https:\/\/www.autonvaraosahaku.fi\/index.php?rest_route=%2Fwp%2Fv2%2Fproduct_tag&post=37831"}],"curies":[{"name":"wp","href":"https:\/\/api.w.org\/{rel}","templated":true}]}}