{"id":37865,"date":"2021-02-21T16:35:32","date_gmt":"2021-02-21T16:35:32","guid":{"rendered":"https:\/\/www.autonvaraosahaku.fi\/?product=et-engineteam-lh003500-kiertokangen-laakeri"},"modified":"2021-02-21T16:35:34","modified_gmt":"2021-02-21T16:35:34","slug":"et-engineteam-lh003500-kiertokangen-laakeri","status":"publish","type":"product","link":"https:\/\/www.autonvaraosahaku.fi\/?product=et-engineteam-lh003500-kiertokangen-laakeri","title":{"rendered":"ET ENGINETEAM LH003500 Kiertokangen laakeri"},"content":{"rendered":"<p>Vakiomitta (STD): ; M\u00e4\u00e4r\u00e4yksikk\u00f6: Sarja; TECDOC-moottorinumero: 24826; MAZDA: 5 CR19,3 BK,6 Station Wagon GY,6 Kombi GH,6 Hatchback GG,6 GG,3 BL,TRIBUTE EP,5 CW,MX-5 III NC,6 Schr\u00e4gheck GH,3 Stufenheck BK,6 GH,MPV II LW,3 Stufenheck BL; VOLVO: V50 MW,V70 III BW,C30,S40 II MS,S80 II AS; FORD: FOCUS II Kombi DA_,MONDEO IV Turnier BA7,FOCUS II DA_,S-MAX WA6,FOCUS C-MAX,GALAXY WA6,C-MAX DM2,MONDEO IV BA7,TRANSIT Kasten FA_ _,FOCUS II Stufenheck DA_,TRANSIT Bus FD_ _, FB_ _, FS_ _, FZ_ _, FC_ _,FOCUS II Cabriolet,TRANSIT Pritsche\/Fahrgestell FM_ _, FN_ _,MONDEO IV Stufenheck BA7; MORGAN: PLUS FOUR,ROADSTER Cabriolet; L3Y211SG0, LFY111SG0; Runkolaakeri<\/p>\n","protected":false},"excerpt":{"rendered":"<p>ET ENGINETEAM Kampiakselin Laakeri LH003500 Runkolaakeri MAZDA,VOLVO,FORD,5 CR19,3 BK,6 Station Wagon GY,6 Kombi GH,6 Hatchback GG,6 GG,3 BL<\/p>\n","protected":false},"featured_media":0,"template":"","meta":{"site-sidebar-layout":"default","site-content-layout":"default","ast-global-header-display":"","ast-main-header-display":"","ast-hfb-above-header-display":"","ast-hfb-below-header-display":"","ast-hfb-mobile-header-display":"","site-post-title":"","ast-breadcrumbs-content":"","ast-featured-img":"","footer-sml-layout":"","theme-transparent-header-meta":"","adv-header-id-meta":"","stick-header-meta":"","header-above-stick-meta":"","header-main-stick-meta":"","header-below-stick-meta":""},"pwb-brand":[407],"product_cat":[252],"product_tag":[],"class_list":{"0":"post-37865","1":"product","2":"type-product","3":"status-publish","5":"pwb-brand-et-engineteam","6":"product_cat-kiertokangen-laakeri","7":"desktop-align-left","8":"tablet-align-left","9":"mobile-align-left","11":"first","12":"instock","13":"product-type-external"},"brands":[{"id":407,"name":"ET ENGINETEAM","slug":"et-engineteam"}],"_links":{"self":[{"href":"https:\/\/www.autonvaraosahaku.fi\/index.php?rest_route=\/wp\/v2\/product\/37865","targetHints":{"allow":["GET"]}}],"collection":[{"href":"https:\/\/www.autonvaraosahaku.fi\/index.php?rest_route=\/wp\/v2\/product"}],"about":[{"href":"https:\/\/www.autonvaraosahaku.fi\/index.php?rest_route=\/wp\/v2\/types\/product"}],"wp:attachment":[{"href":"https:\/\/www.autonvaraosahaku.fi\/index.php?rest_route=%2Fwp%2Fv2%2Fmedia&parent=37865"}],"wp:term":[{"taxonomy":"pwb-brand","embeddable":true,"href":"https:\/\/www.autonvaraosahaku.fi\/index.php?rest_route=%2Fwp%2Fv2%2Fpwb-brand&post=37865"},{"taxonomy":"product_cat","embeddable":true,"href":"https:\/\/www.autonvaraosahaku.fi\/index.php?rest_route=%2Fwp%2Fv2%2Fproduct_cat&post=37865"},{"taxonomy":"product_tag","embeddable":true,"href":"https:\/\/www.autonvaraosahaku.fi\/index.php?rest_route=%2Fwp%2Fv2%2Fproduct_tag&post=37865"}],"curies":[{"name":"wp","href":"https:\/\/api.w.org\/{rel}","templated":true}]}}