{"id":37931,"date":"2021-02-21T16:35:47","date_gmt":"2021-02-21T16:35:47","guid":{"rendered":"https:\/\/www.autonvaraosahaku.fi\/?product=as-pl-a0516s-laturi"},"modified":"2021-02-21T16:35:50","modified_gmt":"2021-02-21T16:35:50","slug":"as-pl-a0516s-laturi","status":"publish","type":"product","link":"https:\/\/www.autonvaraosahaku.fi\/?product=as-pl-a0516s-laturi","title":{"rendered":"AS-PL A0516S Laturi"},"content":{"rendered":"<p>Pituus 1 (mm): 41,00; Pituus 2 (mm): 14,00; Pituus 3 [mm]: 82,00; J\u00e4nnite (V): 12; Laturi varausvirta (A): 150; Hihnapy\u00f6r\u00e4t: Hihnapy\u00f6r\u00e4ll\u00e4; Valmistusvuosi alkaen: 05\/2014; IVECO: DAILY IV Kasten\/Kombi,DAILY IV Pritsche\/Fahrgestell,DAILY V Kasten\/Kombi,DAILY V Pritsche\/Fahrgestell,DAILY IV Bus,DAILY IV Kipper,DAILY V Kipper; FIAT: DUCATO Kasten 250,DUCATO Pritsche\/Fahrgestell 250,DUCATO Bus 250; 504385134; Generaattori<\/p>\n","protected":false},"excerpt":{"rendered":"<p>AS-PL Laturi Brand new AS-PL Starter motor solenoid A0516S Generaattori IVECO,FIAT,DAILY IV Kasten\/Kombi,DAILY IV Pritsche\/Fahrgestell<\/p>\n","protected":false},"featured_media":0,"template":"","meta":{"site-sidebar-layout":"default","site-content-layout":"default","ast-global-header-display":"","ast-main-header-display":"","ast-hfb-above-header-display":"","ast-hfb-below-header-display":"","ast-hfb-mobile-header-display":"","site-post-title":"","ast-breadcrumbs-content":"","ast-featured-img":"","footer-sml-layout":"","theme-transparent-header-meta":"","adv-header-id-meta":"","stick-header-meta":"","header-above-stick-meta":"","header-main-stick-meta":"","header-below-stick-meta":""},"pwb-brand":[347],"product_cat":[357],"product_tag":[],"class_list":{"0":"post-37931","1":"product","2":"type-product","3":"status-publish","5":"pwb-brand-as-pl","6":"product_cat-laturi","7":"desktop-align-left","8":"tablet-align-left","9":"mobile-align-left","11":"first","12":"instock","13":"product-type-external"},"brands":[{"id":347,"name":"AS-PL","slug":"as-pl"}],"_links":{"self":[{"href":"https:\/\/www.autonvaraosahaku.fi\/index.php?rest_route=\/wp\/v2\/product\/37931","targetHints":{"allow":["GET"]}}],"collection":[{"href":"https:\/\/www.autonvaraosahaku.fi\/index.php?rest_route=\/wp\/v2\/product"}],"about":[{"href":"https:\/\/www.autonvaraosahaku.fi\/index.php?rest_route=\/wp\/v2\/types\/product"}],"wp:attachment":[{"href":"https:\/\/www.autonvaraosahaku.fi\/index.php?rest_route=%2Fwp%2Fv2%2Fmedia&parent=37931"}],"wp:term":[{"taxonomy":"pwb-brand","embeddable":true,"href":"https:\/\/www.autonvaraosahaku.fi\/index.php?rest_route=%2Fwp%2Fv2%2Fpwb-brand&post=37931"},{"taxonomy":"product_cat","embeddable":true,"href":"https:\/\/www.autonvaraosahaku.fi\/index.php?rest_route=%2Fwp%2Fv2%2Fproduct_cat&post=37931"},{"taxonomy":"product_tag","embeddable":true,"href":"https:\/\/www.autonvaraosahaku.fi\/index.php?rest_route=%2Fwp%2Fv2%2Fproduct_tag&post=37931"}],"curies":[{"name":"wp","href":"https:\/\/api.w.org\/{rel}","templated":true}]}}