{"id":37948,"date":"2021-02-21T16:35:52","date_gmt":"2021-02-21T16:35:52","guid":{"rendered":"https:\/\/www.autonvaraosahaku.fi\/?product=kyb-910203-iskunvaimentimen-suojakumi-pohjaanlyontikumi"},"modified":"2021-02-21T16:35:54","modified_gmt":"2021-02-21T16:35:54","slug":"kyb-910203-iskunvaimentimen-suojakumi-pohjaanlyontikumi","status":"publish","type":"product","link":"https:\/\/www.autonvaraosahaku.fi\/?product=kyb-910203-iskunvaimentimen-suojakumi-pohjaanlyontikumi","title":{"rendered":"KYB 910203 Iskunvaimentimen suojakumi &#038; pohjaanly\u00f6ntikumi"},"content":{"rendered":"<p>Asennuspuoli: Etuakseli; Vaimenninkumin korkeus [mm]: 40; lis\u00e4tieto: Protection Kit; Alustarakenne: f\u00fcr Fahrzeuge ohne Sportfahrwerk; OPEL: CORSA D,ZAFIRA B A05,ASTRA H Caravan L35,ASTRA H L48,ASTRA H GTC L08,MERIVA B,ADAM,ASTRA H TwinTop L67,ZAFIRA B Van,ASTRA H Kasten L70,ASTRA CLASSIC L48; VAUXHALL: CORSA Mk III D L_8,ZAFIRA Mk II B M75,ASTRA Mk V H CC,ADAM,ASTRA Mk V H Estate,ASTRA Mk V H Convertible,CORSAVAN Mk III D,MERIVA Mk II B,ASTRAVAN Mk V H; 51755686, 55700767, 51755686, 55700767, 525447, 51755686, 55700767, 51755686, 55700767, 13189414, 344435, 344436, 344956, 525447, 51755686, 55700767, 9231099, 13189414, 344435, 344436, 344956; P\u00f6lysuojasarja, Iskunvaimennin<\/p>\n","protected":false},"excerpt":{"rendered":"<p>KYB Iskunvaimentimen Suojakumi 910203 P\u00f6lysuojasarja, Iskunvaimennin OPEL,VAUXHALL,CORSA D,ZAFIRA B A05,ASTRA H Caravan L35,ASTRA H L48<\/p>\n","protected":false},"featured_media":0,"template":"","meta":{"site-sidebar-layout":"default","site-content-layout":"default","ast-global-header-display":"","ast-main-header-display":"","ast-hfb-above-header-display":"","ast-hfb-below-header-display":"","ast-hfb-mobile-header-display":"","site-post-title":"","ast-breadcrumbs-content":"","ast-featured-img":"","footer-sml-layout":"","theme-transparent-header-meta":"","adv-header-id-meta":"","stick-header-meta":"","header-above-stick-meta":"","header-main-stick-meta":"","header-below-stick-meta":""},"pwb-brand":[226],"product_cat":[92],"product_tag":[],"class_list":{"0":"post-37948","1":"product","2":"type-product","3":"status-publish","5":"pwb-brand-kyb","6":"product_cat-iskunvaimentimen-suojakumi-pohjaanlyontikumi","7":"desktop-align-left","8":"tablet-align-left","9":"mobile-align-left","11":"first","12":"instock","13":"product-type-external"},"brands":[{"id":226,"name":"KYB","slug":"kyb"}],"_links":{"self":[{"href":"https:\/\/www.autonvaraosahaku.fi\/index.php?rest_route=\/wp\/v2\/product\/37948","targetHints":{"allow":["GET"]}}],"collection":[{"href":"https:\/\/www.autonvaraosahaku.fi\/index.php?rest_route=\/wp\/v2\/product"}],"about":[{"href":"https:\/\/www.autonvaraosahaku.fi\/index.php?rest_route=\/wp\/v2\/types\/product"}],"wp:attachment":[{"href":"https:\/\/www.autonvaraosahaku.fi\/index.php?rest_route=%2Fwp%2Fv2%2Fmedia&parent=37948"}],"wp:term":[{"taxonomy":"pwb-brand","embeddable":true,"href":"https:\/\/www.autonvaraosahaku.fi\/index.php?rest_route=%2Fwp%2Fv2%2Fpwb-brand&post=37948"},{"taxonomy":"product_cat","embeddable":true,"href":"https:\/\/www.autonvaraosahaku.fi\/index.php?rest_route=%2Fwp%2Fv2%2Fproduct_cat&post=37948"},{"taxonomy":"product_tag","embeddable":true,"href":"https:\/\/www.autonvaraosahaku.fi\/index.php?rest_route=%2Fwp%2Fv2%2Fproduct_tag&post=37948"}],"curies":[{"name":"wp","href":"https:\/\/api.w.org\/{rel}","templated":true}]}}