{"id":37956,"date":"2021-02-21T16:35:52","date_gmt":"2021-02-21T16:35:52","guid":{"rendered":"https:\/\/www.autonvaraosahaku.fi\/?product=topran-701-138-painelaakeri"},"modified":"2021-02-21T16:35:56","modified_gmt":"2021-02-21T16:35:56","slug":"topran-701-138-painelaakeri","status":"publish","type":"product","link":"https:\/\/www.autonvaraosahaku.fi\/?product=topran-701-138-painelaakeri","title":{"rendered":"TOPRAN 701 138 Painelaakeri"},"content":{"rendered":"<p>K\u00e4ytt\u00f6: Hydraulinen; RENAULT: SC\u00c9NIC II JM0\/1_,MEGANE II Kombi KM0\/1_,MEGANE II Coup\u00e9-Cabriolet EM0\/1_,MEGANE II BM0\/1_, CM0\/1_,GRAND SC\u00c9NIC II JM0\/1_,MEGANE II Stufenheck LM0\/1_; NISSAN: PRIMERA Kombi WP12,PRIMERA P12,PRIMERA Hatchback P12; 30620AE800, 306201683R, 8200243494, 8200341798, 8200723260, 8200764618, 8200805656, 8200842580; Kytkimen Laakeri<\/p>\n","protected":false},"excerpt":{"rendered":"<p>TOPRAN Painelaakeri 701 138 Kytkimen Laakeri RENAULT,NISSAN,SC\u00c9NIC II JM0\/1_,MEGANE II Kombi KM0\/1_,MEGANE II Coup\u00e9-Cabriolet EM0\/1_<\/p>\n","protected":false},"featured_media":0,"template":"","meta":{"site-sidebar-layout":"default","site-content-layout":"default","ast-global-header-display":"","ast-main-header-display":"","ast-hfb-above-header-display":"","ast-hfb-below-header-display":"","ast-hfb-mobile-header-display":"","site-post-title":"","ast-breadcrumbs-content":"","ast-featured-img":"","footer-sml-layout":"","theme-transparent-header-meta":"","adv-header-id-meta":"","stick-header-meta":"","header-above-stick-meta":"","header-main-stick-meta":"","header-below-stick-meta":""},"pwb-brand":[18],"product_cat":[223],"product_tag":[],"class_list":{"0":"post-37956","1":"product","2":"type-product","3":"status-publish","5":"pwb-brand-topran","6":"product_cat-painelaakeri","7":"desktop-align-left","8":"tablet-align-left","9":"mobile-align-left","11":"first","12":"instock","13":"product-type-external"},"brands":[{"id":18,"name":"TOPRAN","slug":"topran"}],"_links":{"self":[{"href":"https:\/\/www.autonvaraosahaku.fi\/index.php?rest_route=\/wp\/v2\/product\/37956","targetHints":{"allow":["GET"]}}],"collection":[{"href":"https:\/\/www.autonvaraosahaku.fi\/index.php?rest_route=\/wp\/v2\/product"}],"about":[{"href":"https:\/\/www.autonvaraosahaku.fi\/index.php?rest_route=\/wp\/v2\/types\/product"}],"wp:attachment":[{"href":"https:\/\/www.autonvaraosahaku.fi\/index.php?rest_route=%2Fwp%2Fv2%2Fmedia&parent=37956"}],"wp:term":[{"taxonomy":"pwb-brand","embeddable":true,"href":"https:\/\/www.autonvaraosahaku.fi\/index.php?rest_route=%2Fwp%2Fv2%2Fpwb-brand&post=37956"},{"taxonomy":"product_cat","embeddable":true,"href":"https:\/\/www.autonvaraosahaku.fi\/index.php?rest_route=%2Fwp%2Fv2%2Fproduct_cat&post=37956"},{"taxonomy":"product_tag","embeddable":true,"href":"https:\/\/www.autonvaraosahaku.fi\/index.php?rest_route=%2Fwp%2Fv2%2Fproduct_tag&post=37956"}],"curies":[{"name":"wp","href":"https:\/\/api.w.org\/{rel}","templated":true}]}}