{"id":37959,"date":"2021-02-21T16:35:57","date_gmt":"2021-02-21T16:35:57","guid":{"rendered":"https:\/\/www.autonvaraosahaku.fi\/?product=topran-503-132-muut-luokat"},"modified":"2021-02-21T16:35:58","modified_gmt":"2021-02-21T16:35:58","slug":"topran-503-132-muut-luokat","status":"publish","type":"product","link":"https:\/\/www.autonvaraosahaku.fi\/?product=topran-503-132-muut-luokat","title":{"rendered":"TOPRAN 503 132 Muut luokat"},"content":{"rendered":"<p>Kierremitta: M 10; Kierrenousu (mm): 1,5; Ruuvikanta\/mutteriprofiili: Torx, ulko; Huomioi ajoneuvovalmistajan vaatimukset: ; Kovuusluokka: 12.9; Avainv\u00e4li: E 12; Kokonaispituus (mm): 98; Pultti\/mutteri malli: Kartiolla; Tarvittava kappalem\u00e4\u00e4r\u00e4: 4; BMW: 3 E46,3 Touring E91,3 E90,5 E39,5 E60,5 Touring E61,3 Touring E46,X3 E83,5 Touring E39,3 Coupe E46,X5 E70,X5 E53,3 Coupe E92,3 Cabriolet E46,7 E38,3 Cabriolet E93,7 E65, E66, E67,X6 E71, E72,6 E63,6 Cabriolet E64; 11232247932, 2247932, LFH000060, LFH000060, LFH000060, LFH000060<\/p>\n","protected":false},"excerpt":{"rendered":"<p>TOPRAN Hihnapy\u00f6r\u00e4n Ruuvi 503 132  BMW,3 E46,3 Touring E91,3 E90,5 E39,5 E60,5 Touring E61,3 Touring E46,X3 E83,5 Touring E39,3 Coupe E46,X5 E70,X5 E53<\/p>\n","protected":false},"featured_media":0,"template":"","meta":{"site-sidebar-layout":"default","site-content-layout":"default","ast-global-header-display":"","ast-main-header-display":"","ast-hfb-above-header-display":"","ast-hfb-below-header-display":"","ast-hfb-mobile-header-display":"","site-post-title":"","ast-breadcrumbs-content":"","ast-featured-img":"","footer-sml-layout":"","theme-transparent-header-meta":"","adv-header-id-meta":"","stick-header-meta":"","header-above-stick-meta":"","header-main-stick-meta":"","header-below-stick-meta":""},"pwb-brand":[18],"product_cat":[37],"product_tag":[],"class_list":{"0":"post-37959","1":"product","2":"type-product","3":"status-publish","5":"pwb-brand-topran","6":"product_cat-muut-luokat","7":"desktop-align-left","8":"tablet-align-left","9":"mobile-align-left","11":"first","12":"instock","13":"product-type-external"},"brands":[{"id":18,"name":"TOPRAN","slug":"topran"}],"_links":{"self":[{"href":"https:\/\/www.autonvaraosahaku.fi\/index.php?rest_route=\/wp\/v2\/product\/37959","targetHints":{"allow":["GET"]}}],"collection":[{"href":"https:\/\/www.autonvaraosahaku.fi\/index.php?rest_route=\/wp\/v2\/product"}],"about":[{"href":"https:\/\/www.autonvaraosahaku.fi\/index.php?rest_route=\/wp\/v2\/types\/product"}],"wp:attachment":[{"href":"https:\/\/www.autonvaraosahaku.fi\/index.php?rest_route=%2Fwp%2Fv2%2Fmedia&parent=37959"}],"wp:term":[{"taxonomy":"pwb-brand","embeddable":true,"href":"https:\/\/www.autonvaraosahaku.fi\/index.php?rest_route=%2Fwp%2Fv2%2Fpwb-brand&post=37959"},{"taxonomy":"product_cat","embeddable":true,"href":"https:\/\/www.autonvaraosahaku.fi\/index.php?rest_route=%2Fwp%2Fv2%2Fproduct_cat&post=37959"},{"taxonomy":"product_tag","embeddable":true,"href":"https:\/\/www.autonvaraosahaku.fi\/index.php?rest_route=%2Fwp%2Fv2%2Fproduct_tag&post=37959"}],"curies":[{"name":"wp","href":"https:\/\/api.w.org\/{rel}","templated":true}]}}